{"id":150815,"date":"2016-11-12T00:19:33","date_gmt":"2016-11-11T23:19:33","guid":{"rendered":"https:\/\/sitz.ch\/produkt\/girsberger-sway-sieges-assis-debout\/"},"modified":"2025-02-26T19:51:25","modified_gmt":"2025-02-26T18:51:25","slug":"girsberger-sway-sieges-assis-debout","status":"publish","type":"product","link":"https:\/\/sitz.ch\/fr\/produit\/girsberger-sway-sieges-assis-debout\/","title":{"rendered":"Girsberger Sway Si\u00e8ges Assis-debout"},"content":{"rendered":"<p>La chaise assis-debout Sway n&rsquo;est pas seulement <strong>maniable<\/strong>, mais aussi <strong>l\u00e9g\u00e8re<\/strong> et <strong>peu encombrante<\/strong>. Avec un poids d&rsquo;environ 4 kg, elle peut \u00eatre emport\u00e9e partout et gr\u00e2ce \u00e0 son diam\u00e8tre de 27 cm, elle trouve toujours une place.<\/p>\n<p>La particularit\u00e9 de Sway r\u00e9side dans son <strong>pied mobile<\/strong>. Cela permet une assise en mouvement et saine de mani\u00e8re automatique. La base de Sway est recouverte d&rsquo;une membrane noire r\u00e9sistante \u00e0 l&rsquo;abrasion, semblable \u00e0 celle d&rsquo;une selle de moto. Le pied est compos\u00e9 d&rsquo;un tube de soutien en acier noir et d&rsquo;un tube coulissant chrom\u00e9 en aluminium l\u00e9ger.<\/p>\n<p>L&rsquo;assise confortablement rembourr\u00e9e est recouverte d&rsquo;un filet textile robuste, disponible en orange, vert, gris et noir. Le mat\u00e9riau est <strong>ais\u00e9 \u00e0 entretenir<\/strong> et peut \u00eatre nettoy\u00e9 facilement avec un chiffon humide. En plus du pied mobile et de l&rsquo;assise rotative, Sway est aussi r\u00e9glable en hauteur. Par incr\u00e9ments de 2,5 cm, l&rsquo;assise peut \u00eatre ajust\u00e9e de 66,5 \u00e0 91,5 cm. C&rsquo;est extr\u00eamement simple : descendez la manchette sur le tube de soutien, tirez Sway \u00e0 la longueur souhait\u00e9e puis rel\u00e2chez \u00e0 nouveau la manchette; elle remonte automatiquement et le tube coulissant s&rsquo;enclenche.<\/p>\n<p>&nbsp;<\/p>\n","protected":false},"excerpt":{"rendered":"<p>La chaise assis-debout Sway n&rsquo;est pas seulement maniable, mais aussi l\u00e9g\u00e8re et peu encombrante. Avec un poids d&rsquo;environ 4 kg, elle peut \u00eatre emport\u00e9e partout et gr\u00e2ce \u00e0 son diam\u00e8tre de 27 cm, elle trouve toujours une place. La particularit\u00e9 de Sway r\u00e9side dans son pied mobile. Cela permet une assise en mouvement et saine [&hellip;]<\/p>\n","protected":false},"featured_media":138524,"comment_status":"open","ping_status":"closed","template":"","meta":{"_acf_changed":false},"pwb-brand":[83],"product_brand":[],"product_cat":[288],"product_tag":[],"class_list":{"0":"post-150815","1":"product","2":"type-product","3":"status-publish","4":"has-post-thumbnail","6":"pwb-brand-girsberger","7":"product_cat-sieges-assis-debout-ergonomiques","8":"tm-has-options","10":"first","11":"onbackorder","12":"featured","13":"taxable","14":"shipping-taxable","15":"purchasable","16":"product-type-variable","17":"has-default-attributes"},"acf":[],"brands":[{"id":83,"name":"Girsberger","slug":"girsberger"}],"_links":{"self":[{"href":"https:\/\/sitz.ch\/fr\/wp-json\/wp\/v2\/product\/150815","targetHints":{"allow":["GET"]}}],"collection":[{"href":"https:\/\/sitz.ch\/fr\/wp-json\/wp\/v2\/product"}],"about":[{"href":"https:\/\/sitz.ch\/fr\/wp-json\/wp\/v2\/types\/product"}],"replies":[{"embeddable":true,"href":"https:\/\/sitz.ch\/fr\/wp-json\/wp\/v2\/comments?post=150815"}],"version-history":[{"count":0,"href":"https:\/\/sitz.ch\/fr\/wp-json\/wp\/v2\/product\/150815\/revisions"}],"wp:featuredmedia":[{"embeddable":true,"href":"https:\/\/sitz.ch\/fr\/wp-json\/wp\/v2\/media\/138524"}],"wp:attachment":[{"href":"https:\/\/sitz.ch\/fr\/wp-json\/wp\/v2\/media?parent=150815"}],"wp:term":[{"taxonomy":"pwb-brand","embeddable":true,"href":"https:\/\/sitz.ch\/fr\/wp-json\/wp\/v2\/pwb-brand?post=150815"},{"taxonomy":"product_brand","embeddable":true,"href":"https:\/\/sitz.ch\/fr\/wp-json\/wp\/v2\/product_brand?post=150815"},{"taxonomy":"product_cat","embeddable":true,"href":"https:\/\/sitz.ch\/fr\/wp-json\/wp\/v2\/product_cat?post=150815"},{"taxonomy":"product_tag","embeddable":true,"href":"https:\/\/sitz.ch\/fr\/wp-json\/wp\/v2\/product_tag?post=150815"}],"curies":[{"name":"wp","href":"https:\/\/api.w.org\/{rel}","templated":true}]}}