{"id":151696,"date":"2018-06-04T13:59:32","date_gmt":"2018-06-04T11:59:32","guid":{"rendered":"https:\/\/sitz.ch\/produkt\/hag-capisco-8107-appui-tete\/"},"modified":"2018-06-04T13:59:32","modified_gmt":"2018-06-04T11:59:32","slug":"hag-capisco-8107-appui-tete","status":"publish","type":"product","link":"https:\/\/sitz.ch\/fr\/produit\/hag-capisco-8107-appui-tete\/","title":{"rendered":"Hag Capisco 8107 Appui-t\u00eate"},"content":{"rendered":"<p><strong><span style=\"font-family: Arial;\">\u00c9quipement de s\u00e9rie du tabouret-selle :<\/span><\/strong><\/p>\n<ul>\n<li><span style=\"font-family: Arial;\">Dossier r\u00e9glable en hauteur <\/span><\/li>\n<li><span style=\"font-family: Arial;\">R\u00e9glage de la profondeur d&rsquo;assise <\/span><\/li>\n<li><span style=\"font-family: Arial;\">R\u00e9glage en continu de la hauteur d&rsquo;assise de 51 \u00e0 69 cm <\/span><\/li>\n<li><span style=\"font-family: Arial;\">M\u00e9canisme de bascule avec r\u00e9sistance \u00e0 l&rsquo;inclinaison avant et arri\u00e8re, r\u00e9glable et verrouillable, ajustable en fonction du poids du corps<\/span><\/li>\n<li><span style=\"font-family: Arial;\">Base en aluminium de 70 cm avec repose-pieds<\/span><\/li>\n<li><span style=\"font-family: Arial;\">Roulettes noires, souples de 5 cm <\/span><\/li>\n<li><span style=\"font-family: Arial;\">Garantie 10 ans<\/span><\/li>\n<\/ul>\n<p>\u00e0 l&rsquo;exception du cuir et des mati\u00e8res synth\u00e9tiques noires avec structure inf\u00e9rieure noire, toutes les housses et couleurs sont disponibles sur commande (environ 4 \u00e0 6 semaines)<\/p>\n","protected":false},"excerpt":{"rendered":"<p>\u00c9quipement de s\u00e9rie du tabouret-selle : Dossier r\u00e9glable en hauteur R\u00e9glage de la profondeur d&rsquo;assise R\u00e9glage en continu de la hauteur d&rsquo;assise de 51 \u00e0 69 cm M\u00e9canisme de bascule avec r\u00e9sistance \u00e0 l&rsquo;inclinaison avant et arri\u00e8re, r\u00e9glable et verrouillable, ajustable en fonction du poids du corps Base en aluminium de 70 cm avec repose-pieds [&hellip;]<\/p>\n","protected":false},"featured_media":141044,"comment_status":"open","ping_status":"closed","template":"","meta":{"_acf_changed":false},"pwb-brand":[79],"product_brand":[],"product_cat":[190,204],"product_tag":[],"class_list":{"0":"post-151696","1":"product","2":"type-product","3":"status-publish","4":"has-post-thumbnail","6":"pwb-brand-hag","7":"product_cat-chaises-de-bureau","8":"product_cat-tabourets-de-selle","9":"tm-has-options","11":"first","12":"instock","13":"sale","14":"taxable","15":"shipping-taxable","16":"purchasable","17":"product-type-variable","18":"has-default-attributes"},"acf":[],"brands":[{"id":79,"name":"Hag","slug":"hag"}],"_links":{"self":[{"href":"https:\/\/sitz.ch\/fr\/wp-json\/wp\/v2\/product\/151696","targetHints":{"allow":["GET"]}}],"collection":[{"href":"https:\/\/sitz.ch\/fr\/wp-json\/wp\/v2\/product"}],"about":[{"href":"https:\/\/sitz.ch\/fr\/wp-json\/wp\/v2\/types\/product"}],"replies":[{"embeddable":true,"href":"https:\/\/sitz.ch\/fr\/wp-json\/wp\/v2\/comments?post=151696"}],"version-history":[{"count":0,"href":"https:\/\/sitz.ch\/fr\/wp-json\/wp\/v2\/product\/151696\/revisions"}],"wp:featuredmedia":[{"embeddable":true,"href":"https:\/\/sitz.ch\/fr\/wp-json\/wp\/v2\/media\/141044"}],"wp:attachment":[{"href":"https:\/\/sitz.ch\/fr\/wp-json\/wp\/v2\/media?parent=151696"}],"wp:term":[{"taxonomy":"pwb-brand","embeddable":true,"href":"https:\/\/sitz.ch\/fr\/wp-json\/wp\/v2\/pwb-brand?post=151696"},{"taxonomy":"product_brand","embeddable":true,"href":"https:\/\/sitz.ch\/fr\/wp-json\/wp\/v2\/product_brand?post=151696"},{"taxonomy":"product_cat","embeddable":true,"href":"https:\/\/sitz.ch\/fr\/wp-json\/wp\/v2\/product_cat?post=151696"},{"taxonomy":"product_tag","embeddable":true,"href":"https:\/\/sitz.ch\/fr\/wp-json\/wp\/v2\/product_tag?post=151696"}],"curies":[{"name":"wp","href":"https:\/\/api.w.org\/{rel}","templated":true}]}}