{"id":151721,"date":"2016-11-12T00:18:26","date_gmt":"2016-11-11T23:18:26","guid":{"rendered":"https:\/\/sitz.ch\/produkt\/hag-capisco-puls-8010\/"},"modified":"2016-11-12T00:18:26","modified_gmt":"2016-11-11T23:18:26","slug":"hag-capisco-puls-8010","status":"publish","type":"product","link":"https:\/\/sitz.ch\/fr\/produit\/hag-capisco-puls-8010\/","title":{"rendered":"Hag Capisco Puls 8010"},"content":{"rendered":"<p><span style=\"font-family: Arial;\">\u00c9quipement de s\u00e9rie du HAG Capisco Puls Sattelstuhl :<\/span><\/p>\n<ul>\n<li><span style=\"font-family: Verdana;\">Le si\u00e8ge et le dossier sont disponibles en 8 couleurs de plastique diff\u00e9rentes (gris-beige, rose, vert clair, p\u00e9trole, noir, gris clair, rouge, blanc)<\/span><\/li>\n<li><span style=\"font-family: Verdana;\">Structure disponible en 3 couleurs : noir, argent et blanc<\/span><\/li>\n<li><span style=\"font-family: Verdana;\">Surface d&rsquo;assise avec petit coussin inclus<\/span><\/li>\n<li><span style=\"font-family: Verdana;\">Dossier r\u00e9glable en hauteur<\/span><\/li>\n<li><span style=\"font-family: Verdana;\">R\u00e9glage de la profondeur du si\u00e8ge<\/span><\/li>\n<li><span style=\"font-family: Verdana;\">R\u00e9glage de la hauteur du si\u00e8ge avec 3 v\u00e9rins \u00e0 gaz diff\u00e9rents au choix : bas, moyen, haut<\/span><\/li>\n<li><span style=\"font-family: Verdana;\">M\u00e9canisme de basculement avec r\u00e9sistance r\u00e9glable vers l&rsquo;avant et l&rsquo;arri\u00e8re, verrouillable et ajustable au poids du corps<\/span><\/li>\n<li><span style=\"font-family: Verdana;\">Base en aluminium de 70 cm avec repose-pieds<\/span><\/li>\n<li><span style=\"font-family: Verdana;\">Roulettes noires, 5 cm<\/span><\/li>\n<\/ul>\n<table style=\"height: 78px;\" border=\"0\" width=\"190\" cellspacing=\"1\" cellpadding=\"1\">\n<tbody>\n<tr>\n<td colspan=\"2\">D\u00e9lai de livraison (4-6 sem.).<\/td>\n<\/tr>\n<\/tbody>\n<\/table>\n<p>&nbsp;<\/p>\n","protected":false},"excerpt":{"rendered":"<p>\u00c9quipement de s\u00e9rie du HAG Capisco Puls Sattelstuhl : Le si\u00e8ge et le dossier sont disponibles en 8 couleurs de plastique diff\u00e9rentes (gris-beige, rose, vert clair, p\u00e9trole, noir, gris clair, rouge, blanc) Structure disponible en 3 couleurs : noir, argent et blanc Surface d&rsquo;assise avec petit coussin inclus Dossier r\u00e9glable en hauteur R\u00e9glage de la [&hellip;]<\/p>\n","protected":false},"featured_media":138401,"comment_status":"open","ping_status":"closed","template":"","meta":{"_acf_changed":false},"pwb-brand":[79],"product_brand":[],"product_cat":[190,265,207,204],"product_tag":[],"class_list":{"0":"post-151721","1":"product","2":"type-product","3":"status-publish","4":"has-post-thumbnail","6":"pwb-brand-hag","7":"product_cat-chaises-de-bureau","8":"product_cat-chaises-pour-salles-blanches-medicales","9":"product_cat-sieges-ergonomiques-specifiques","10":"product_cat-tabourets-de-selle","11":"tm-has-options","13":"first","14":"instock","15":"taxable","16":"shipping-taxable","17":"purchasable","18":"product-type-variable","19":"has-default-attributes"},"acf":[],"brands":[{"id":79,"name":"Hag","slug":"hag"}],"_links":{"self":[{"href":"https:\/\/sitz.ch\/fr\/wp-json\/wp\/v2\/product\/151721","targetHints":{"allow":["GET"]}}],"collection":[{"href":"https:\/\/sitz.ch\/fr\/wp-json\/wp\/v2\/product"}],"about":[{"href":"https:\/\/sitz.ch\/fr\/wp-json\/wp\/v2\/types\/product"}],"replies":[{"embeddable":true,"href":"https:\/\/sitz.ch\/fr\/wp-json\/wp\/v2\/comments?post=151721"}],"version-history":[{"count":0,"href":"https:\/\/sitz.ch\/fr\/wp-json\/wp\/v2\/product\/151721\/revisions"}],"wp:featuredmedia":[{"embeddable":true,"href":"https:\/\/sitz.ch\/fr\/wp-json\/wp\/v2\/media\/138401"}],"wp:attachment":[{"href":"https:\/\/sitz.ch\/fr\/wp-json\/wp\/v2\/media?parent=151721"}],"wp:term":[{"taxonomy":"pwb-brand","embeddable":true,"href":"https:\/\/sitz.ch\/fr\/wp-json\/wp\/v2\/pwb-brand?post=151721"},{"taxonomy":"product_brand","embeddable":true,"href":"https:\/\/sitz.ch\/fr\/wp-json\/wp\/v2\/product_brand?post=151721"},{"taxonomy":"product_cat","embeddable":true,"href":"https:\/\/sitz.ch\/fr\/wp-json\/wp\/v2\/product_cat?post=151721"},{"taxonomy":"product_tag","embeddable":true,"href":"https:\/\/sitz.ch\/fr\/wp-json\/wp\/v2\/product_tag?post=151721"}],"curies":[{"name":"wp","href":"https:\/\/api.w.org\/{rel}","templated":true}]}}