{"id":151770,"date":"2016-11-12T00:18:49","date_gmt":"2016-11-11T23:18:49","guid":{"rendered":"https:\/\/sitz.ch\/produkt\/haider-bioswing-360-iq-appui-tete\/"},"modified":"2025-05-29T10:48:43","modified_gmt":"2025-05-29T08:48:43","slug":"haider-bioswing-360-iq-appui-tete","status":"publish","type":"product","link":"https:\/\/sitz.ch\/fr\/produit\/haider-bioswing-360-iq-appui-tete\/","title":{"rendered":"Haider Bioswing 360 iQ Appui-t\u00eate"},"content":{"rendered":"<div style=\"line-height: normal;\">\n<p>\u00a0<strong>VOS AVANTAGES<\/strong><\/p>\n<ul>\n<li>Le syst\u00e8me d&rsquo;assise BIOSWING\u00ae active les muscles, optimise le contr\u00f4le des postures et des mouvements \u2013 votre r\u00e9gion dorsale et pelvienne, y compris les disques intervert\u00e9braux, sont lib\u00e9r\u00e9es de la pression et de la rigidit\u00e9.<\/li>\n<li>Votre corps s&rsquo;entra\u00eene d\u00e8s que vous vous asseyez \u2013 de mani\u00e8re totalement automatique, sans avoir \u00e0 y penser.<\/li>\n<li>Vous ressentez une sensation de d\u00e9tente corporelle et am\u00e9liorez votre concentration et vos performances.<\/li>\n<li>Vous b\u00e9n\u00e9ficiez de 5 ans de garantie sur le syst\u00e8me d&rsquo;assise BIOSWING\u00ae<br \/>\net de 2 ans de garantie sur les v\u00e9rins \u00e0 gaz, roulettes et accoudoirs<br \/>\n<strong><br \/>\nEquipement standard Bioswing 360iQ Synchron avec appui-t\u00eate :<\/strong><\/p>\n<ul>\n<li>Syst\u00e8me d&rsquo;assise en couleur noire<\/li>\n<li>TrainBackMatic avec synchronisation automatique de l&rsquo;assise et du dossier<\/li>\n<li>Hauteur du dossier 60cm<\/li>\n<li>Appui-t\u00eate r\u00e9glable en hauteur, inclinable<\/li>\n<li>Accoudoirs r\u00e9glables en hauteur 1F<\/li>\n<li>Soutien lombaire avec galbe r\u00e9glable de mani\u00e8re continue dans le dossier<\/li>\n<li>R\u00e9glage de l&rsquo;inclinaison de l&rsquo;assise sans paliers gr\u00e2ce au v\u00e9rin \u00e0 gaz<\/li>\n<li>R\u00e9glage de la profondeur d&rsquo;assise par glissi\u00e8re<\/li>\n<li>R\u00e9glage de la hauteur d&rsquo;assise par v\u00e9rin \u00e0 gaz de 42 \u00e0 55 cm<\/li>\n<li>\u00c9toile de base 65 cm en plastique noir \/ roulettes souples noires<\/li>\n<li>Rev\u00eatement en tissu noir<\/li>\n<\/ul>\n<\/li>\n<\/ul>\n<\/div>\n<p>&nbsp;<\/p>\n","protected":false},"excerpt":{"rendered":"<p>La chaise de bureau ergonomique Haider Bioswing 360 iQ se distingue par son m\u00e9canisme de si\u00e8ge 3D unique au monde pour une assise dynamique et saine. La technologie brevet\u00e9e TrainBackMatic synchronise automatiquement l&rsquo;assise et le dossier. Adaptable individuellement gr\u00e2ce \u00e0 l&rsquo;appui-t\u00eate r\u00e9glable en continu, au support lombaire, \u00e0 l&rsquo;inclinaison du si\u00e8ge, \u00e0 la hauteur d&rsquo;assise, \u00e0 la profondeur d&rsquo;assise, \u00e0 la hauteur du dossier et aux accoudoirs 1F. Le rev\u00eatement Xtreme en polyester 100 % recycl\u00e9 offre un confort durable. La base robuste en plastique de 65 cm avec roulettes fluides assure une mobilit\u00e9 maximale. Garantie de 5 ans sur le m\u00e9canisme de si\u00e8ge.<\/p>\n","protected":false},"featured_media":140033,"comment_status":"open","ping_status":"closed","template":"","meta":{"_acf_changed":false},"pwb-brand":[80],"product_brand":[],"product_cat":[190,195],"product_tag":[],"class_list":{"0":"post-151770","1":"product","2":"type-product","3":"status-publish","4":"has-post-thumbnail","6":"pwb-brand-haider-bioswing","7":"product_cat-chaises-de-bureau","8":"product_cat-chaises-de-bureau-principe-du-pendule","9":"pa_bezug-tissu-xtreme-noir","10":"tm-has-options","12":"first","13":"instock","14":"sale","15":"featured","16":"taxable","17":"shipping-taxable","18":"purchasable","19":"product-type-variable","20":"has-default-attributes"},"acf":[],"brands":[{"id":80,"name":"Haider Bioswing","slug":"haider-bioswing"}],"_links":{"self":[{"href":"https:\/\/sitz.ch\/fr\/wp-json\/wp\/v2\/product\/151770","targetHints":{"allow":["GET"]}}],"collection":[{"href":"https:\/\/sitz.ch\/fr\/wp-json\/wp\/v2\/product"}],"about":[{"href":"https:\/\/sitz.ch\/fr\/wp-json\/wp\/v2\/types\/product"}],"replies":[{"embeddable":true,"href":"https:\/\/sitz.ch\/fr\/wp-json\/wp\/v2\/comments?post=151770"}],"version-history":[{"count":1,"href":"https:\/\/sitz.ch\/fr\/wp-json\/wp\/v2\/product\/151770\/revisions"}],"predecessor-version":[{"id":155288,"href":"https:\/\/sitz.ch\/fr\/wp-json\/wp\/v2\/product\/151770\/revisions\/155288"}],"wp:featuredmedia":[{"embeddable":true,"href":"https:\/\/sitz.ch\/fr\/wp-json\/wp\/v2\/media\/140033"}],"wp:attachment":[{"href":"https:\/\/sitz.ch\/fr\/wp-json\/wp\/v2\/media?parent=151770"}],"wp:term":[{"taxonomy":"pwb-brand","embeddable":true,"href":"https:\/\/sitz.ch\/fr\/wp-json\/wp\/v2\/pwb-brand?post=151770"},{"taxonomy":"product_brand","embeddable":true,"href":"https:\/\/sitz.ch\/fr\/wp-json\/wp\/v2\/product_brand?post=151770"},{"taxonomy":"product_cat","embeddable":true,"href":"https:\/\/sitz.ch\/fr\/wp-json\/wp\/v2\/product_cat?post=151770"},{"taxonomy":"product_tag","embeddable":true,"href":"https:\/\/sitz.ch\/fr\/wp-json\/wp\/v2\/product_tag?post=151770"}],"curies":[{"name":"wp","href":"https:\/\/api.w.org\/{rel}","templated":true}]}}