{"id":151776,"date":"2016-11-12T00:06:39","date_gmt":"2016-11-11T23:06:39","guid":{"rendered":"https:\/\/sitz.ch\/produkt\/haider-bioswing-560-iq-detensor\/"},"modified":"2025-05-29T10:49:20","modified_gmt":"2025-05-29T08:49:20","slug":"haider-bioswing-560-iq-detensor","status":"publish","type":"product","link":"https:\/\/sitz.ch\/fr\/produit\/haider-bioswing-560-iq-detensor\/","title":{"rendered":"Haider Bioswing 560 iQ Detensor"},"content":{"rendered":"<p><strong>Vos Avantages<br \/>\n<\/strong><\/p>\n<ul>\n<li>Le syst\u00e8me d&rsquo;assise BIOSWING\u00ae active la musculature, optimise le contr\u00f4le des postures et des mouvements \u2013 votre r\u00e9gion dorsale et pelvienne, y compris les disques intervert\u00e9braux, sont lib\u00e9r\u00e9s de la pression et de la rigidit\u00e9.<\/li>\n<li>Votre corps s&rsquo;entra\u00eene d\u00e8s que vous vous asseyez \u2013 automatiquement, sans m\u00eame y penser.<\/li>\n<li>Vous ressentez une sensation corporelle d\u00e9tendue et am\u00e9liorez votre concentration et votre capacit\u00e9 de performance.<\/li>\n<li>Vous b\u00e9n\u00e9ficiez de 5 ans de garantie sur le m\u00e9canisme BIOSWING\u00ae<br \/>\net de 2 ans de garantie sur les v\u00e9rins \u00e0 gaz, les roulettes et les accoudoirs.<\/li>\n<\/ul>\n<p><strong>\u00c9quipement de s\u00e9rie Bioswing 560 S Detensor :<\/strong><\/p>\n<ul>\n<li>M\u00e9canisme en noir \/ chrom\u00e9<\/li>\n<li>TrainBackMatic avec synchronisation automatique du si\u00e8ge et du dossier, y compris ajustement de la pression dorsale de 50 \u00e0 150 kg<\/li>\n<li>Dossier inclinable avec contact permanent et r\u00e9glage en continu (hauteur du dossier 60 cm)<\/li>\n<li>Lames Detensor dans le rembourrage du si\u00e8ge et du dossier<\/li>\n<li>Appui-t\u00eate r\u00e9glable en inclinaison et en hauteur<\/li>\n<li>Soutien lombaire avec courbure r\u00e9glable en continu et hauteur dans le rembourrage du dossier<\/li>\n<li>Accoudoirs rembourr\u00e9s en cuir noir, r\u00e9glables en hauteur avec r\u00e9glage de largeur<\/li>\n<li>Ajustement de l&rsquo;inclinaison du si\u00e8ge avec contact permanent et r\u00e9glage continu<\/li>\n<li>Ajustement de la profondeur du si\u00e8ge de 46 \u00e0 52 cm<\/li>\n<li>Ajustement de la hauteur du si\u00e8ge en continu de 42 \u00e0 52 cm \/ GF 1<\/li>\n<li>Base en aluminium poli, 65 cm<\/li>\n<li>Roues chrom\u00e9es souples<\/li>\n<li>Rev\u00eatement : Rembourrage en microfibre (lames uniquement en microfibre noire) Rev\u00eatement de rembourrage en cuir v\u00e9ritable noir<\/li>\n<li>Parfait pour les personnes grandes ou corpulentes<\/li>\n<\/ul>\n<p>D&rsquo;autres couleurs et rev\u00eatements sont disponibles sur commande.<br \/>\nVeuillez nous contacter si vous souhaitez une autre finition.<\/p>\n","protected":false},"excerpt":{"rendered":"<p>Vos Avantages Le syst\u00e8me d&rsquo;assise BIOSWING\u00ae active la musculature, optimise le contr\u00f4le des postures et des mouvements \u2013 votre r\u00e9gion dorsale et pelvienne, y compris les disques intervert\u00e9braux, sont lib\u00e9r\u00e9s de la pression et de la rigidit\u00e9. Votre corps s&rsquo;entra\u00eene d\u00e8s que vous vous asseyez \u2013 automatiquement, sans m\u00eame y penser. Vous ressentez une sensation [&hellip;]<\/p>\n","protected":false},"featured_media":138092,"comment_status":"open","ping_status":"closed","template":"","meta":{"_acf_changed":false},"pwb-brand":[80],"product_brand":[],"product_cat":[190,195],"product_tag":[],"class_list":{"0":"post-151776","1":"product","2":"type-product","3":"status-publish","4":"has-post-thumbnail","6":"pwb-brand-haider-bioswing","7":"product_cat-chaises-de-bureau","8":"product_cat-chaises-de-bureau-principe-du-pendule","9":"pa_bezug-cuir-veritable-noir-m180","10":"tm-has-options","12":"first","13":"instock","14":"sale","15":"featured","16":"taxable","17":"shipping-taxable","18":"purchasable","19":"product-type-variable","20":"has-default-attributes"},"acf":[],"brands":[{"id":80,"name":"Haider Bioswing","slug":"haider-bioswing"}],"_links":{"self":[{"href":"https:\/\/sitz.ch\/fr\/wp-json\/wp\/v2\/product\/151776","targetHints":{"allow":["GET"]}}],"collection":[{"href":"https:\/\/sitz.ch\/fr\/wp-json\/wp\/v2\/product"}],"about":[{"href":"https:\/\/sitz.ch\/fr\/wp-json\/wp\/v2\/types\/product"}],"replies":[{"embeddable":true,"href":"https:\/\/sitz.ch\/fr\/wp-json\/wp\/v2\/comments?post=151776"}],"version-history":[{"count":1,"href":"https:\/\/sitz.ch\/fr\/wp-json\/wp\/v2\/product\/151776\/revisions"}],"predecessor-version":[{"id":155291,"href":"https:\/\/sitz.ch\/fr\/wp-json\/wp\/v2\/product\/151776\/revisions\/155291"}],"wp:featuredmedia":[{"embeddable":true,"href":"https:\/\/sitz.ch\/fr\/wp-json\/wp\/v2\/media\/138092"}],"wp:attachment":[{"href":"https:\/\/sitz.ch\/fr\/wp-json\/wp\/v2\/media?parent=151776"}],"wp:term":[{"taxonomy":"pwb-brand","embeddable":true,"href":"https:\/\/sitz.ch\/fr\/wp-json\/wp\/v2\/pwb-brand?post=151776"},{"taxonomy":"product_brand","embeddable":true,"href":"https:\/\/sitz.ch\/fr\/wp-json\/wp\/v2\/product_brand?post=151776"},{"taxonomy":"product_cat","embeddable":true,"href":"https:\/\/sitz.ch\/fr\/wp-json\/wp\/v2\/product_cat?post=151776"},{"taxonomy":"product_tag","embeddable":true,"href":"https:\/\/sitz.ch\/fr\/wp-json\/wp\/v2\/product_tag?post=151776"}],"curies":[{"name":"wp","href":"https:\/\/api.w.org\/{rel}","templated":true}]}}