{"id":151778,"date":"2016-11-11T23:29:07","date_gmt":"2016-11-11T22:29:07","guid":{"rendered":"https:\/\/sitz.ch\/produkt\/haider-bioswing-560-iq-cuir\/"},"modified":"2025-05-29T10:50:04","modified_gmt":"2025-05-29T08:50:04","slug":"haider-bioswing-560-iq-cuir","status":"publish","type":"product","link":"https:\/\/sitz.ch\/fr\/produit\/haider-bioswing-560-iq-cuir\/","title":{"rendered":"Haider Bioswing 560 iQ Cuir"},"content":{"rendered":"<p><strong>VOS AVANTAGES<\/strong><\/p>\n<ul>\n<li>Le syst\u00e8me de si\u00e8ge BIOSWING\u00ae active les muscles, optimise le contr\u00f4le des postures et des mouvements \u2013 votre r\u00e9gion du dos et du bassin, y compris les disques intervert\u00e9braux, sont lib\u00e9r\u00e9s de la pression et de la rigidit\u00e9.<\/li>\n<li>Vous entra\u00eenez votre corps d\u00e8s que vous vous asseyez \u2013 de mani\u00e8re totalement automatique, sans y penser.<\/li>\n<li>Vous ressentez une sensation corporelle d\u00e9tendue et augmentez votre concentration et votre performance.<\/li>\n<li>Vous b\u00e9n\u00e9ficiez de 5 ans de garantie sur le syst\u00e8me de si\u00e8ge BIOSWING\u00ae<br \/> et de 2 ans de garantie sur les v\u00e9rins \u00e0 gaz, les roulettes et les accoudoirs.<\/li>\n<\/ul>\n<div class=\"item_desc2\">\n<p><strong>\u00c9quipement de s\u00e9rie Bioswing 560iQ S Cuir :<\/strong><\/p>\n<ul>\n<li>Syst\u00e8me de si\u00e8ge de couleur noire \/ chrome<\/li>\n<li>TrainBackMatic avec synchronisation automatique du si\u00e8ge et du dossier, y compris r\u00e9glage de la r\u00e9sistance du dossier de 50 \u00e0 150 kg<\/li>\n<li>Dossier r\u00e9glable en hauteur et en inclinaison avec contact permanent et r\u00e9glable en continu (hauteur du dossier 80 cm)<\/li>\n<li>Appuie-t\u00eate r\u00e9glable en inclinaison et en hauteur<\/li>\n<li>Support lombaire avec r\u00e9glage continu de la courbure dans le rembourrage du dos<\/li>\n<li>Accoudoirs rembourr\u00e9s, r\u00e9glables en hauteur avec r\u00e9gulation de la largeur<\/li>\n<li>R\u00e9glage de l&rsquo;inclinaison du si\u00e8ge avec contact permanent et r\u00e9glable en continu<\/li>\n<li>R\u00e9glage de la profondeur du si\u00e8ge de 46 \u00e0 52 cm<\/li>\n<li>R\u00e9glage de la hauteur du si\u00e8ge en continu de 42 \u00e0 52 cm \/ GF1<\/li>\n<li>Croix de pied en aluminium poli, 65 cm<\/li>\n<li>Roues en chrome souple<\/li>\n<li>Rev\u00eatement : Cuir noir avec rembourrage Trendline<\/li>\n<\/ul>\n<\/div>\n<p>D&rsquo;autres couleurs et rev\u00eatements sont disponibles sur commande.<br \/> Veuillez nous contacter si vous souhaitez une autre version.<\/p>\n","protected":false},"excerpt":{"rendered":"<p>VOS AVANTAGES Le syst\u00e8me de si\u00e8ge BIOSWING\u00ae active les muscles, optimise le contr\u00f4le des postures et des mouvements \u2013 votre r\u00e9gion du dos et du bassin, y compris les disques intervert\u00e9braux, sont lib\u00e9r\u00e9s de la pression et de la rigidit\u00e9. Vous entra\u00eenez votre corps d\u00e8s que vous vous asseyez \u2013 de mani\u00e8re totalement automatique, sans [&hellip;]<\/p>\n","protected":false},"featured_media":156809,"comment_status":"open","ping_status":"closed","template":"","meta":{"_acf_changed":false},"pwb-brand":[80],"product_brand":[],"product_cat":[190,195],"product_tag":[],"class_list":{"0":"post-151778","1":"product","2":"type-product","3":"status-publish","4":"has-post-thumbnail","6":"pwb-brand-haider-bioswing","7":"product_cat-chaises-de-bureau","8":"product_cat-chaises-de-bureau-principe-du-pendule","9":"pa_bezug-cuir-veritable-noir-m180","10":"tm-has-options","12":"first","13":"instock","14":"sale","15":"featured","16":"taxable","17":"shipping-taxable","18":"purchasable","19":"product-type-variable","20":"has-default-attributes"},"acf":[],"brands":[{"id":80,"name":"Haider Bioswing","slug":"haider-bioswing"}],"_links":{"self":[{"href":"https:\/\/sitz.ch\/fr\/wp-json\/wp\/v2\/product\/151778","targetHints":{"allow":["GET"]}}],"collection":[{"href":"https:\/\/sitz.ch\/fr\/wp-json\/wp\/v2\/product"}],"about":[{"href":"https:\/\/sitz.ch\/fr\/wp-json\/wp\/v2\/types\/product"}],"replies":[{"embeddable":true,"href":"https:\/\/sitz.ch\/fr\/wp-json\/wp\/v2\/comments?post=151778"}],"version-history":[{"count":1,"href":"https:\/\/sitz.ch\/fr\/wp-json\/wp\/v2\/product\/151778\/revisions"}],"predecessor-version":[{"id":155298,"href":"https:\/\/sitz.ch\/fr\/wp-json\/wp\/v2\/product\/151778\/revisions\/155298"}],"wp:featuredmedia":[{"embeddable":true,"href":"https:\/\/sitz.ch\/fr\/wp-json\/wp\/v2\/media\/156809"}],"wp:attachment":[{"href":"https:\/\/sitz.ch\/fr\/wp-json\/wp\/v2\/media?parent=151778"}],"wp:term":[{"taxonomy":"pwb-brand","embeddable":true,"href":"https:\/\/sitz.ch\/fr\/wp-json\/wp\/v2\/pwb-brand?post=151778"},{"taxonomy":"product_brand","embeddable":true,"href":"https:\/\/sitz.ch\/fr\/wp-json\/wp\/v2\/product_brand?post=151778"},{"taxonomy":"product_cat","embeddable":true,"href":"https:\/\/sitz.ch\/fr\/wp-json\/wp\/v2\/product_cat?post=151778"},{"taxonomy":"product_tag","embeddable":true,"href":"https:\/\/sitz.ch\/fr\/wp-json\/wp\/v2\/product_tag?post=151778"}],"curies":[{"name":"wp","href":"https:\/\/api.w.org\/{rel}","templated":true}]}}