{"id":151780,"date":"2016-11-11T23:29:04","date_gmt":"2016-11-11T22:29:04","guid":{"rendered":"https:\/\/sitz.ch\/produkt\/haider-bioswing-560-iq-tissu\/"},"modified":"2025-05-29T10:50:00","modified_gmt":"2025-05-29T08:50:00","slug":"haider-bioswing-560-iq-tissu","status":"publish","type":"product","link":"https:\/\/sitz.ch\/fr\/produit\/haider-bioswing-560-iq-tissu\/","title":{"rendered":"Haider Bioswing 560 iQ Tissu"},"content":{"rendered":"<p><strong>VOS AVANTAGES<\/strong><\/p>\n<ul>\n<li>Le syst\u00e8me d&rsquo;assise BIOSWING\u00ae active vos muscles, optimise le contr\u00f4le de vos postures et mouvements \u2013 votre r\u00e9gion dorsale et pelvienne, y compris les disques intervert\u00e9braux, est lib\u00e9r\u00e9e de la pression et de la rigidit\u00e9.<\/li>\n<li>Vous entra\u00eenez votre corps d\u00e8s que vous vous asseyez \u2013 de mani\u00e8re totalement automatique, sans y penser.<\/li>\n<li>Vous ressentez une relaxation corporelle et am\u00e9liorez votre capacit\u00e9 de concentration et de performance.<\/li>\n<li>Vous b\u00e9n\u00e9ficiez de 5 ans de garantie sur le syst\u00e8me d&rsquo;assise BIOSWING\u00ae <br \/> et de 2 ans de garantie sur les v\u00e9rins \u00e0 gaz, les roulettes et les accoudoirs<\/li>\n<\/ul>\n<div class=\"item_desc\">\n<div class=\"item_desc2\">\n<p><strong>\u00c9quipement standard Bioswing 560iQ S :<\/strong><\/p>\n<ul>\n<li>Syst\u00e8me d&rsquo;assise couleur chrome<\/li>\n<li>TrainBackMatic avec synchronisation automatique du si\u00e8ge et du dossier, y compris r\u00e9glage de la pression du dossier de 50 \u00e0 150 kg<\/li>\n<li>Dossier r\u00e9glable en hauteur et en inclinaison avec contact permanent et r\u00e9glage continu (hauteur du dossier 60 cm)<\/li>\n<li>Appui-t\u00eate 3-D : r\u00e9glable en inclinaison, angle et hauteur<\/li>\n<li>Support lombaire avec bombage r\u00e9glable en continu dans le coussin dorsal<\/li>\n<li>Accoudoirs r\u00e9glables en hauteur avec r\u00e9glage de la largeur<\/li>\n<li>R\u00e9glage de l&rsquo;inclinaison du si\u00e8ge avec contact permanent et r\u00e9glage continu<\/li>\n<li>R\u00e9glage de la profondeur du si\u00e8ge de 46 \u00e0 52 cm<\/li>\n<li>R\u00e9glage en hauteur du si\u00e8ge en continu de 42 \u00e0 52 cm \/ GF1<\/li>\n<li>Croix de pied en aluminium poli, 65 cm<\/li>\n<li>Roues chrom\u00e9es<\/li>\n<li>Rev\u00eatement : tissu Step (Polyester) noir<\/li>\n<\/ul>\n<\/div>\n<\/div>\n<p>D&rsquo;autres couleurs et rev\u00eatements sont disponibles sur commande.<br \/> Veuillez nous contacter si vous souhaitez une autre version.<\/p>\n","protected":false},"excerpt":{"rendered":"<p>VOS AVANTAGES Le syst\u00e8me d&rsquo;assise BIOSWING\u00ae active vos muscles, optimise le contr\u00f4le de vos postures et mouvements \u2013 votre r\u00e9gion dorsale et pelvienne, y compris les disques intervert\u00e9braux, est lib\u00e9r\u00e9e de la pression et de la rigidit\u00e9. Vous entra\u00eenez votre corps d\u00e8s que vous vous asseyez \u2013 de mani\u00e8re totalement automatique, sans y penser. Vous [&hellip;]<\/p>\n","protected":false},"featured_media":156779,"comment_status":"open","ping_status":"closed","template":"","meta":{"_acf_changed":false},"pwb-brand":[80],"product_brand":[],"product_cat":[971,190,195],"product_tag":[],"class_list":{"0":"post-151780","1":"product","2":"type-product","3":"status-publish","4":"has-post-thumbnail","6":"pwb-brand-haider-bioswing","7":"product_cat-adapte-pour-la-demande-ai","8":"product_cat-chaises-de-bureau","9":"product_cat-chaises-de-bureau-principe-du-pendule","10":"pa_bezug-cuir-veritable-anthracite-d-l42","11":"pa_bezug-cuir-veritable-beige-d-l62","12":"pa_bezug-cuir-veritable-bleu-marine-d-l14","13":"pa_bezug-cuir-veritable-gris-d-l02","14":"pa_bezug-cuir-veritable-jaune-62005","15":"pa_bezug-cuir-veritable-noir-d-l04","16":"pa_bezug-cuir-veritable-noir-m180","17":"pa_bezug-cuir-veritable-noir-noir-31330","18":"pa_bezug-cuir-veritable-premium-anthracite-645","19":"pa_bezug-cuir-veritable-premium-blanc-601","20":"pa_bezug-cuir-veritable-premium-bleu-624","21":"pa_bezug-cuir-veritable-premium-bordeaux-615","22":"pa_bezug-cuir-veritable-premium-cognac-680","23":"pa_bezug-cuir-veritable-premium-gris-beige-663","24":"pa_bezug-cuir-veritable-premium-noir-622","25":"pa_bezug-cuir-veritable-rouge-01414","26":"pa_bezug-cuir-veritable-rouge-m70210","27":"pa_bezug-fibre-synthetique-bleu-revive-774","28":"pa_bezug-fibre-synthetique-gris-revive-164","29":"pa_bezug-fibre-synthetique-noir-revive-194","30":"pa_bezug-fibre-synthetique-rouge-revive-634","31":"pa_bezug-tissu-en-laine-bleu-clair-601","32":"pa_bezug-tissu-en-laine-bleu-gris-604","33":"pa_bezug-laine-gris-fame-4798","34":"pa_bezug-tissu-en-laine-gris-606","35":"pa_bezug-tissu-en-laine-noir-607","36":"pa_bezug-laine-rouge-fame-4730","37":"pa_bezug-tissu-en-laine-rouge-603","38":"pa_bezug-tissu-en-laine-rouge-64231","39":"pa_bezug-tissu-en-laine-vert-clair-602","40":"pa_bezug-tissu-en-laine-vert-clair-68229","41":"pa_bezug-microfibre-comfort-anthracite-0049","42":"pa_bezug-microfibre-comfort-bleu-fonce-0040","43":"pa_bezug-microfibre-comfort-noir-0050","44":"pa_bezug-microfibre-comfort-rouge-1414","45":"pa_bezug-similicuir-anthracite-292","46":"pa_bezug-similicuir-beige-f6461210","47":"pa_bezug-similicuir-beige-291","48":"pa_bezug-similicuir-blanc-f6461198","49":"pa_bezug-similicuir-blanc-290","50":"pa_bezug-similicuir-bleu-f6461196","51":"pa_bezug-similicuir-bleu-296","52":"pa_bezug-similicuir-bleu-f6461204","53":"pa_bezug-similicuir-gris-f6461205","54":"pa_bezug-similicuir-gris-clair-valencia-107-4052","55":"pa_bezug-similicuir-noir-f6461195","56":"pa_bezug-similicuir-noir-valencia-107-9035","57":"pa_bezug-similicuir-noir-293","58":"pa_bezug-similicuir-noir-ys009","59":"pa_bezug-similicuir-rouge-294","60":"pa_bezug-tissu-era-anthracite-cse13","61":"pa_bezug-tissu-anthracite-essential-a31","62":"pa_bezug-tissu-era-aqua-cse36","63":"pa_bezug-tissu-era-beige-cse30","64":"pa_bezug-tissu-beige-essential-a36","65":"pa_bezug-tissu-beige-essential-a36-dossier-resille-beige","66":"pa_bezug-tissu-era-bleu-cse12","67":"pa_bezug-tissu-bleu-essential-a37","68":"pa_bezug-tissu-bleu-essential-a37-dossier-resille-bleu","69":"pa_bezug-tissu-bleu-012","70":"pa_bezug-tissu-era-bleu-acier-cse44","71":"pa_bezug-tissu-era-bleu-clair-cse38","72":"pa_bezug-tissu-era-bleu-cobalt-cse15","73":"pa_bezug-tissu-era-bleu-moyen-cse08","74":"pa_bezug-tissu-era-bleu-nuit-cse40","75":"pa_bezug-tissu-era-bleu-turquoise-cse10","76":"pa_bezug-tissu-era-bleu-gris-cse42","77":"pa_bezug-tissu-brun-essential-a58-dossier-resille-brun","78":"pa_bezug-tissu-era-brun-fonce-cse21","79":"pa_bezug-tissu-era-brun-orange-cse27","80":"pa_bezug-tissu-era-corail-cse25","81":"pa_bezug-tissu-gris-essential-a32-dossier-resille-grise","82":"pa_bezug-tissu-era-gris-clair-cse41","83":"pa_bezug-tissu-era-gris-clair-cse46","84":"pa_bezug-tissu-gris-clair-essential-a33","85":"pa_bezug-tissu-era-gris-jean-cse43","86":"pa_bezug-tissu-era-gris-moyen-cse11","87":"pa_bezug-tissu-era-bleu-gris-cse39","88":"pa_bezug-tissu-era-brun-gris-cse02","89":"pa_bezug-tissu-era-ocre-jaune-cse32","90":"pa_bezug-tissu-era-jaune-vanille-cse03","91":"pa_bezug-tissu-era-khaki-cse34","92":"pa_bezug-tissu-era-magenta-cse17","93":"pa_bezug-tissu-era-noir-cse14","94":"pa_bezug-tissu-noir-essential-a30","95":"pa_bezug-tissu-noir-essential-a30-dossier-resille-beige","96":"pa_bezug-tissu-noir-essential-a30-dossier-resille-bleu","97":"pa_bezug-tissu-noir-essential-a30-dossier-resille-brun","98":"pa_bezug-tissu-noir-essential-a30-dossier-resille-gris","99":"pa_bezug-tissu-noir-essential-a30-dossier-resille-noire","100":"pa_bezug-tissu-noir-essential-a30-dossier-resille-rouge","101":"pa_bezug-tissu-noir-014","102":"pa_bezug-tissu-era-gold-cse31","103":"pa_bezug-tissu-era-orange-cse5","104":"pa_bezug-tissu-era-rose-cse23","105":"pa_bezug-tissu-era-rose-pale-cse19","106":"pa_bezug-tissu-era-rouge-cse28","107":"pa_bezug-tissu-rouge-essential-a51-dossier-resille-rouge","108":"pa_bezug-tissu-era-rouge-brique-cse29","109":"pa_bezug-tissu-era-cherry-red-cse06","110":"pa_bezug-tissu-era-rouge-cuivre-cse26","111":"pa_bezug-tissu-era-sand-cse01","112":"pa_bezug-tissu-step-noir-60999","113":"pa_bezug-tissu-era-taupe-cse45","114":"pa_bezug-tissu-era-vert-emeraude-cse37","115":"pa_bezug-tissu-era-vert-herbe-cse18","116":"pa_bezug-tissu-era-vert-citron-cse07","117":"pa_bezug-tissu-era-vert-menthe-cse20","118":"pa_bezug-tissu-era-vert-mousse-cse16","119":"pa_bezug-tissu-era-vert-pale-cse33","120":"pa_bezug-tissu-era-vert-sapin-cse35","121":"pa_bezug-tissu-era-rose-ancien-cse24","122":"pa_bezug-tissu-era-violet-cse09","123":"pa_bezug-tissu-violet-essential-a38","124":"pa_bezug-tissu-xtreme-noir","125":"pa_bezug-tissu-xtreme-noir-ys009","126":"tm-has-options","128":"first","129":"instock","130":"sale","131":"featured","132":"taxable","133":"shipping-taxable","134":"purchasable","135":"product-type-variable","136":"has-default-attributes"},"acf":[],"brands":[{"id":80,"name":"Haider Bioswing","slug":"haider-bioswing"}],"_links":{"self":[{"href":"https:\/\/sitz.ch\/fr\/wp-json\/wp\/v2\/product\/151780","targetHints":{"allow":["GET"]}}],"collection":[{"href":"https:\/\/sitz.ch\/fr\/wp-json\/wp\/v2\/product"}],"about":[{"href":"https:\/\/sitz.ch\/fr\/wp-json\/wp\/v2\/types\/product"}],"replies":[{"embeddable":true,"href":"https:\/\/sitz.ch\/fr\/wp-json\/wp\/v2\/comments?post=151780"}],"version-history":[{"count":1,"href":"https:\/\/sitz.ch\/fr\/wp-json\/wp\/v2\/product\/151780\/revisions"}],"predecessor-version":[{"id":155297,"href":"https:\/\/sitz.ch\/fr\/wp-json\/wp\/v2\/product\/151780\/revisions\/155297"}],"wp:featuredmedia":[{"embeddable":true,"href":"https:\/\/sitz.ch\/fr\/wp-json\/wp\/v2\/media\/156779"}],"wp:attachment":[{"href":"https:\/\/sitz.ch\/fr\/wp-json\/wp\/v2\/media?parent=151780"}],"wp:term":[{"taxonomy":"pwb-brand","embeddable":true,"href":"https:\/\/sitz.ch\/fr\/wp-json\/wp\/v2\/pwb-brand?post=151780"},{"taxonomy":"product_brand","embeddable":true,"href":"https:\/\/sitz.ch\/fr\/wp-json\/wp\/v2\/product_brand?post=151780"},{"taxonomy":"product_cat","embeddable":true,"href":"https:\/\/sitz.ch\/fr\/wp-json\/wp\/v2\/product_cat?post=151780"},{"taxonomy":"product_tag","embeddable":true,"href":"https:\/\/sitz.ch\/fr\/wp-json\/wp\/v2\/product_tag?post=151780"}],"curies":[{"name":"wp","href":"https:\/\/api.w.org\/{rel}","templated":true}]}}