{"id":151784,"date":"2016-11-12T00:18:46","date_gmt":"2016-11-11T23:18:46","guid":{"rendered":"https:\/\/sitz.ch\/produkt\/haider-bioswing-660-iq-dossier-resille\/"},"modified":"2025-05-29T10:48:59","modified_gmt":"2025-05-29T08:48:59","slug":"haider-bioswing-660-iq-dossier-resille","status":"publish","type":"product","link":"https:\/\/sitz.ch\/fr\/produit\/haider-bioswing-660-iq-dossier-resille\/","title":{"rendered":"Haider Bioswing 660 iQ Dossier R\u00e9sille"},"content":{"rendered":"<p><strong>VOS AVANTAGES<\/strong><\/p>\n<ul>\n<li>Le syst\u00e8me de si\u00e8ge BIOSWING\u00ae active la musculature, optimise la gestion des postures et des mouvements \u2013 votre r\u00e9gion dorsale et pelvienne, y compris les disques intervert\u00e9braux, sont lib\u00e9r\u00e9s de la pression et de la rigidit\u00e9.<\/li>\n<li>Vous entra\u00eenez votre corps d\u00e8s que vous prenez place \u2013 compl\u00e8tement automatiquement, sans avoir \u00e0 y penser.<\/li>\n<li>Vous ressentez une sensation de corps d\u00e9tendu et am\u00e9liorez votre concentration et votre performance.<\/li>\n<li>Vous b\u00e9n\u00e9ficiez d&rsquo;une garantie de 5 ans sur le m\u00e9canisme de si\u00e8ge BIOSWING\u00ae<br \/>\net de 2 ans de garantie sur les v\u00e9rins \u00e0 gaz, roulettes et accoudoirs.<\/li>\n<\/ul>\n<p><strong>\u00c9quipement de base Bioswing 660 S R\u00e9seau<\/strong> :<\/p>\n<div class=\"item_desc2\">\n<ul>\n<li>M\u00e9canisme de si\u00e8ge en couleur noir \/ chrome<\/li>\n<li>TrainBackMatic avec synchronisation automatique du si\u00e8ge et du dossier, incluant un r\u00e9glage de la pression du dossier de 50 \u00e0 150 kg<\/li>\n<li>Dossier inclinable avec contact permanent et r\u00e9glage continu (hauteur du dossier\u00a060 cm)<\/li>\n<li>Soutien lombaire r\u00e9glable en hauteur avec incurvation r\u00e9glable en continu dans le coussin du dos<\/li>\n<li>R\u00e9glage de l&rsquo;inclinaison du si\u00e8ge avec contact permanent et r\u00e9glage continu<\/li>\n<li>R\u00e9glage de la profondeur du si\u00e8ge de 46 \u00e0 52 cm<\/li>\n<li>R\u00e9glage en hauteur du si\u00e8ge en continu de 42 \u00e0 52 cm<\/li>\n<li>Croix de base en aluminium poli, 65 cm<\/li>\n<li>Roues chrom\u00e9es, souples, 6\u00a0cm<\/li>\n<li>Accoudoirs r\u00e9glables en hauteur 1F, support en PUR doux, noir<\/li>\n<li>Rev\u00eatement : Tissu &#8211; Noir<\/li>\n<\/ul>\n<\/div>\n<p>D&rsquo;autres couleurs et rev\u00eatements sont disponibles sur commande.<br \/>\nVeuillez nous contacter si vous souhaitez une autre configuration.<\/p>\n","protected":false},"excerpt":{"rendered":"<p>VOS AVANTAGES Le syst\u00e8me de si\u00e8ge BIOSWING\u00ae active la musculature, optimise la gestion des postures et des mouvements \u2013 votre r\u00e9gion dorsale et pelvienne, y compris les disques intervert\u00e9braux, sont lib\u00e9r\u00e9s de la pression et de la rigidit\u00e9. Vous entra\u00eenez votre corps d\u00e8s que vous prenez place \u2013 compl\u00e8tement automatiquement, sans avoir \u00e0 y penser. [&hellip;]<\/p>\n","protected":false},"featured_media":138443,"comment_status":"open","ping_status":"closed","template":"","meta":{"_acf_changed":false},"pwb-brand":[80],"product_brand":[],"product_cat":[971,200,190,195],"product_tag":[],"class_list":{"0":"post-151784","1":"product","2":"type-product","3":"status-publish","4":"has-post-thumbnail","6":"pwb-brand-haider-bioswing","7":"product_cat-adapte-pour-la-demande-ai","8":"product_cat-chaise-de-bureau-en-resille","9":"product_cat-chaises-de-bureau","10":"product_cat-chaises-de-bureau-principe-du-pendule","11":"pa_bezug-tissu-xtreme-noir-ys009","12":"tm-has-options","14":"first","15":"instock","16":"sale","17":"featured","18":"taxable","19":"shipping-taxable","20":"purchasable","21":"product-type-variable","22":"has-default-attributes"},"acf":[],"brands":[{"id":80,"name":"Haider Bioswing","slug":"haider-bioswing"}],"_links":{"self":[{"href":"https:\/\/sitz.ch\/fr\/wp-json\/wp\/v2\/product\/151784","targetHints":{"allow":["GET"]}}],"collection":[{"href":"https:\/\/sitz.ch\/fr\/wp-json\/wp\/v2\/product"}],"about":[{"href":"https:\/\/sitz.ch\/fr\/wp-json\/wp\/v2\/types\/product"}],"replies":[{"embeddable":true,"href":"https:\/\/sitz.ch\/fr\/wp-json\/wp\/v2\/comments?post=151784"}],"version-history":[{"count":1,"href":"https:\/\/sitz.ch\/fr\/wp-json\/wp\/v2\/product\/151784\/revisions"}],"predecessor-version":[{"id":155289,"href":"https:\/\/sitz.ch\/fr\/wp-json\/wp\/v2\/product\/151784\/revisions\/155289"}],"wp:featuredmedia":[{"embeddable":true,"href":"https:\/\/sitz.ch\/fr\/wp-json\/wp\/v2\/media\/138443"}],"wp:attachment":[{"href":"https:\/\/sitz.ch\/fr\/wp-json\/wp\/v2\/media?parent=151784"}],"wp:term":[{"taxonomy":"pwb-brand","embeddable":true,"href":"https:\/\/sitz.ch\/fr\/wp-json\/wp\/v2\/pwb-brand?post=151784"},{"taxonomy":"product_brand","embeddable":true,"href":"https:\/\/sitz.ch\/fr\/wp-json\/wp\/v2\/product_brand?post=151784"},{"taxonomy":"product_cat","embeddable":true,"href":"https:\/\/sitz.ch\/fr\/wp-json\/wp\/v2\/product_cat?post=151784"},{"taxonomy":"product_tag","embeddable":true,"href":"https:\/\/sitz.ch\/fr\/wp-json\/wp\/v2\/product_tag?post=151784"}],"curies":[{"name":"wp","href":"https:\/\/api.w.org\/{rel}","templated":true}]}}