{"id":151788,"date":"2021-09-01T10:21:27","date_gmt":"2021-09-01T08:21:27","guid":{"rendered":"https:\/\/sitz.ch\/produkt\/haider-bioswing-670-iq-cuir\/"},"modified":"2025-09-30T10:55:35","modified_gmt":"2025-09-30T08:55:35","slug":"haider-bioswing-670-iq-cuir","status":"publish","type":"product","link":"https:\/\/sitz.ch\/fr\/produit\/haider-bioswing-670-iq-cuir\/","title":{"rendered":"Haider Bioswing 670 iQ Cuir"},"content":{"rendered":"<div class=\"item_desc\">\n<p><strong>VOS AVANTAGES<\/strong><\/p>\n<ul>\n<li>Le syst\u00e8me de si\u00e8ge BIOSWING\u00ae active les muscles, optimise la gestion de la posture et des mouvements \u2013 votre r\u00e9gion dorsale et pelvienne, y compris les disques intervert\u00e9braux, sont lib\u00e9r\u00e9s de la pression et de la rigidit\u00e9.<\/li>\n<li>Vous entra\u00eenez votre corps d\u00e8s que vous vous asseyez \u2013 automatiquement, sans y penser.<\/li>\n<li>Vous ressentez une sensation de d\u00e9tente corporelle et am\u00e9liorez votre concentration et vos performances.<\/li>\n<li>Vous b\u00e9n\u00e9ficiez d&rsquo;une garantie de 5 ans sur le m\u00e9canisme de si\u00e8ge BIOSWING\u00ae<br \/>\net de 2 ans sur les v\u00e9rins \u00e0 gaz, les roulettes et les appuis-bras<\/li>\n<\/ul>\n<\/div>\n<p><strong>\u00c9quipement de s\u00e9rie Bioswing 670iQ S Trendline :<\/strong><\/p>\n<div class=\"item_desc2\">\n<ul>\n<li>Si\u00e8ge en couleur noir \/ chrome<\/li>\n<li>TrainBackMatic avec synchronisation automatique du si\u00e8ge et du dossier incluant un r\u00e9glage de pression de dossier de 50 &#8211; 150 kg<\/li>\n<li>Dossier inclinable avec contact permanent et r\u00e9glage en continu (hauteur du dossier 70 cm)<\/li>\n<li>Soutien lombaire r\u00e9glable en hauteur avec bombage du coussin dorsal r\u00e9glable en continu<\/li>\n<li>R\u00e9glage de l&rsquo;inclinaison du si\u00e8ge avec contact permanent et r\u00e9glage en continu<\/li>\n<li>Profondeur de si\u00e8ge r\u00e9glable de 46 &#8211; 52 cm<\/li>\n<li>R\u00e9glage de la hauteur du si\u00e8ge en continu de 42 &#8211; 52 cm<\/li>\n<li>Croix de pied en aluminium poli, 65 cm<\/li>\n<li>Roues en chrome, souples, 6 cm<\/li>\n<li>Appui-t\u00eate r\u00e9glable en inclinaison, profondeur et hauteur<\/li>\n<li>Accoudoirs multifonctionnels r\u00e9glables en hauteur 4F, support ovale, rembourr\u00e9 en cuir noir<\/li>\n<li>Rev\u00eatement : cuir noir<\/li>\n<li><strong>id\u00e9al pour les personnes de grande taille 195-210cm<\/strong><\/li>\n<\/ul>\n<\/div>\n<p>D&rsquo;autres couleurs et rev\u00eatements sont disponibles sur commande.<br \/>\nVeuillez nous contacter si vous souhaitez une autre version.<\/p>\n","protected":false},"excerpt":{"rendered":"<p>VOS AVANTAGES Le syst\u00e8me de si\u00e8ge BIOSWING\u00ae active les muscles, optimise la gestion de la posture et des mouvements \u2013 votre r\u00e9gion dorsale et pelvienne, y compris les disques intervert\u00e9braux, sont lib\u00e9r\u00e9s de la pression et de la rigidit\u00e9. Vous entra\u00eenez votre corps d\u00e8s que vous vous asseyez \u2013 automatiquement, sans y penser. Vous ressentez [&hellip;]<\/p>\n","protected":false},"featured_media":138455,"comment_status":"open","ping_status":"closed","template":"","meta":{"_acf_changed":false},"pwb-brand":[80],"product_brand":[],"product_cat":[190,195],"product_tag":[],"class_list":{"0":"post-151788","1":"product","2":"type-product","3":"status-publish","4":"has-post-thumbnail","6":"pwb-brand-haider-bioswing","7":"product_cat-chaises-de-bureau","8":"product_cat-chaises-de-bureau-principe-du-pendule","9":"pa_bezug-cuir-veritable-noir-m180","10":"tm-has-options","12":"first","13":"instock","14":"sale","15":"featured","16":"taxable","17":"shipping-taxable","18":"purchasable","19":"product-type-variable","20":"has-default-attributes"},"acf":[],"brands":[{"id":80,"name":"Haider Bioswing","slug":"haider-bioswing"}],"_links":{"self":[{"href":"https:\/\/sitz.ch\/fr\/wp-json\/wp\/v2\/product\/151788","targetHints":{"allow":["GET"]}}],"collection":[{"href":"https:\/\/sitz.ch\/fr\/wp-json\/wp\/v2\/product"}],"about":[{"href":"https:\/\/sitz.ch\/fr\/wp-json\/wp\/v2\/types\/product"}],"replies":[{"embeddable":true,"href":"https:\/\/sitz.ch\/fr\/wp-json\/wp\/v2\/comments?post=151788"}],"version-history":[{"count":1,"href":"https:\/\/sitz.ch\/fr\/wp-json\/wp\/v2\/product\/151788\/revisions"}],"predecessor-version":[{"id":155266,"href":"https:\/\/sitz.ch\/fr\/wp-json\/wp\/v2\/product\/151788\/revisions\/155266"}],"wp:featuredmedia":[{"embeddable":true,"href":"https:\/\/sitz.ch\/fr\/wp-json\/wp\/v2\/media\/138455"}],"wp:attachment":[{"href":"https:\/\/sitz.ch\/fr\/wp-json\/wp\/v2\/media?parent=151788"}],"wp:term":[{"taxonomy":"pwb-brand","embeddable":true,"href":"https:\/\/sitz.ch\/fr\/wp-json\/wp\/v2\/pwb-brand?post=151788"},{"taxonomy":"product_brand","embeddable":true,"href":"https:\/\/sitz.ch\/fr\/wp-json\/wp\/v2\/product_brand?post=151788"},{"taxonomy":"product_cat","embeddable":true,"href":"https:\/\/sitz.ch\/fr\/wp-json\/wp\/v2\/product_cat?post=151788"},{"taxonomy":"product_tag","embeddable":true,"href":"https:\/\/sitz.ch\/fr\/wp-json\/wp\/v2\/product_tag?post=151788"}],"curies":[{"name":"wp","href":"https:\/\/api.w.org\/{rel}","templated":true}]}}