{"id":151792,"date":"2016-11-11T23:29:09","date_gmt":"2016-11-11T22:29:09","guid":{"rendered":"https:\/\/sitz.ch\/produkt\/haider-bioswing-780-iq-cuir\/"},"modified":"2025-05-29T10:49:50","modified_gmt":"2025-05-29T08:49:50","slug":"haider-bioswing-780-iq-cuir","status":"publish","type":"product","link":"https:\/\/sitz.ch\/fr\/produit\/haider-bioswing-780-iq-cuir\/","title":{"rendered":"Haider Bioswing 780 iQ Cuir"},"content":{"rendered":"<p><strong>VOS AVANTAGES<\/strong><\/p>\n<ul>\n<li>Le syst\u00e8me d&rsquo;assise BIOSWING\u00ae active vos muscles, optimise le contr\u00f4le des postures et des mouvements \u2013 votre r\u00e9gion dorsale et pelvienne, y compris les disques intervert\u00e9braux, sont lib\u00e9r\u00e9s de la pression et de la rigidit\u00e9.<\/li>\n<li>Vous entra\u00eenez votre corps d\u00e8s que vous prenez place \u2013 de mani\u00e8re totalement automatique, sans y penser.<\/li>\n<li>Vous \u00e9prouvez une sensation corporelle d\u00e9tendue et augmentez votre concentration et vos capacit\u00e9s de rendement.<\/li>\n<li>Vous b\u00e9n\u00e9ficiez de 5 ans de garantie sur le m\u00e9canisme d&rsquo;assise BIOSWING\u00ae<br \/>\net de 2 ans de garantie sur les v\u00e9rins \u00e0 gaz, roulettes et accoudoirs.<\/li>\n<\/ul>\n<div class=\"item_desc2\">\n<p><strong>\u00c9quipement de s\u00e9rie du bestseller Bioswing 780 :<\/strong><\/p>\n<ul>\n<li>M\u00e9canisme d&rsquo;assise en noir \/ chrom\u00e9<\/li>\n<li>TrainBackMatic avec synchronisation automatique de l&rsquo;assise et du dossier, y compris le r\u00e9glage de la pression dorsale de 70 \u00e0 170 kg<\/li>\n<li>Dossier inclinable avec contact permanent et r\u00e9glable en continu (hauteur du dossier 80 cm)<\/li>\n<li>Appui-t\u00eate r\u00e9glable en inclinaison et en hauteur<\/li>\n<li>Support lombaire avec renflement r\u00e9glable en continu et hauteur dans le rembourrage dorsal<\/li>\n<li>Accoudoirs r\u00e9glables en hauteur avec r\u00e9glage de la largeur<\/li>\n<li>R\u00e9glage de l&rsquo;inclinaison de l&rsquo;assise avec contact permanent et r\u00e9glable en continu<\/li>\n<li>R\u00e9glage de la profondeur d&rsquo;assise de 48 \u00e0 54 cm<\/li>\n<li>R\u00e9glage de la hauteur d&rsquo;assise en continu de 43 \u00e0 53 cm \/ GF 1<\/li>\n<li>Croix de pied en aluminium poli, 65 cm<\/li>\n<li>Roulettes chrom\u00e9es, souples, 5 cm<\/li>\n<li>Rev\u00eatement : cuir noir avec surpiq\u00fbres<\/li>\n<li>Id\u00e9al pour les personnes grandes de 195-210 cm<\/li>\n<\/ul>\n<p>D&rsquo;autres couleurs et rev\u00eatements sont disponibles sur commande.<br \/>\nVeuillez nous contacter si vous souhaitez une autre version<br \/>\n.<\/p>\n<\/div>\n","protected":false},"excerpt":{"rendered":"<p>VOS AVANTAGES Le syst\u00e8me d&rsquo;assise BIOSWING\u00ae active vos muscles, optimise le contr\u00f4le des postures et des mouvements \u2013 votre r\u00e9gion dorsale et pelvienne, y compris les disques intervert\u00e9braux, sont lib\u00e9r\u00e9s de la pression et de la rigidit\u00e9. Vous entra\u00eenez votre corps d\u00e8s que vous prenez place \u2013 de mani\u00e8re totalement automatique, sans y penser. Vous [&hellip;]<\/p>\n","protected":false},"featured_media":156743,"comment_status":"open","ping_status":"closed","template":"","meta":{"_acf_changed":false},"pwb-brand":[80],"product_brand":[],"product_cat":[190,195],"product_tag":[],"class_list":{"0":"post-151792","1":"product","2":"type-product","3":"status-publish","4":"has-post-thumbnail","6":"pwb-brand-haider-bioswing","7":"product_cat-chaises-de-bureau","8":"product_cat-chaises-de-bureau-principe-du-pendule","9":"pa_bezug-cuir-veritable-noir-m180","10":"tm-has-options","12":"first","13":"instock","14":"sale","15":"featured","16":"taxable","17":"shipping-taxable","18":"purchasable","19":"product-type-variable","20":"has-default-attributes"},"acf":[],"brands":[{"id":80,"name":"Haider Bioswing","slug":"haider-bioswing"}],"_links":{"self":[{"href":"https:\/\/sitz.ch\/fr\/wp-json\/wp\/v2\/product\/151792","targetHints":{"allow":["GET"]}}],"collection":[{"href":"https:\/\/sitz.ch\/fr\/wp-json\/wp\/v2\/product"}],"about":[{"href":"https:\/\/sitz.ch\/fr\/wp-json\/wp\/v2\/types\/product"}],"replies":[{"embeddable":true,"href":"https:\/\/sitz.ch\/fr\/wp-json\/wp\/v2\/comments?post=151792"}],"version-history":[{"count":1,"href":"https:\/\/sitz.ch\/fr\/wp-json\/wp\/v2\/product\/151792\/revisions"}],"predecessor-version":[{"id":155295,"href":"https:\/\/sitz.ch\/fr\/wp-json\/wp\/v2\/product\/151792\/revisions\/155295"}],"wp:featuredmedia":[{"embeddable":true,"href":"https:\/\/sitz.ch\/fr\/wp-json\/wp\/v2\/media\/156743"}],"wp:attachment":[{"href":"https:\/\/sitz.ch\/fr\/wp-json\/wp\/v2\/media?parent=151792"}],"wp:term":[{"taxonomy":"pwb-brand","embeddable":true,"href":"https:\/\/sitz.ch\/fr\/wp-json\/wp\/v2\/pwb-brand?post=151792"},{"taxonomy":"product_brand","embeddable":true,"href":"https:\/\/sitz.ch\/fr\/wp-json\/wp\/v2\/product_brand?post=151792"},{"taxonomy":"product_cat","embeddable":true,"href":"https:\/\/sitz.ch\/fr\/wp-json\/wp\/v2\/product_cat?post=151792"},{"taxonomy":"product_tag","embeddable":true,"href":"https:\/\/sitz.ch\/fr\/wp-json\/wp\/v2\/product_tag?post=151792"}],"curies":[{"name":"wp","href":"https:\/\/api.w.org\/{rel}","templated":true}]}}