{"id":151794,"date":"2016-11-11T23:28:54","date_gmt":"2016-11-11T22:28:54","guid":{"rendered":"https:\/\/sitz.ch\/produkt\/haider-bioswing-boogie-classic\/"},"modified":"2025-05-29T10:49:54","modified_gmt":"2025-05-29T08:49:54","slug":"haider-bioswing-boogie-classic","status":"publish","type":"product","link":"https:\/\/sitz.ch\/fr\/produit\/haider-bioswing-boogie-classic\/","title":{"rendered":"Haider Bioswing Boogie Classic"},"content":{"rendered":"<p><strong>VOS AVANTAGES<\/strong><\/p>\n<ul>\n<li>Le syst\u00e8me de si\u00e8ge BIOSWING\u00ae active les muscles, optimise le contr\u00f4le des postures et des mouvements \u2013 votre r\u00e9gion dorsale et pelvienne, y compris les disques intervert\u00e9braux, sont lib\u00e9r\u00e9s de la pression et de la rigidit\u00e9.<\/li>\n<li>Vous entra\u00eenez votre corps d\u00e8s que vous vous asseyez \u2013 de mani\u00e8re automatique, sans y penser.<\/li>\n<li>Vous ressentez une sensation corporelle d\u00e9tendue et am\u00e9liorez votre concentration et vos performances.<\/li>\n<li>Vous b\u00e9n\u00e9ficiez de 5 ans de garantie sur le syst\u00e8me de si\u00e8ge BIOSWING\u00ae <br \/> et de 2 ans de garantie sur les v\u00e9rins \u00e0 gaz, les roulettes et les accoudoirs.<\/li>\n<\/ul>\n<div class=\"item_desc\">\n<p>\u00c9quipement de s\u00e9rie BIOSWING Boogie classic Si\u00e8ge confort\u00a0:<\/p>\n<\/div>\n<div class=\"item_desc2\">\n<ul>\n<li>Syst\u00e8me de si\u00e8ge en couleur noire<\/li>\n<li>\u00c9quilibre pelvien pour un ajustement automatique et synchro-corporel de l&rsquo;inclinaison du si\u00e8ge et du soutien pelvien<\/li>\n<li>Si\u00e8ge selle confort avec rembourrage contourn\u00e9<\/li>\n<li>Soutien pelvien ajustable en profondeur et en hauteur en continu<\/li>\n<li>R\u00e9glage en continu de la hauteur du si\u00e8ge de 44 \u00e0 57 cm<\/li>\n<li>Base en croix polie en aluminium, 60 cm<\/li>\n<li>Roues chrom\u00e9es \u00e0 roulement doux<\/li>\n<li>Rev\u00eatement en microfibre\u00a0: <strong>Noir<\/strong><\/li>\n<\/ul>\n<\/div>\n<p>D&rsquo;autres couleurs et rev\u00eatements sont disponibles sur commande.<br \/> Veuillez nous contacter si vous souhaitez une autre version.<\/p>\n","protected":false},"excerpt":{"rendered":"<p>VOS AVANTAGES Le syst\u00e8me de si\u00e8ge BIOSWING\u00ae active les muscles, optimise le contr\u00f4le des postures et des mouvements \u2013 votre r\u00e9gion dorsale et pelvienne, y compris les disques intervert\u00e9braux, sont lib\u00e9r\u00e9s de la pression et de la rigidit\u00e9. Vous entra\u00eenez votre corps d\u00e8s que vous vous asseyez \u2013 de mani\u00e8re automatique, sans y penser. Vous [&hellip;]<\/p>\n","protected":false},"featured_media":156624,"comment_status":"open","ping_status":"closed","template":"","meta":{"_acf_changed":false},"pwb-brand":[80],"product_brand":[],"product_cat":[971,190,195,204],"product_tag":[],"class_list":{"0":"post-151794","1":"product","2":"type-product","3":"status-publish","4":"has-post-thumbnail","6":"pwb-brand-haider-bioswing","7":"product_cat-adapte-pour-la-demande-ai","8":"product_cat-chaises-de-bureau","9":"product_cat-chaises-de-bureau-principe-du-pendule","10":"product_cat-tabourets-de-selle","11":"pa_bezug-microfibre-comfort-noir-0050","12":"tm-has-options","14":"first","15":"instock","16":"sale","17":"featured","18":"taxable","19":"shipping-taxable","20":"purchasable","21":"product-type-variable","22":"has-default-attributes"},"acf":[],"brands":[{"id":80,"name":"Haider Bioswing","slug":"haider-bioswing"}],"_links":{"self":[{"href":"https:\/\/sitz.ch\/fr\/wp-json\/wp\/v2\/product\/151794","targetHints":{"allow":["GET"]}}],"collection":[{"href":"https:\/\/sitz.ch\/fr\/wp-json\/wp\/v2\/product"}],"about":[{"href":"https:\/\/sitz.ch\/fr\/wp-json\/wp\/v2\/types\/product"}],"replies":[{"embeddable":true,"href":"https:\/\/sitz.ch\/fr\/wp-json\/wp\/v2\/comments?post=151794"}],"version-history":[{"count":1,"href":"https:\/\/sitz.ch\/fr\/wp-json\/wp\/v2\/product\/151794\/revisions"}],"predecessor-version":[{"id":155296,"href":"https:\/\/sitz.ch\/fr\/wp-json\/wp\/v2\/product\/151794\/revisions\/155296"}],"wp:featuredmedia":[{"embeddable":true,"href":"https:\/\/sitz.ch\/fr\/wp-json\/wp\/v2\/media\/156624"}],"wp:attachment":[{"href":"https:\/\/sitz.ch\/fr\/wp-json\/wp\/v2\/media?parent=151794"}],"wp:term":[{"taxonomy":"pwb-brand","embeddable":true,"href":"https:\/\/sitz.ch\/fr\/wp-json\/wp\/v2\/pwb-brand?post=151794"},{"taxonomy":"product_brand","embeddable":true,"href":"https:\/\/sitz.ch\/fr\/wp-json\/wp\/v2\/product_brand?post=151794"},{"taxonomy":"product_cat","embeddable":true,"href":"https:\/\/sitz.ch\/fr\/wp-json\/wp\/v2\/product_cat?post=151794"},{"taxonomy":"product_tag","embeddable":true,"href":"https:\/\/sitz.ch\/fr\/wp-json\/wp\/v2\/product_tag?post=151794"}],"curies":[{"name":"wp","href":"https:\/\/api.w.org\/{rel}","templated":true}]}}