{"id":151800,"date":"2016-11-12T00:19:06","date_gmt":"2016-11-11T23:19:06","guid":{"rendered":"https:\/\/sitz.ch\/produkt\/haider-bioswing-boogie-stretch\/"},"modified":"2025-05-29T10:48:00","modified_gmt":"2025-05-29T08:48:00","slug":"haider-bioswing-boogie-stretch","status":"publish","type":"product","link":"https:\/\/sitz.ch\/fr\/produit\/haider-bioswing-boogie-stretch\/","title":{"rendered":"Haider Bioswing Boogie Stretch"},"content":{"rendered":"<div class=\"item_desc\">\n<p><strong>VOS AVANTAGES<\/strong><\/p>\n<ul>\n<li>Le syst\u00e8me d&rsquo;assise BIOSWING\u00ae active les muscles, optimise le contr\u00f4le des postures et des mouvements \u2013 votre r\u00e9gion dorsale et pelvienne, y compris les disques intervert\u00e9braux, sont lib\u00e9r\u00e9s de la pression et de la rigidit\u00e9.<\/li>\n<li>Vous entra\u00eenez votre corps d\u00e8s que vous vous asseyez \u2013 automatiquement, sans m\u00eame y penser.<\/li>\n<li>Vous ressentez une sensation corporelle relax\u00e9e et am\u00e9liorez votre concentration et votre performance.<\/li>\n<li>Vous b\u00e9n\u00e9ficiez de 5 ans de garantie sur le syst\u00e8me d&rsquo;assise BIOSWING\u00ae<br \/>\net 2 ans de garantie sur les v\u00e9rins \u00e0 gaz, les roulettes et les accoudoirs.<\/li>\n<\/ul>\n<p><strong>\u00c9quipement de s\u00e9rie BIOSWING Boogie Stretch<\/strong> :<\/p>\n<\/div>\n<div class=\"item_desc2\">\n<ul>\n<li>Syst\u00e8me d&rsquo;assise de couleur noire<\/li>\n<li>\u00c9quilibre pelvien pour un ajustement automatique et synchronis\u00e9 du corps de l&rsquo;inclinaison du si\u00e8ge et du support pelvien<\/li>\n<li><strong>Si\u00e8ge-selle de confort<\/strong> avec rembourrage contourn\u00e9<\/li>\n<li>Support dorsal r\u00e9glable en continu en profondeur et en hauteur<\/li>\n<li>Ajustement de la hauteur du si\u00e8ge en continu de 52-65 cm<\/li>\n<li>Base \u00e9toile en aluminium poli, 65 cm<\/li>\n<li>Roues chrom\u00e9es, douces, douces,<\/li>\n<li>Rev\u00eatement de l&rsquo;assise en microfibre : <strong>Noir<\/strong><\/li>\n<\/ul>\n<\/div>\n<p>D&rsquo;autres couleurs et rev\u00eatements sont disponibles sur commande.<br \/>\nVeuillez nous contacter si vous souhaitez une autre version.<\/p>\n","protected":false},"excerpt":{"rendered":"<p>VOS AVANTAGES Le syst\u00e8me d&rsquo;assise BIOSWING\u00ae active les muscles, optimise le contr\u00f4le des postures et des mouvements \u2013 votre r\u00e9gion dorsale et pelvienne, y compris les disques intervert\u00e9braux, sont lib\u00e9r\u00e9s de la pression et de la rigidit\u00e9. Vous entra\u00eenez votre corps d\u00e8s que vous vous asseyez \u2013 automatiquement, sans m\u00eame y penser. Vous ressentez une [&hellip;]<\/p>\n","protected":false},"featured_media":156612,"comment_status":"open","ping_status":"closed","template":"","meta":{"_acf_changed":false},"pwb-brand":[80],"product_brand":[],"product_cat":[971,190,195],"product_tag":[],"class_list":{"0":"post-151800","1":"product","2":"type-product","3":"status-publish","4":"has-post-thumbnail","6":"pwb-brand-haider-bioswing","7":"product_cat-adapte-pour-la-demande-ai","8":"product_cat-chaises-de-bureau","9":"product_cat-chaises-de-bureau-principe-du-pendule","10":"pa_bezug-microfibre-comfort-noir-0050","11":"tm-has-options","13":"first","14":"instock","15":"sale","16":"featured","17":"taxable","18":"shipping-taxable","19":"purchasable","20":"product-type-variable","21":"has-default-attributes"},"acf":[],"brands":[{"id":80,"name":"Haider Bioswing","slug":"haider-bioswing"}],"_links":{"self":[{"href":"https:\/\/sitz.ch\/fr\/wp-json\/wp\/v2\/product\/151800","targetHints":{"allow":["GET"]}}],"collection":[{"href":"https:\/\/sitz.ch\/fr\/wp-json\/wp\/v2\/product"}],"about":[{"href":"https:\/\/sitz.ch\/fr\/wp-json\/wp\/v2\/types\/product"}],"replies":[{"embeddable":true,"href":"https:\/\/sitz.ch\/fr\/wp-json\/wp\/v2\/comments?post=151800"}],"version-history":[{"count":1,"href":"https:\/\/sitz.ch\/fr\/wp-json\/wp\/v2\/product\/151800\/revisions"}],"predecessor-version":[{"id":155286,"href":"https:\/\/sitz.ch\/fr\/wp-json\/wp\/v2\/product\/151800\/revisions\/155286"}],"wp:featuredmedia":[{"embeddable":true,"href":"https:\/\/sitz.ch\/fr\/wp-json\/wp\/v2\/media\/156612"}],"wp:attachment":[{"href":"https:\/\/sitz.ch\/fr\/wp-json\/wp\/v2\/media?parent=151800"}],"wp:term":[{"taxonomy":"pwb-brand","embeddable":true,"href":"https:\/\/sitz.ch\/fr\/wp-json\/wp\/v2\/pwb-brand?post=151800"},{"taxonomy":"product_brand","embeddable":true,"href":"https:\/\/sitz.ch\/fr\/wp-json\/wp\/v2\/product_brand?post=151800"},{"taxonomy":"product_cat","embeddable":true,"href":"https:\/\/sitz.ch\/fr\/wp-json\/wp\/v2\/product_cat?post=151800"},{"taxonomy":"product_tag","embeddable":true,"href":"https:\/\/sitz.ch\/fr\/wp-json\/wp\/v2\/product_tag?post=151800"}],"curies":[{"name":"wp","href":"https:\/\/api.w.org\/{rel}","templated":true}]}}