{"id":151802,"date":"2024-03-01T09:45:15","date_gmt":"2024-03-01T08:45:15","guid":{"rendered":"https:\/\/sitz.ch\/produkt\/haider-bioswing-boogie-switch-assise-ronde\/"},"modified":"2025-05-29T10:40:53","modified_gmt":"2025-05-29T08:40:53","slug":"haider-bioswing-boogie-switch-assise-ronde","status":"publish","type":"product","link":"https:\/\/sitz.ch\/fr\/produit\/haider-bioswing-boogie-switch-assise-ronde\/","title":{"rendered":"Haider Bioswing Boogie Switch Assise Ronde"},"content":{"rendered":"<div class=\"item_desc\">\n<p><strong>VOS AVANTAGES<\/strong><\/p>\n<ul>\n<li>Le syst\u00e8me d&rsquo;assise BIOSWING\u00ae active les muscles, optimise le contr\u00f4le des postures et des mouvements \u2013 votre r\u00e9gion dorsale et pelvienne, y compris les disques intervert\u00e9braux, sont lib\u00e9r\u00e9s de la pression et de la rigidit\u00e9.<\/li>\n<li>Vous entra\u00eenez votre corps d\u00e8s que vous vous asseyez \u2013 de mani\u00e8re enti\u00e8rement automatique, sans avoir \u00e0 y penser.<\/li>\n<li>Vous ressentez une sensation corporelle d\u00e9tendue et augmentez votre capacit\u00e9 de concentration et de performance.<\/li>\n<li>Vous b\u00e9n\u00e9ficiez d&rsquo;une garantie de 5 ans sur le syst\u00e8me d&rsquo;assise BIOSWING\u00ae <br \/> et de 2 ans sur les v\u00e9rins \u00e0 gaz, roulettes et accoudoirs.<\/li>\n<\/ul>\n<p><strong>\u00c9quipement standard BIOSWING Boogie Switch Si\u00e8ge Rond<\/strong>:<\/p>\n<\/div>\n<div class=\"item_desc2\">\n<ul>\n<li>Syst\u00e8me d&rsquo;assise en chrome<\/li>\n<li>\u00c9quilibre du bassin pour un ajustement automatique et synchronis\u00e9 du corps de l&rsquo;inclinaison du si\u00e8ge et du soutien du bassin<\/li>\n<li><strong>Si\u00e8ge rond<\/strong> avec rembourrage contourn\u00e9<\/li>\n<li>Support arri\u00e8re r\u00e9glable en continu en profondeur et en hauteur<\/li>\n<li>R\u00e9glage en continu de la hauteur du si\u00e8ge de 52-65 cm<\/li>\n<li>Base \u00e0 cinq branches en aluminium poli, 65 cm<\/li>\n<li>Roulettes en chrome, douces<\/li>\n<li>Rev\u00eatement en tissu noir<\/li>\n<\/ul>\n<\/div>\n<p>D&rsquo;autres couleurs et rev\u00eatements sont disponibles sur commande.<br \/> Veuillez nous contacter si vous souhaitez une autre finition.<\/p>\n","protected":false},"excerpt":{"rendered":"<p>VOS AVANTAGES Le syst\u00e8me d&rsquo;assise BIOSWING\u00ae active les muscles, optimise le contr\u00f4le des postures et des mouvements \u2013 votre r\u00e9gion dorsale et pelvienne, y compris les disques intervert\u00e9braux, sont lib\u00e9r\u00e9s de la pression et de la rigidit\u00e9. Vous entra\u00eenez votre corps d\u00e8s que vous vous asseyez \u2013 de mani\u00e8re enti\u00e8rement automatique, sans avoir \u00e0 y [&hellip;]<\/p>\n","protected":false},"featured_media":156600,"comment_status":"open","ping_status":"closed","template":"","meta":{"_acf_changed":false},"pwb-brand":[80],"product_brand":[],"product_cat":[190,195],"product_tag":[],"class_list":{"0":"post-151802","1":"product","2":"type-product","3":"status-publish","4":"has-post-thumbnail","6":"pwb-brand-haider-bioswing","7":"product_cat-chaises-de-bureau","8":"product_cat-chaises-de-bureau-principe-du-pendule","9":"pa_bezug-tissu-xtreme-noir-ys009","10":"tm-has-options","12":"first","13":"instock","14":"featured","15":"taxable","16":"shipping-taxable","17":"purchasable","18":"product-type-variable","19":"has-default-attributes"},"acf":[],"brands":[{"id":80,"name":"Haider Bioswing","slug":"haider-bioswing"}],"_links":{"self":[{"href":"https:\/\/sitz.ch\/fr\/wp-json\/wp\/v2\/product\/151802","targetHints":{"allow":["GET"]}}],"collection":[{"href":"https:\/\/sitz.ch\/fr\/wp-json\/wp\/v2\/product"}],"about":[{"href":"https:\/\/sitz.ch\/fr\/wp-json\/wp\/v2\/types\/product"}],"replies":[{"embeddable":true,"href":"https:\/\/sitz.ch\/fr\/wp-json\/wp\/v2\/comments?post=151802"}],"version-history":[{"count":1,"href":"https:\/\/sitz.ch\/fr\/wp-json\/wp\/v2\/product\/151802\/revisions"}],"predecessor-version":[{"id":155261,"href":"https:\/\/sitz.ch\/fr\/wp-json\/wp\/v2\/product\/151802\/revisions\/155261"}],"wp:featuredmedia":[{"embeddable":true,"href":"https:\/\/sitz.ch\/fr\/wp-json\/wp\/v2\/media\/156600"}],"wp:attachment":[{"href":"https:\/\/sitz.ch\/fr\/wp-json\/wp\/v2\/media?parent=151802"}],"wp:term":[{"taxonomy":"pwb-brand","embeddable":true,"href":"https:\/\/sitz.ch\/fr\/wp-json\/wp\/v2\/pwb-brand?post=151802"},{"taxonomy":"product_brand","embeddable":true,"href":"https:\/\/sitz.ch\/fr\/wp-json\/wp\/v2\/product_brand?post=151802"},{"taxonomy":"product_cat","embeddable":true,"href":"https:\/\/sitz.ch\/fr\/wp-json\/wp\/v2\/product_cat?post=151802"},{"taxonomy":"product_tag","embeddable":true,"href":"https:\/\/sitz.ch\/fr\/wp-json\/wp\/v2\/product_tag?post=151802"}],"curies":[{"name":"wp","href":"https:\/\/api.w.org\/{rel}","templated":true}]}}