{"id":151814,"date":"2016-11-11T23:29:51","date_gmt":"2016-11-11T22:29:51","guid":{"rendered":"https:\/\/sitz.ch\/produkt\/haider-bioswing-improve-150-baton-dentrainement\/"},"modified":"2016-11-11T23:29:51","modified_gmt":"2016-11-11T22:29:51","slug":"haider-bioswing-improve-150-baton-dentrainement","status":"publish","type":"product","link":"https:\/\/sitz.ch\/fr\/produit\/haider-bioswing-improve-150-baton-dentrainement\/","title":{"rendered":"Haider Bioswing Improve 150 B\u00e2ton d&rsquo;entra\u00eenement"},"content":{"rendered":"<p>BIOSWING Improve 150 B\u00e2ton d&rsquo;entra\u00eenement<\/p>\n<p>En 5 minutes vers de nouvelles sensations de bien-\u00eatre<\/p>\n<p>Que ce soit au centre de fitness, \u00e0 la maison ou au bureau : le nouveau BIOSWING Improve 150 est votre partenaire d&rsquo;entra\u00eenement id\u00e9al. Gr\u00e2ce aux impulsions rythmiques, vous activez de mani\u00e8re durable les muscles et le syst\u00e8me nerveux, pr\u00e9venez les tensions et stimulez la circulation sanguine. Les tensions disparaissent et l&rsquo;esprit se lib\u00e8re \u00e0 nouveau.<\/p>\n<p>Gr\u00e2ce aux r\u00e9gulateurs de fr\u00e9quence \u00e0 gauche et \u00e0 droite, la vibration peut \u00eatre r\u00e9gl\u00e9e de mani\u00e8re optimale pour l&rsquo;utilisateur.<\/p>\n<p>Avec amortissement des poign\u00e9es (pas de chocs sur les poignets).<\/p>\n<p>Le partenaire d&rsquo;entra\u00eenement id\u00e9al<\/p>\n<p>&nbsp;<\/p>\n","protected":false},"excerpt":{"rendered":"<p>BIOSWING Improve 150 B\u00e2ton d&rsquo;entra\u00eenement En 5 minutes vers de nouvelles sensations de bien-\u00eatre Que ce soit au centre de fitness, \u00e0 la maison ou au bureau : le nouveau BIOSWING Improve 150 est votre partenaire d&rsquo;entra\u00eenement id\u00e9al. Gr\u00e2ce aux impulsions rythmiques, vous activez de mani\u00e8re durable les muscles et le syst\u00e8me nerveux, pr\u00e9venez les [&hellip;]<\/p>\n","protected":false},"featured_media":137834,"comment_status":"open","ping_status":"closed","template":"","meta":{"_acf_changed":false},"pwb-brand":[80],"product_brand":[],"product_cat":[290,190,195,289],"product_tag":[],"class_list":{"0":"post-151814","1":"product","2":"type-product","3":"status-publish","4":"has-post-thumbnail","6":"pwb-brand-haider-bioswing","7":"product_cat-accessoires-de-fitness","8":"product_cat-chaises-de-bureau","9":"product_cat-chaises-de-bureau-principe-du-pendule","10":"product_cat-equipements-de-fitness","11":"product_shipping_class-marchandises-volumineuses","12":"tm-has-options","14":"first","15":"instock","16":"featured","17":"taxable","18":"shipping-taxable","19":"purchasable","20":"product-type-variable","21":"has-default-attributes"},"acf":[],"brands":[{"id":80,"name":"Haider Bioswing","slug":"haider-bioswing"}],"_links":{"self":[{"href":"https:\/\/sitz.ch\/fr\/wp-json\/wp\/v2\/product\/151814","targetHints":{"allow":["GET"]}}],"collection":[{"href":"https:\/\/sitz.ch\/fr\/wp-json\/wp\/v2\/product"}],"about":[{"href":"https:\/\/sitz.ch\/fr\/wp-json\/wp\/v2\/types\/product"}],"replies":[{"embeddable":true,"href":"https:\/\/sitz.ch\/fr\/wp-json\/wp\/v2\/comments?post=151814"}],"version-history":[{"count":0,"href":"https:\/\/sitz.ch\/fr\/wp-json\/wp\/v2\/product\/151814\/revisions"}],"wp:featuredmedia":[{"embeddable":true,"href":"https:\/\/sitz.ch\/fr\/wp-json\/wp\/v2\/media\/137834"}],"wp:attachment":[{"href":"https:\/\/sitz.ch\/fr\/wp-json\/wp\/v2\/media?parent=151814"}],"wp:term":[{"taxonomy":"pwb-brand","embeddable":true,"href":"https:\/\/sitz.ch\/fr\/wp-json\/wp\/v2\/pwb-brand?post=151814"},{"taxonomy":"product_brand","embeddable":true,"href":"https:\/\/sitz.ch\/fr\/wp-json\/wp\/v2\/product_brand?post=151814"},{"taxonomy":"product_cat","embeddable":true,"href":"https:\/\/sitz.ch\/fr\/wp-json\/wp\/v2\/product_cat?post=151814"},{"taxonomy":"product_tag","embeddable":true,"href":"https:\/\/sitz.ch\/fr\/wp-json\/wp\/v2\/product_tag?post=151814"}],"curies":[{"name":"wp","href":"https:\/\/api.w.org\/{rel}","templated":true}]}}