{"id":151820,"date":"2024-02-29T17:25:46","date_gmt":"2024-02-29T16:25:46","guid":{"rendered":"https:\/\/sitz.ch\/produkt\/haider-bioswing-loop\/"},"modified":"2025-05-29T10:41:08","modified_gmt":"2025-05-29T08:41:08","slug":"haider-bioswing-loop","status":"publish","type":"product","link":"https:\/\/sitz.ch\/fr\/produit\/haider-bioswing-loop\/","title":{"rendered":"Haider Bioswing Loop"},"content":{"rendered":"<p><strong>VOS AVANTAGES<\/strong><\/p>\n<ul>\n<li>Le syst\u00e8me d&rsquo;assise BIOSWING\u00ae active la musculature, optimise le contr\u00f4le des postures et des mouvements \u2013 votre r\u00e9gion dorsale et pelvienne, y compris les disques intervert\u00e9braux, sont lib\u00e9r\u00e9s de la pression et de la rigidit\u00e9.<\/li>\n<li>Vous entra\u00eenez votre corps d\u00e8s que vous vous asseyez \u2013 de mani\u00e8re totalement automatique, sans y penser.<\/li>\n<li>Vous ressentez une sensation corporelle d\u00e9tendue et am\u00e9liorez votre concentration et votre performance.<\/li>\n<\/ul>\n<div class=\"item_desc\">\n<p>\u00c9quipement de s\u00e9rie BIOSWING Loop :<\/p>\n<\/div>\n<div class=\"item_desc2\">\n<ul>\n<li>Structure du si\u00e8ge en chrome<\/li>\n<li>Coque de si\u00e8ge mobile<\/li>\n<li>Soutien lombaire<\/li>\n<li>Accoudoirs en aluminium poli<\/li>\n<li>R\u00e9glage en continu de la hauteur du si\u00e8ge de 44 &#8211; 57 cm<\/li>\n<li>Croix de pi\u00e8tement en aluminium poli de 70 cm<\/li>\n<li>Roulettes chrom\u00e9es douces<\/li>\n<\/ul>\n<\/div>\n","protected":false},"excerpt":{"rendered":"<p>VOS AVANTAGES Le syst\u00e8me d&rsquo;assise BIOSWING\u00ae active la musculature, optimise le contr\u00f4le des postures et des mouvements \u2013 votre r\u00e9gion dorsale et pelvienne, y compris les disques intervert\u00e9braux, sont lib\u00e9r\u00e9s de la pression et de la rigidit\u00e9. Vous entra\u00eenez votre corps d\u00e8s que vous vous asseyez \u2013 de mani\u00e8re totalement automatique, sans y penser. Vous [&hellip;]<\/p>\n","protected":false},"featured_media":156834,"comment_status":"open","ping_status":"closed","template":"","meta":{"_acf_changed":false},"pwb-brand":[80],"product_brand":[],"product_cat":[190,195],"product_tag":[],"class_list":{"0":"post-151820","1":"product","2":"type-product","3":"status-publish","4":"has-post-thumbnail","6":"pwb-brand-haider-bioswing","7":"product_cat-chaises-de-bureau","8":"product_cat-chaises-de-bureau-principe-du-pendule","9":"pa_bezug-tissu-xtreme-noir-ys009","10":"tm-has-options","12":"first","13":"outofstock","14":"featured","15":"taxable","16":"shipping-taxable","17":"purchasable","18":"product-type-variable","19":"has-default-attributes"},"acf":[],"brands":[{"id":80,"name":"Haider Bioswing","slug":"haider-bioswing"}],"_links":{"self":[{"href":"https:\/\/sitz.ch\/fr\/wp-json\/wp\/v2\/product\/151820","targetHints":{"allow":["GET"]}}],"collection":[{"href":"https:\/\/sitz.ch\/fr\/wp-json\/wp\/v2\/product"}],"about":[{"href":"https:\/\/sitz.ch\/fr\/wp-json\/wp\/v2\/types\/product"}],"replies":[{"embeddable":true,"href":"https:\/\/sitz.ch\/fr\/wp-json\/wp\/v2\/comments?post=151820"}],"version-history":[{"count":1,"href":"https:\/\/sitz.ch\/fr\/wp-json\/wp\/v2\/product\/151820\/revisions"}],"predecessor-version":[{"id":155263,"href":"https:\/\/sitz.ch\/fr\/wp-json\/wp\/v2\/product\/151820\/revisions\/155263"}],"wp:featuredmedia":[{"embeddable":true,"href":"https:\/\/sitz.ch\/fr\/wp-json\/wp\/v2\/media\/156834"}],"wp:attachment":[{"href":"https:\/\/sitz.ch\/fr\/wp-json\/wp\/v2\/media?parent=151820"}],"wp:term":[{"taxonomy":"pwb-brand","embeddable":true,"href":"https:\/\/sitz.ch\/fr\/wp-json\/wp\/v2\/pwb-brand?post=151820"},{"taxonomy":"product_brand","embeddable":true,"href":"https:\/\/sitz.ch\/fr\/wp-json\/wp\/v2\/product_brand?post=151820"},{"taxonomy":"product_cat","embeddable":true,"href":"https:\/\/sitz.ch\/fr\/wp-json\/wp\/v2\/product_cat?post=151820"},{"taxonomy":"product_tag","embeddable":true,"href":"https:\/\/sitz.ch\/fr\/wp-json\/wp\/v2\/product_tag?post=151820"}],"curies":[{"name":"wp","href":"https:\/\/api.w.org\/{rel}","templated":true}]}}