{"id":151836,"date":"2016-11-12T00:13:03","date_gmt":"2016-11-11T23:13:03","guid":{"rendered":"https:\/\/sitz.ch\/produkt\/haider-bioswing-posturomed-compact\/"},"modified":"2025-05-29T10:49:11","modified_gmt":"2025-05-29T08:49:11","slug":"haider-bioswing-posturomed-compact","status":"publish","type":"product","link":"https:\/\/sitz.ch\/fr\/produit\/haider-bioswing-posturomed-compact\/","title":{"rendered":"Haider Bioswing Posturomed Compact"},"content":{"rendered":"<table style=\"width: 390px; height: 30px;\" border=\"0\" cellspacing=\"1\" cellpadding=\"1\">\n<tbody>\n<tr>\n<td width=\"250\"><a href=\"https:\/\/sitz.ch\/de\/BIOSWING\"><span style=\"text-decoration: underline;\">plus d&rsquo;informations sur notre page BIOSWING<\/span><\/a><\/td>\n<\/tr>\n<\/tbody>\n<\/table>\n<p>POSTUROMED est un appareil d&rsquo;entra\u00eenement et de th\u00e9rapie dot\u00e9 d&rsquo;une surface instable et dosable. Il est largement utilis\u00e9 dans la th\u00e9rapie neuro-orthop\u00e9dique, la pr\u00e9vention et le sport de haut niveau.<\/p>\n<p>La surface pour la th\u00e9rapie active est fix\u00e9e sur des \u00e9l\u00e9ments oscillants sp\u00e9ciaux et brevet\u00e9s, permettant des mouvements de compensation amortis dans une certaine plage de fr\u00e9quences et jusqu&rsquo;\u00e0 une amplitude donn\u00e9e.<\/p>\n<p>Un \u00e9l\u00e9ment essentiel de la th\u00e9rapie posturale avec le POSTUROMED est la technique d&rsquo;exercice innovante d\u00e9velopp\u00e9e par le Dr Rasev. Gr\u00e2ce \u00e0 l&rsquo;augmentation dos\u00e9e des aff\u00e9rences proprioceptives et vestibulaires, une activation diff\u00e9renci\u00e9e des groupes musculaires du tronc et des jambes est atteinte. Cet entra\u00eenement, id\u00e9alement adapt\u00e9 aux capacit\u00e9s d&rsquo;adaptation individuelles, favorise une stabilisation optimale des articulations portantes et de la colonne vert\u00e9brale.<\/p>\n<p>POSTUROMED influence de mani\u00e8re holistique la gestion de la posture et du mouvement, promouvant ainsi l&rsquo;am\u00e9lioration de la coordination segmentaire de l&rsquo;utilisateur ainsi que la performance globale lors de t\u00e2ches monotones.<\/p>\n<p>La mire int\u00e9gr\u00e9e avec cercle de centrage offre \u00e0 l&rsquo;utilisateur une orientation visuelle dans la m\u00e9thodologie d&rsquo;entra\u00eenement et de th\u00e9rapie. Ce marquage permet ainsi de r\u00e9aliser plus facilement des tests standardis\u00e9s (par exemple, le test de Romberg) ou de positionner les pieds avec pr\u00e9cision.<\/p>\n<p>Il existe \u00e9galement une unit\u00e9 de provocation, qui sert \u00e0 la d\u00e9viation cibl\u00e9e de la surface de th\u00e9rapie pour le test standardis\u00e9 de la stabilit\u00e9 segmentaire. Celle-ci est d\u00e9clench\u00e9e m\u00e9caniquement et permet des niveaux de d\u00e9viation de 30, 40 et 50 mm.<\/p>\n<p>Le concept th\u00e9rapeutique du Dr Rasev est propos\u00e9 dans de nombreux cours. Si vous \u00eates int\u00e9ress\u00e9, veuillez demander l&rsquo;\u00e9tat actuel.<\/p>\n<p>Posturomed compact<\/p>\n<p>Appareil d&rsquo;entra\u00eenement et de th\u00e9rapie avec instructions :<\/p>\n<ul>\n<li>Garde-corps pliant unilat\u00e9ral avec grandes roulettes de transport<\/li>\n<li>Cercles d&rsquo;oscillation dont l&rsquo;un est freinable \u00e0 2 niveaux<\/li>\n<li>Surface de support 40x40cm<\/li>\n<li>Surface totale 60x60cm<\/li>\n<\/ul>\n","protected":false},"excerpt":{"rendered":"<p>plus d&rsquo;informations sur notre page BIOSWING POSTUROMED est un appareil d&rsquo;entra\u00eenement et de th\u00e9rapie dot\u00e9 d&rsquo;une surface instable et dosable. Il est largement utilis\u00e9 dans la th\u00e9rapie neuro-orthop\u00e9dique, la pr\u00e9vention et le sport de haut niveau. La surface pour la th\u00e9rapie active est fix\u00e9e sur des \u00e9l\u00e9ments oscillants sp\u00e9ciaux et brevet\u00e9s, permettant des mouvements de [&hellip;]<\/p>\n","protected":false},"featured_media":138284,"comment_status":"open","ping_status":"closed","template":"","meta":{"_acf_changed":false},"pwb-brand":[80],"product_brand":[],"product_cat":[195,289],"product_tag":[],"class_list":{"0":"post-151836","1":"product","2":"type-product","3":"status-publish","4":"has-post-thumbnail","6":"pwb-brand-haider-bioswing","7":"product_cat-chaises-de-bureau-principe-du-pendule","8":"product_cat-equipements-de-fitness","9":"tm-has-options","11":"first","12":"onbackorder","13":"featured","14":"taxable","15":"shipping-taxable","16":"purchasable","17":"product-type-variable","18":"has-default-attributes"},"acf":[],"brands":[{"id":80,"name":"Haider Bioswing","slug":"haider-bioswing"}],"_links":{"self":[{"href":"https:\/\/sitz.ch\/fr\/wp-json\/wp\/v2\/product\/151836","targetHints":{"allow":["GET"]}}],"collection":[{"href":"https:\/\/sitz.ch\/fr\/wp-json\/wp\/v2\/product"}],"about":[{"href":"https:\/\/sitz.ch\/fr\/wp-json\/wp\/v2\/types\/product"}],"replies":[{"embeddable":true,"href":"https:\/\/sitz.ch\/fr\/wp-json\/wp\/v2\/comments?post=151836"}],"version-history":[{"count":1,"href":"https:\/\/sitz.ch\/fr\/wp-json\/wp\/v2\/product\/151836\/revisions"}],"predecessor-version":[{"id":155290,"href":"https:\/\/sitz.ch\/fr\/wp-json\/wp\/v2\/product\/151836\/revisions\/155290"}],"wp:featuredmedia":[{"embeddable":true,"href":"https:\/\/sitz.ch\/fr\/wp-json\/wp\/v2\/media\/138284"}],"wp:attachment":[{"href":"https:\/\/sitz.ch\/fr\/wp-json\/wp\/v2\/media?parent=151836"}],"wp:term":[{"taxonomy":"pwb-brand","embeddable":true,"href":"https:\/\/sitz.ch\/fr\/wp-json\/wp\/v2\/pwb-brand?post=151836"},{"taxonomy":"product_brand","embeddable":true,"href":"https:\/\/sitz.ch\/fr\/wp-json\/wp\/v2\/product_brand?post=151836"},{"taxonomy":"product_cat","embeddable":true,"href":"https:\/\/sitz.ch\/fr\/wp-json\/wp\/v2\/product_cat?post=151836"},{"taxonomy":"product_tag","embeddable":true,"href":"https:\/\/sitz.ch\/fr\/wp-json\/wp\/v2\/product_tag?post=151836"}],"curies":[{"name":"wp","href":"https:\/\/api.w.org\/{rel}","templated":true}]}}