{"id":151840,"date":"2024-10-18T17:07:32","date_gmt":"2024-10-18T15:07:32","guid":{"rendered":"https:\/\/sitz.ch\/produkt\/haider-bioswing-module-de-reeducation-pour-posturomed-202\/"},"modified":"2024-10-18T17:07:32","modified_gmt":"2024-10-18T15:07:32","slug":"haider-bioswing-module-de-reeducation-pour-posturomed-202","status":"publish","type":"product","link":"https:\/\/sitz.ch\/fr\/produit\/haider-bioswing-module-de-reeducation-pour-posturomed-202\/","title":{"rendered":"Haider Bioswing Module de R\u00e9\u00e9ducation pour Posturomed 202"},"content":{"rendered":"","protected":false},"excerpt":{"rendered":"<p>Le module de r\u00e9\u00e9ducation Haider Bioswing, exclusif au Posturomed 202, permet des exercices de stabilisation cibl\u00e9s pour le genou, la hanche et le bassin. Ces exercices peuvent \u00eatre effectu\u00e9s aussi bien de mani\u00e8re isom\u00e9trique que dynamique, afin d&rsquo;activer les muscles dans une cha\u00eene cin\u00e9tique ferm\u00e9e.<\/p>\n<p>Gr\u00e2ce \u00e0 la r\u00e9duction partielle de la charge sur les extr\u00e9mit\u00e9s inf\u00e9rieures, le patient s&rsquo;entra\u00eene sur une surface s\u00fbre et contr\u00f4l\u00e9e. Une jambe est stabilis\u00e9e sur un point fixe, tandis que l&rsquo;autre s&rsquo;entra\u00eene de mani\u00e8re instable sur l&rsquo;\u00e9l\u00e9ment mobile, solidement fix\u00e9 \u00e0 la surface oscillante.<\/p>\n<p>Particuli\u00e8rement pr\u00e9cieux lors de la phase de r\u00e9habilitation apr\u00e8s des blessures ou des op\u00e9rations de ces articulations, ce module permet un entra\u00eenement doux mais efficace, pouvant \u00eatre personnalis\u00e9. Ce module est constitu\u00e9 d&rsquo;une traverse transversale, d&rsquo;un \u00e9l\u00e9ment coulissant et d&rsquo;un dispositif de r\u00e9ception, et peut \u00eatre parfaitement combin\u00e9 avec des appareils de traction ou d&rsquo;autres r\u00e9sistances similaires pouvant \u00eatre reli\u00e9s au Posturomed.<\/p>\n<ul>\n<li>Module suppl\u00e9mentaire pour Posturomed 202<\/li>\n<li>Comprenant : traverse transversale, \u00e9l\u00e9ment coulissant et dispositif de r\u00e9ception<\/li>\n<li>Rev\u00eatement en plastique<\/li>\n<li>Couleur argent\/noir<\/li>\n<\/ul>\n","protected":false},"featured_media":143405,"comment_status":"open","ping_status":"closed","template":"","meta":{"_acf_changed":false},"pwb-brand":[80],"product_brand":[],"product_cat":[290,323,289],"product_tag":[],"class_list":{"0":"post-151840","1":"product","2":"type-product","3":"status-publish","4":"has-post-thumbnail","6":"pwb-brand-haider-bioswing","7":"product_cat-accessoires-de-fitness","8":"product_cat-elements-accessoires","9":"product_cat-equipements-de-fitness","10":"tm-has-options","12":"first","13":"onbackorder","14":"taxable","15":"shipping-taxable","16":"purchasable","17":"product-type-variable","18":"has-default-attributes"},"acf":[],"brands":[{"id":80,"name":"Haider Bioswing","slug":"haider-bioswing"}],"_links":{"self":[{"href":"https:\/\/sitz.ch\/fr\/wp-json\/wp\/v2\/product\/151840","targetHints":{"allow":["GET"]}}],"collection":[{"href":"https:\/\/sitz.ch\/fr\/wp-json\/wp\/v2\/product"}],"about":[{"href":"https:\/\/sitz.ch\/fr\/wp-json\/wp\/v2\/types\/product"}],"replies":[{"embeddable":true,"href":"https:\/\/sitz.ch\/fr\/wp-json\/wp\/v2\/comments?post=151840"}],"version-history":[{"count":0,"href":"https:\/\/sitz.ch\/fr\/wp-json\/wp\/v2\/product\/151840\/revisions"}],"wp:featuredmedia":[{"embeddable":true,"href":"https:\/\/sitz.ch\/fr\/wp-json\/wp\/v2\/media\/143405"}],"wp:attachment":[{"href":"https:\/\/sitz.ch\/fr\/wp-json\/wp\/v2\/media?parent=151840"}],"wp:term":[{"taxonomy":"pwb-brand","embeddable":true,"href":"https:\/\/sitz.ch\/fr\/wp-json\/wp\/v2\/pwb-brand?post=151840"},{"taxonomy":"product_brand","embeddable":true,"href":"https:\/\/sitz.ch\/fr\/wp-json\/wp\/v2\/product_brand?post=151840"},{"taxonomy":"product_cat","embeddable":true,"href":"https:\/\/sitz.ch\/fr\/wp-json\/wp\/v2\/product_cat?post=151840"},{"taxonomy":"product_tag","embeddable":true,"href":"https:\/\/sitz.ch\/fr\/wp-json\/wp\/v2\/product_tag?post=151840"}],"curies":[{"name":"wp","href":"https:\/\/api.w.org\/{rel}","templated":true}]}}