{"id":151846,"date":"2016-11-12T00:22:55","date_gmt":"2016-11-11T23:22:55","guid":{"rendered":"https:\/\/sitz.ch\/produkt\/handshoemouse-hsm-original\/"},"modified":"2016-11-12T00:22:55","modified_gmt":"2016-11-11T23:22:55","slug":"handshoemouse-hsm-original","status":"publish","type":"product","link":"https:\/\/sitz.ch\/fr\/produit\/handshoemouse-hsm-original\/","title":{"rendered":"HandshoeMouse HSM Original"},"content":{"rendered":"<p>Souris ergonomique avec deux boutons et molette de d\u00e9filement. Avec la HandshoeMouse, la paume enti\u00e8re, y compris le talon de la main, repose sur la souris. Elle peut ainsi \u00eatre d\u00e9plac\u00e9e sans effort et sans serrer, all\u00e9geant la charge musculaire.<\/p>\n<p>&nbsp;<\/p>\n<p>Sp\u00e9cification :<\/p>\n<p>* 2 boutons<\/p>\n<p>* Molette de d\u00e9filement<\/p>\n<p>Guide des tailles :<\/p>\n<ul>\n<li>Extra-Petit : Taille de main jusqu&rsquo;\u00e0 155 mm.<\/li>\n<li>Petit : Taille de main jusqu&rsquo;\u00e0 175 mm.<\/li>\n<li>Moyen : Taille de main jusqu&rsquo;\u00e0 200 mm.<\/li>\n<li>Grand : Taille de main \u00e0 partir de 200 mm.<\/li>\n<\/ul>\n<p>Quelle taille vous faut-il ? Pour trouver la taille de souris adapt\u00e9e, mesurez de l&rsquo;int\u00e9rieur du poignet jusqu&rsquo;\u00e0 la pointe du majeur. La distance en mm d\u00e9termine la taille de la souris. Pour les enfants ou les adultes aux mains tr\u00e8s petites, la <strong>taille Extra-Petit<\/strong> est maintenant disponible en version pour droitiers et avec c\u00e2ble.<\/p>\n<p><img decoding=\"async\" title=\"Pour grandes et petites mains.\" src=\"https:\/\/www.me-first.ch\/images\/hands.jpg\" alt=\"Pour grandes et petites mains.\" width=\"180\" height=\"235\" \/><\/p>\n","protected":false},"excerpt":{"rendered":"<p>Souris ergonomique avec deux boutons et molette de d\u00e9filement. Avec la HandshoeMouse, la paume enti\u00e8re, y compris le talon de la main, repose sur la souris. Elle peut ainsi \u00eatre d\u00e9plac\u00e9e sans effort et sans serrer, all\u00e9geant la charge musculaire. &nbsp; Sp\u00e9cification : * 2 boutons * Molette de d\u00e9filement Guide des tailles : Extra-Petit [&hellip;]<\/p>\n","protected":false},"featured_media":143054,"comment_status":"open","ping_status":"closed","template":"","meta":{"_acf_changed":false},"pwb-brand":[107],"product_brand":[],"product_cat":[268,272],"product_tag":[],"class_list":{"0":"post-151846","1":"product","2":"type-product","3":"status-publish","4":"has-post-thumbnail","6":"pwb-brand-handshoemouse","7":"product_cat-accessoires-ergonomiques","8":"product_cat-souris-ergonomiques","9":"tm-has-options","11":"first","12":"instock","13":"sale","14":"featured","15":"taxable","16":"shipping-taxable","17":"purchasable","18":"product-type-variable","19":"has-default-attributes"},"acf":[],"brands":[{"id":107,"name":"Handshoemouse","slug":"handshoemouse"}],"_links":{"self":[{"href":"https:\/\/sitz.ch\/fr\/wp-json\/wp\/v2\/product\/151846","targetHints":{"allow":["GET"]}}],"collection":[{"href":"https:\/\/sitz.ch\/fr\/wp-json\/wp\/v2\/product"}],"about":[{"href":"https:\/\/sitz.ch\/fr\/wp-json\/wp\/v2\/types\/product"}],"replies":[{"embeddable":true,"href":"https:\/\/sitz.ch\/fr\/wp-json\/wp\/v2\/comments?post=151846"}],"version-history":[{"count":0,"href":"https:\/\/sitz.ch\/fr\/wp-json\/wp\/v2\/product\/151846\/revisions"}],"wp:featuredmedia":[{"embeddable":true,"href":"https:\/\/sitz.ch\/fr\/wp-json\/wp\/v2\/media\/143054"}],"wp:attachment":[{"href":"https:\/\/sitz.ch\/fr\/wp-json\/wp\/v2\/media?parent=151846"}],"wp:term":[{"taxonomy":"pwb-brand","embeddable":true,"href":"https:\/\/sitz.ch\/fr\/wp-json\/wp\/v2\/pwb-brand?post=151846"},{"taxonomy":"product_brand","embeddable":true,"href":"https:\/\/sitz.ch\/fr\/wp-json\/wp\/v2\/product_brand?post=151846"},{"taxonomy":"product_cat","embeddable":true,"href":"https:\/\/sitz.ch\/fr\/wp-json\/wp\/v2\/product_cat?post=151846"},{"taxonomy":"product_tag","embeddable":true,"href":"https:\/\/sitz.ch\/fr\/wp-json\/wp\/v2\/product_tag?post=151846"}],"curies":[{"name":"wp","href":"https:\/\/api.w.org\/{rel}","templated":true}]}}