{"id":151860,"date":"2016-11-12T00:22:25","date_gmt":"2016-11-11T23:22:25","guid":{"rendered":"https:\/\/sitz.ch\/produkt\/imak-gant-dordinateur-rsi-stabilisateur-de-poignet-pour-travail-et-jeu\/"},"modified":"2025-02-27T16:54:26","modified_gmt":"2025-02-27T15:54:26","slug":"imak-gant-dordinateur-rsi-stabilisateur-de-poignet-pour-travail-et-jeu","status":"publish","type":"product","link":"https:\/\/sitz.ch\/fr\/produit\/imak-gant-dordinateur-rsi-stabilisateur-de-poignet-pour-travail-et-jeu\/","title":{"rendered":"IMAK Gant d&rsquo;Ordinateur RSI Stabilisateur de Poignet pour Travail et Jeu"},"content":{"rendered":"\t\t<div data-elementor-type=\"product-post\" data-elementor-id=\"151860\" class=\"elementor elementor-151860 elementor-124087\" data-elementor-post-type=\"product\">\n\t\t\t\t<section class=\"elementor-element elementor-element-dabb73d ergo-f-list e-flex e-con-boxed e-con e-parent\" data-id=\"dabb73d\" data-element_type=\"container\" data-e-type=\"container\">\n\t\t\t\t\t<div class=\"e-con-inner\">\n\t\t<div class=\"elementor-element elementor-element-12c4f11 e-con-full e-flex e-con e-child\" data-id=\"12c4f11\" data-element_type=\"container\" data-e-type=\"container\">\n\t\t\t\t<div class=\"elementor-element elementor-element-5158373 elementor-widget elementor-widget-heading\" data-id=\"5158373\" data-element_type=\"widget\" data-e-type=\"widget\" data-widget_type=\"heading.default\">\n\t\t\t\t<div class=\"elementor-widget-container\">\n\t\t\t\t\t<h3 class=\"elementor-heading-title elementor-size-default\">\u00c9viter le syndrome du canal carpien<\/h3>\t\t\t\t<\/div>\n\t\t\t\t<\/div>\n\t\t\t\t<div class=\"elementor-element elementor-element-460f6a0 elementor-widget elementor-widget-text-editor\" data-id=\"460f6a0\" data-element_type=\"widget\" data-e-type=\"widget\" data-widget_type=\"text-editor.default\">\n\t\t\t\t<div class=\"elementor-widget-container\">\n\t\t\t\t\t\t\t\t\t<p>Le gant d&rsquo;ordinateur IMAK est sp\u00e9cialement con\u00e7u pour soulager et pr\u00e9venir efficacement les douleurs et inconforts du syndrome du canal carpien (SCC). Gr\u00e2ce \u00e0 sa conception ergonomique et son coussin int\u00e9gr\u00e9 ErgoBeads, le gant soutient et masse le poignet de mani\u00e8re optimale, r\u00e9duisant ainsi la pression et favorisant la circulation sanguine. Vous pouvez donc travailler de longues heures devant l&rsquo;ordinateur sans ressentir de douleurs d\u00e9sagr\u00e9ables.<\/p>\n\t\t\t\t\t\t\t\t<\/div>\n\t\t\t\t<\/div>\n\t\t\t\t<\/div>\n\t\t<div class=\"elementor-element elementor-element-830ec72 e-con-full e-flex e-con e-child\" data-id=\"830ec72\" data-element_type=\"container\" data-e-type=\"container\">\n\t\t\t\t<div class=\"elementor-element elementor-element-2d792bd elementor-widget elementor-widget-image\" data-id=\"2d792bd\" data-element_type=\"widget\" data-e-type=\"widget\" data-widget_type=\"image.default\">\n\t\t\t\t<div class=\"elementor-widget-container\">\n\t\t\t\t\t\t\t\t\t\t\t\t\t\t\t<img decoding=\"async\" width=\"600\" height=\"400\" src=\"https:\/\/sitz.ch\/wp-content\/uploads\/imak-ergobeads-computer-glove-karpaltunnelsyndroms-ergopoint-600x400.jpg\" class=\"attachment-medium size-medium wp-image-143135\" alt=\"\" srcset=\"https:\/\/sitz.ch\/wp-content\/uploads\/imak-ergobeads-computer-glove-karpaltunnelsyndroms-ergopoint-600x400.jpg 600w, https:\/\/sitz.ch\/wp-content\/uploads\/imak-ergobeads-computer-glove-karpaltunnelsyndroms-ergopoint-1024x682.jpg 1024w, https:\/\/sitz.ch\/wp-content\/uploads\/imak-ergobeads-computer-glove-karpaltunnelsyndroms-ergopoint-768x512.jpg 768w, https:\/\/sitz.ch\/wp-content\/uploads\/imak-ergobeads-computer-glove-karpaltunnelsyndroms-ergopoint-1536x1024.jpg 1536w, https:\/\/sitz.ch\/wp-content\/uploads\/imak-ergobeads-computer-glove-karpaltunnelsyndroms-ergopoint-64x43.jpg 64w, https:\/\/sitz.ch\/wp-content\/uploads\/imak-ergobeads-computer-glove-karpaltunnelsyndroms-ergopoint.jpg 2000w\" sizes=\"(max-width: 600px) 100vw, 600px\" title=\"\">\t\t\t\t\t\t\t\t\t\t\t\t\t\t\t<\/div>\n\t\t\t\t<\/div>\n\t\t\t\t<\/div>\n\t\t\t\t\t<\/div>\n\t\t\t\t<\/section>\n\t\t<section class=\"elementor-element elementor-element-b463cb9 ergo-f-list e-flex e-con-boxed e-con e-parent\" data-id=\"b463cb9\" data-element_type=\"container\" data-e-type=\"container\">\n\t\t\t\t\t<div class=\"e-con-inner\">\n\t\t<div class=\"elementor-element elementor-element-fef96df e-con-full e-flex e-con e-child\" data-id=\"fef96df\" data-element_type=\"container\" data-e-type=\"container\">\n\t\t\t\t<div class=\"elementor-element elementor-element-0b68008 elementor-widget elementor-widget-heading\" data-id=\"0b68008\" data-element_type=\"widget\" data-e-type=\"widget\" data-widget_type=\"heading.default\">\n\t\t\t\t<div class=\"elementor-widget-container\">\n\t\t\t\t\t<h3 class=\"elementor-heading-title elementor-size-default\">Soutien ergonomique<\/h3>\t\t\t\t<\/div>\n\t\t\t\t<\/div>\n\t\t\t\t<div class=\"elementor-element elementor-element-bb1aa29 elementor-widget elementor-widget-text-editor\" data-id=\"bb1aa29\" data-element_type=\"widget\" data-e-type=\"widget\" data-widget_type=\"text-editor.default\">\n\t\t\t\t<div class=\"elementor-widget-container\">\n\t\t\t\t\t\t\t\t\t<p>Le Gant pour Ordinateur Ergobeads augmente le confort lors de toutes les activit\u00e9s sollicitant le poignet. Que ce soit pour travailler sur un ordinateur portable, un ordinateur de bureau ou pour \u00e9crire \u00e0 la main, ce gant offre toujours un soutien optimal du poignet. Le rembourrage doux prot\u00e8ge contre les points de pression et permet une position relaxante de la main m\u00eame pendant une utilisation intensive. Chaque activit\u00e9 peut \u00eatre r\u00e9alis\u00e9e sans contraintes, tandis qu&rsquo;un poignet bien soutenu fait une diff\u00e9rence notable.<\/p>\n\t\t\t\t\t\t\t\t<\/div>\n\t\t\t\t<\/div>\n\t\t\t\t<\/div>\n\t\t<div class=\"elementor-element elementor-element-eb161ab e-con-full e-flex e-con e-child\" data-id=\"eb161ab\" data-element_type=\"container\" data-e-type=\"container\">\n\t\t\t\t<div class=\"elementor-element elementor-element-d7be030 elementor-widget elementor-widget-image\" data-id=\"d7be030\" data-element_type=\"widget\" data-e-type=\"widget\" data-widget_type=\"image.default\">\n\t\t\t\t<div class=\"elementor-widget-container\">\n\t\t\t\t\t\t\t\t\t\t\t\t\t\t\t<img decoding=\"async\" width=\"600\" height=\"600\" src=\"https:\/\/sitz.ch\/wp-content\/uploads\/imak-ergobeads-computer-glove-handgelenkbandage-maus-ergopoint-600x600.jpg\" class=\"attachment-medium size-medium wp-image-143030\" alt=\"\" srcset=\"https:\/\/sitz.ch\/wp-content\/uploads\/imak-ergobeads-computer-glove-handgelenkbandage-maus-ergopoint-600x600.jpg 600w, https:\/\/sitz.ch\/wp-content\/uploads\/imak-ergobeads-computer-glove-handgelenkbandage-maus-ergopoint-1024x1024.jpg 1024w, https:\/\/sitz.ch\/wp-content\/uploads\/imak-ergobeads-computer-glove-handgelenkbandage-maus-ergopoint-300x300.jpg 300w, https:\/\/sitz.ch\/wp-content\/uploads\/imak-ergobeads-computer-glove-handgelenkbandage-maus-ergopoint-768x768.jpg 768w, https:\/\/sitz.ch\/wp-content\/uploads\/imak-ergobeads-computer-glove-handgelenkbandage-maus-ergopoint-1536x1536.jpg 1536w, https:\/\/sitz.ch\/wp-content\/uploads\/imak-ergobeads-computer-glove-handgelenkbandage-maus-ergopoint-100x100.jpg 100w, https:\/\/sitz.ch\/wp-content\/uploads\/imak-ergobeads-computer-glove-handgelenkbandage-maus-ergopoint-135x135.jpg 135w, https:\/\/sitz.ch\/wp-content\/uploads\/imak-ergobeads-computer-glove-handgelenkbandage-maus-ergopoint-64x64.jpg 64w, https:\/\/sitz.ch\/wp-content\/uploads\/imak-ergobeads-computer-glove-handgelenkbandage-maus-ergopoint.jpg 2000w\" sizes=\"(max-width: 600px) 100vw, 600px\" title=\"\">\t\t\t\t\t\t\t\t\t\t\t\t\t\t\t<\/div>\n\t\t\t\t<\/div>\n\t\t\t\t<\/div>\n\t\t\t\t\t<\/div>\n\t\t\t\t<\/section>\n\t\t<section class=\"elementor-element elementor-element-9acd333 ergo-f-list e-flex e-con-boxed e-con e-parent\" data-id=\"9acd333\" data-element_type=\"container\" data-e-type=\"container\">\n\t\t\t\t\t<div class=\"e-con-inner\">\n\t\t<div class=\"elementor-element elementor-element-df16b60 e-con-full e-flex e-con e-child\" data-id=\"df16b60\" data-element_type=\"container\" data-e-type=\"container\">\n\t\t\t\t<div class=\"elementor-element elementor-element-3fb842f elementor-widget elementor-widget-heading\" data-id=\"3fb842f\" data-element_type=\"widget\" data-e-type=\"widget\" data-widget_type=\"heading.default\">\n\t\t\t\t<div class=\"elementor-widget-container\">\n\t\t\t\t\t<h3 class=\"elementor-heading-title elementor-size-default\">Coussinets ErgoBeads<\/h3>\t\t\t\t<\/div>\n\t\t\t\t<\/div>\n\t\t\t\t<div class=\"elementor-element elementor-element-03e73fc elementor-widget elementor-widget-text-editor\" data-id=\"03e73fc\" data-element_type=\"widget\" data-e-type=\"widget\" data-widget_type=\"text-editor.default\">\n\t\t\t\t<div class=\"elementor-widget-container\">\n\t\t\t\t\t\t\t\t\t<p>Le coussinet brevet\u00e9 ErgoBeads dans le gant d&rsquo;ordinateur IMAK offre un rembourrage unique qui prot\u00e8ge votre poignet contre les surfaces dures et les chocs. Ces perles innovantes s&rsquo;adaptent doucement \u00e0 la main et assurent un soutien confortable et uniforme. Le rembourrage masse doucement la paume et favorise la circulation sanguine, tout en minimisant la tension sur le poignet.<\/p>\n\t\t\t\t\t\t\t\t<\/div>\n\t\t\t\t<\/div>\n\t\t\t\t<\/div>\n\t\t<div class=\"elementor-element elementor-element-d1e4ddd e-con-full e-flex e-con e-child\" data-id=\"d1e4ddd\" data-element_type=\"container\" data-e-type=\"container\">\n\t\t\t\t<div class=\"elementor-element elementor-element-3069dca elementor-widget elementor-widget-image\" data-id=\"3069dca\" data-element_type=\"widget\" data-e-type=\"widget\" data-widget_type=\"image.default\">\n\t\t\t\t<div class=\"elementor-widget-container\">\n\t\t\t\t\t\t\t\t\t\t\t\t\t\t\t<img decoding=\"async\" width=\"300\" height=\"300\" src=\"https:\/\/sitz.ch\/wp-content\/uploads\/imak-ergobeads-computer-glove-patent-ergopoint.jpg\" class=\"attachment-medium size-medium wp-image-143138\" alt=\"\" srcset=\"https:\/\/sitz.ch\/wp-content\/uploads\/imak-ergobeads-computer-glove-patent-ergopoint.jpg 300w, https:\/\/sitz.ch\/wp-content\/uploads\/imak-ergobeads-computer-glove-patent-ergopoint-100x100.jpg 100w, https:\/\/sitz.ch\/wp-content\/uploads\/imak-ergobeads-computer-glove-patent-ergopoint-135x135.jpg 135w, https:\/\/sitz.ch\/wp-content\/uploads\/imak-ergobeads-computer-glove-patent-ergopoint-64x64.jpg 64w\" sizes=\"(max-width: 300px) 100vw, 300px\" title=\"\">\t\t\t\t\t\t\t\t\t\t\t\t\t\t\t<\/div>\n\t\t\t\t<\/div>\n\t\t\t\t<\/div>\n\t\t\t\t\t<\/div>\n\t\t\t\t<\/section>\n\t\t<section class=\"elementor-element elementor-element-af61c9d ergo-f-list e-flex e-con-boxed e-con e-parent\" data-id=\"af61c9d\" data-element_type=\"container\" data-e-type=\"container\">\n\t\t\t\t\t<div class=\"e-con-inner\">\n\t\t<div class=\"elementor-element elementor-element-6138509 e-con-full e-flex e-con e-child\" data-id=\"6138509\" data-element_type=\"container\" data-e-type=\"container\">\n\t\t\t\t<div class=\"elementor-element elementor-element-a1a3cad elementor-widget elementor-widget-heading\" data-id=\"a1a3cad\" data-element_type=\"widget\" data-e-type=\"widget\" data-widget_type=\"heading.default\">\n\t\t\t\t<div class=\"elementor-widget-container\">\n\t\t\t\t\t<h3 class=\"elementor-heading-title elementor-size-default\">Adapt\u00e9 pour la main droite ou gauche<\/h3>\t\t\t\t<\/div>\n\t\t\t\t<\/div>\n\t\t\t\t<div class=\"elementor-element elementor-element-3b8093f elementor-widget elementor-widget-text-editor\" data-id=\"3b8093f\" data-element_type=\"widget\" data-e-type=\"widget\" data-widget_type=\"text-editor.default\">\n\t\t\t\t<div class=\"elementor-widget-container\">\n\t\t\t\t\t\t\t\t\t<p>Gr\u00e2ce \u00e0 sa conception r\u00e9versible, le gant d&rsquo;ordinateur IMAK convient aussi bien \u00e0 la main droite qu&rsquo;\u00e0 la main gauche. Cette polyvalence le rend particuli\u00e8rement pratique et flexible, sans qu&rsquo;il soit n\u00e9cessaire de d\u00e9cider \u00e0 l&rsquo;avance quelle main doit \u00eatre soutenue. Il suffit de le retourner et de l&rsquo;enfiler \u2013 le gant s&rsquo;adapte aux besoins individuels. Cette fonctionnalit\u00e9 bien pens\u00e9e gagne du temps et offre la flexibilit\u00e9 n\u00e9cessaire au quotidien.<\/p>\n\t\t\t\t\t\t\t\t<\/div>\n\t\t\t\t<\/div>\n\t\t\t\t<\/div>\n\t\t<div class=\"elementor-element elementor-element-d6c4d69 e-con-full e-flex e-con e-child\" data-id=\"d6c4d69\" data-element_type=\"container\" data-e-type=\"container\">\n\t\t\t\t<div class=\"elementor-element elementor-element-cd21bc4 elementor-widget elementor-widget-image\" data-id=\"cd21bc4\" data-element_type=\"widget\" data-e-type=\"widget\" data-widget_type=\"image.default\">\n\t\t\t\t<div class=\"elementor-widget-container\">\n\t\t\t\t\t\t\t\t\t\t\t\t\t\t\t<img decoding=\"async\" width=\"300\" height=\"300\" src=\"https:\/\/sitz.ch\/wp-content\/uploads\/imak-ergobeads-computer-glove-rechte-linke-hand-ergopoint.jpg\" class=\"attachment-medium size-medium wp-image-143141\" alt=\"\" srcset=\"https:\/\/sitz.ch\/wp-content\/uploads\/imak-ergobeads-computer-glove-rechte-linke-hand-ergopoint.jpg 300w, https:\/\/sitz.ch\/wp-content\/uploads\/imak-ergobeads-computer-glove-rechte-linke-hand-ergopoint-100x100.jpg 100w, https:\/\/sitz.ch\/wp-content\/uploads\/imak-ergobeads-computer-glove-rechte-linke-hand-ergopoint-135x135.jpg 135w, https:\/\/sitz.ch\/wp-content\/uploads\/imak-ergobeads-computer-glove-rechte-linke-hand-ergopoint-64x64.jpg 64w\" sizes=\"(max-width: 300px) 100vw, 300px\" title=\"\">\t\t\t\t\t\t\t\t\t\t\t\t\t\t\t<\/div>\n\t\t\t\t<\/div>\n\t\t\t\t<\/div>\n\t\t\t\t\t<\/div>\n\t\t\t\t<\/section>\n\t\t<section class=\"elementor-element elementor-element-2fccc44 ergo-f-list e-flex e-con-boxed e-con e-parent\" data-id=\"2fccc44\" data-element_type=\"container\" data-e-type=\"container\">\n\t\t\t\t\t<div class=\"e-con-inner\">\n\t\t<div class=\"elementor-element elementor-element-f408de3 e-con-full e-flex e-con e-child\" data-id=\"f408de3\" data-element_type=\"container\" data-e-type=\"container\">\n\t\t\t\t<div class=\"elementor-element elementor-element-d9ec540 elementor-widget elementor-widget-heading\" data-id=\"d9ec540\" data-element_type=\"widget\" data-e-type=\"widget\" data-widget_type=\"heading.default\">\n\t\t\t\t<div class=\"elementor-widget-container\">\n\t\t\t\t\t<h3 class=\"elementor-heading-title elementor-size-default\">Polyvalent et adaptable<\/h3>\t\t\t\t<\/div>\n\t\t\t\t<\/div>\n\t\t\t\t<div class=\"elementor-element elementor-element-2b6d3e0 elementor-widget elementor-widget-text-editor\" data-id=\"2b6d3e0\" data-element_type=\"widget\" data-e-type=\"widget\" data-widget_type=\"text-editor.default\">\n\t\t\t\t<div class=\"elementor-widget-container\">\n\t\t\t\t\t\t\t\t\t<p>Le gant d&rsquo;ordinateur IMAK est un polyvalent qui convient \u00e0 de nombreuses applications. Que ce soit pour travailler sur un ordinateur portable, taper sur un clavier de bureau, utiliser une souris, communiquer avec un smartphone, jouer \u00e0 des jeux vid\u00e9o ou prendre des notes manuscrites, ce gant offre un soutien fiable dans chaque situation. Il s&rsquo;adapte \u00e0 divers appareils et activit\u00e9s, assurant ainsi toujours protection et confort. Un compagnon indispensable pour toutes les activit\u00e9s num\u00e9riques et analogiques.<\/p>\n\t\t\t\t\t\t\t\t<\/div>\n\t\t\t\t<\/div>\n\t\t\t\t<\/div>\n\t\t<div class=\"elementor-element elementor-element-7f80651 e-con-full e-flex e-con e-child\" data-id=\"7f80651\" data-element_type=\"container\" data-e-type=\"container\">\n\t\t\t\t<div class=\"elementor-element elementor-element-253976e elementor-widget elementor-widget-image\" data-id=\"253976e\" data-element_type=\"widget\" data-e-type=\"widget\" data-widget_type=\"image.default\">\n\t\t\t\t<div class=\"elementor-widget-container\">\n\t\t\t\t\t\t\t\t\t\t\t\t\t\t\t<img decoding=\"async\" width=\"300\" height=\"300\" src=\"https:\/\/sitz.ch\/wp-content\/uploads\/imak-ergobeads-computer-glove-ergonomie-support-ergopoint.jpg\" class=\"attachment-medium size-medium wp-image-143144\" alt=\"\" srcset=\"https:\/\/sitz.ch\/wp-content\/uploads\/imak-ergobeads-computer-glove-ergonomie-support-ergopoint.jpg 300w, https:\/\/sitz.ch\/wp-content\/uploads\/imak-ergobeads-computer-glove-ergonomie-support-ergopoint-100x100.jpg 100w, https:\/\/sitz.ch\/wp-content\/uploads\/imak-ergobeads-computer-glove-ergonomie-support-ergopoint-135x135.jpg 135w, https:\/\/sitz.ch\/wp-content\/uploads\/imak-ergobeads-computer-glove-ergonomie-support-ergopoint-64x64.jpg 64w\" sizes=\"(max-width: 300px) 100vw, 300px\" title=\"\">\t\t\t\t\t\t\t\t\t\t\t\t\t\t\t<\/div>\n\t\t\t\t<\/div>\n\t\t\t\t<\/div>\n\t\t\t\t\t<\/div>\n\t\t\t\t<\/section>\n\t\t<section class=\"elementor-element elementor-element-5ebebbc ergo-f-list e-flex e-con-boxed e-con e-parent\" data-id=\"5ebebbc\" data-element_type=\"container\" data-e-type=\"container\">\n\t\t\t\t\t<div class=\"e-con-inner\">\n\t\t<div class=\"elementor-element elementor-element-09f5a43 e-con-full e-flex e-con e-child\" data-id=\"09f5a43\" data-element_type=\"container\" data-e-type=\"container\">\n\t\t\t\t<div class=\"elementor-element elementor-element-1210948 elementor-widget elementor-widget-heading\" data-id=\"1210948\" data-element_type=\"widget\" data-e-type=\"widget\" data-widget_type=\"heading.default\">\n\t\t\t\t<div class=\"elementor-widget-container\">\n\t\t\t\t\t<h3 class=\"elementor-heading-title elementor-size-default\">Mat\u00e9riau en coton respirant<\/h3>\t\t\t\t<\/div>\n\t\t\t\t<\/div>\n\t\t\t\t<div class=\"elementor-element elementor-element-0415dc3 elementor-widget elementor-widget-text-editor\" data-id=\"0415dc3\" data-element_type=\"widget\" data-e-type=\"widget\" data-widget_type=\"text-editor.default\">\n\t\t\t\t<div class=\"elementor-widget-container\">\n\t\t\t\t\t\t\t\t\t<p>Le Computer Glove est fabriqu\u00e9 en coton de haute qualit\u00e9 et respirant, gardant la main agr\u00e9ablement fra\u00eeche et s\u00e8che. M\u00eame apr\u00e8s une utilisation prolong\u00e9e, le gant reste confortable et \u00e9vite la transpiration d\u00e9sagr\u00e9able. Le mat\u00e9riau est \u00e9galement doux et respectueux de la peau, ce qui am\u00e9liore encore le confort de port. Un gant respirant offrant un confort ininterrompu pendant des heures sans accumulation de chaleur.<\/p>\n\t\t\t\t\t\t\t\t<\/div>\n\t\t\t\t<\/div>\n\t\t\t\t<\/div>\n\t\t<div class=\"elementor-element elementor-element-0026542 e-con-full e-flex e-con e-child\" data-id=\"0026542\" data-element_type=\"container\" data-e-type=\"container\">\n\t\t\t\t<div class=\"elementor-element elementor-element-7a3874f elementor-widget elementor-widget-image\" data-id=\"7a3874f\" data-element_type=\"widget\" data-e-type=\"widget\" data-widget_type=\"image.default\">\n\t\t\t\t<div class=\"elementor-widget-container\">\n\t\t\t\t\t\t\t\t\t\t\t\t\t\t\t<img decoding=\"async\" width=\"600\" height=\"600\" src=\"https:\/\/sitz.ch\/wp-content\/uploads\/imak-ergobeads-computer-glove-handgelenkbandage-ergopoint-600x600.jpg\" class=\"attachment-medium size-medium wp-image-143027\" alt=\"\" srcset=\"https:\/\/sitz.ch\/wp-content\/uploads\/imak-ergobeads-computer-glove-handgelenkbandage-ergopoint-600x600.jpg 600w, https:\/\/sitz.ch\/wp-content\/uploads\/imak-ergobeads-computer-glove-handgelenkbandage-ergopoint-1024x1024.jpg 1024w, https:\/\/sitz.ch\/wp-content\/uploads\/imak-ergobeads-computer-glove-handgelenkbandage-ergopoint-300x300.jpg 300w, https:\/\/sitz.ch\/wp-content\/uploads\/imak-ergobeads-computer-glove-handgelenkbandage-ergopoint-768x768.jpg 768w, https:\/\/sitz.ch\/wp-content\/uploads\/imak-ergobeads-computer-glove-handgelenkbandage-ergopoint-1536x1536.jpg 1536w, https:\/\/sitz.ch\/wp-content\/uploads\/imak-ergobeads-computer-glove-handgelenkbandage-ergopoint-100x100.jpg 100w, https:\/\/sitz.ch\/wp-content\/uploads\/imak-ergobeads-computer-glove-handgelenkbandage-ergopoint-135x135.jpg 135w, https:\/\/sitz.ch\/wp-content\/uploads\/imak-ergobeads-computer-glove-handgelenkbandage-ergopoint-64x64.jpg 64w, https:\/\/sitz.ch\/wp-content\/uploads\/imak-ergobeads-computer-glove-handgelenkbandage-ergopoint.jpg 2000w\" sizes=\"(max-width: 600px) 100vw, 600px\" title=\"\">\t\t\t\t\t\t\t\t\t\t\t\t\t\t\t<\/div>\n\t\t\t\t<\/div>\n\t\t\t\t<\/div>\n\t\t\t\t\t<\/div>\n\t\t\t\t<\/section>\n\t\t<section class=\"elementor-element elementor-element-cbf38dd ergo-f-list e-flex e-con-boxed e-con e-parent\" data-id=\"cbf38dd\" data-element_type=\"container\" data-e-type=\"container\">\n\t\t\t\t\t<div class=\"e-con-inner\">\n\t\t<div class=\"elementor-element elementor-element-60aeb3e e-con-full e-flex e-con e-child\" data-id=\"60aeb3e\" data-element_type=\"container\" data-e-type=\"container\">\n\t\t\t\t<div class=\"elementor-element elementor-element-ce33c2c elementor-widget elementor-widget-heading\" data-id=\"ce33c2c\" data-element_type=\"widget\" data-e-type=\"widget\" data-widget_type=\"heading.default\">\n\t\t\t\t<div class=\"elementor-widget-container\">\n\t\t\t\t\t<h3 class=\"elementor-heading-title elementor-size-default\">Id\u00e9al pour les d\u00e9placements<\/h3>\t\t\t\t<\/div>\n\t\t\t\t<\/div>\n\t\t\t\t<div class=\"elementor-element elementor-element-fc309ea elementor-widget elementor-widget-text-editor\" data-id=\"fc309ea\" data-element_type=\"widget\" data-e-type=\"widget\" data-widget_type=\"text-editor.default\">\n\t\t\t\t<div class=\"elementor-widget-container\">\n\t\t\t\t\t\t\t\t\t<p>Compact et l\u00e9ger, le gant pour ordinateur se glisse facilement dans n&rsquo;importe quel sac. Particuli\u00e8rement adapt\u00e9 pour les voyages ou une utilisation flexible, il offre une protection optimale pour le poignet en d\u00e9placement. Gr\u00e2ce \u00e0 sa taille compacte, il s&rsquo;int\u00e8gre parfaitement dans le train, l&rsquo;avion ou le caf\u00e9 \u2013 partout o\u00f9 l&rsquo;on travaille ou se d\u00e9tend. Un compagnon parfait, garantissant \u00e0 tout moment protection du poignet et confort.<\/p>\n\t\t\t\t\t\t\t\t<\/div>\n\t\t\t\t<\/div>\n\t\t\t\t<\/div>\n\t\t<div class=\"elementor-element elementor-element-8a07d37 e-con-full e-flex e-con e-child\" data-id=\"8a07d37\" data-element_type=\"container\" data-e-type=\"container\">\n\t\t\t\t<div class=\"elementor-element elementor-element-d1ef594 elementor-widget elementor-widget-image\" data-id=\"d1ef594\" data-element_type=\"widget\" data-e-type=\"widget\" data-widget_type=\"image.default\">\n\t\t\t\t<div class=\"elementor-widget-container\">\n\t\t\t\t\t\t\t\t\t\t\t\t\t\t\t<img decoding=\"async\" width=\"800\" height=\"534\" src=\"https:\/\/sitz.ch\/wp-content\/uploads\/imak-ergobeads-computer-glove-kompakt-unterwegs-arbeiten-laptop-ergopoint-1024x683.jpg\" class=\"attachment-large size-large wp-image-143147\" alt=\"\" srcset=\"https:\/\/sitz.ch\/wp-content\/uploads\/imak-ergobeads-computer-glove-kompakt-unterwegs-arbeiten-laptop-ergopoint-1024x683.jpg 1024w, https:\/\/sitz.ch\/wp-content\/uploads\/imak-ergobeads-computer-glove-kompakt-unterwegs-arbeiten-laptop-ergopoint-600x400.jpg 600w, https:\/\/sitz.ch\/wp-content\/uploads\/imak-ergobeads-computer-glove-kompakt-unterwegs-arbeiten-laptop-ergopoint-768x512.jpg 768w, https:\/\/sitz.ch\/wp-content\/uploads\/imak-ergobeads-computer-glove-kompakt-unterwegs-arbeiten-laptop-ergopoint-1536x1024.jpg 1536w, https:\/\/sitz.ch\/wp-content\/uploads\/imak-ergobeads-computer-glove-kompakt-unterwegs-arbeiten-laptop-ergopoint-2048x1365.jpg 2048w, https:\/\/sitz.ch\/wp-content\/uploads\/imak-ergobeads-computer-glove-kompakt-unterwegs-arbeiten-laptop-ergopoint-64x43.jpg 64w\" sizes=\"(max-width: 800px) 100vw, 800px\" title=\"\">\t\t\t\t\t\t\t\t\t\t\t\t\t\t\t<\/div>\n\t\t\t\t<\/div>\n\t\t\t\t<\/div>\n\t\t\t\t\t<\/div>\n\t\t\t\t<\/section>\n\t\t\t\t<\/div>\n\t\t","protected":false},"excerpt":{"rendered":"<p>Le gant d&rsquo;ordinateur compact et l\u00e9ger offre une protection optimale pour le poignet, que vous soyez en d\u00e9placement ou au bureau. Le mat\u00e9riau en coton respirant garde la main au frais et au sec, tandis que le rembourrage doux et brevet\u00e9 ErgoBeads pr\u00e9vient les points de pression. R\u00e9versible pour les deux mains et polyvalent, il assure un confort dans chaque activit\u00e9, du travail sur ordinateur portable au gaming. Parfait pour les voyages et l&rsquo;utilisation quotidienne.<\/p>\n","protected":false},"featured_media":138539,"comment_status":"open","ping_status":"closed","template":"","meta":{"_acf_changed":false},"pwb-brand":[113],"product_brand":[],"product_cat":[268,270],"product_tag":[],"class_list":{"0":"post-151860","1":"product","2":"type-product","3":"status-publish","4":"has-post-thumbnail","6":"pwb-brand-imak","7":"product_cat-accessoires-ergonomiques","8":"product_cat-repose-poignets","9":"tm-has-options","11":"first","12":"instock","13":"featured","14":"taxable","15":"shipping-taxable","16":"purchasable","17":"product-type-variable","18":"has-default-attributes"},"acf":[],"brands":[{"id":113,"name":"Imak","slug":"imak"}],"_links":{"self":[{"href":"https:\/\/sitz.ch\/fr\/wp-json\/wp\/v2\/product\/151860","targetHints":{"allow":["GET"]}}],"collection":[{"href":"https:\/\/sitz.ch\/fr\/wp-json\/wp\/v2\/product"}],"about":[{"href":"https:\/\/sitz.ch\/fr\/wp-json\/wp\/v2\/types\/product"}],"replies":[{"embeddable":true,"href":"https:\/\/sitz.ch\/fr\/wp-json\/wp\/v2\/comments?post=151860"}],"version-history":[{"count":1,"href":"https:\/\/sitz.ch\/fr\/wp-json\/wp\/v2\/product\/151860\/revisions"}],"predecessor-version":[{"id":151862,"href":"https:\/\/sitz.ch\/fr\/wp-json\/wp\/v2\/product\/151860\/revisions\/151862"}],"wp:featuredmedia":[{"embeddable":true,"href":"https:\/\/sitz.ch\/fr\/wp-json\/wp\/v2\/media\/138539"}],"wp:attachment":[{"href":"https:\/\/sitz.ch\/fr\/wp-json\/wp\/v2\/media?parent=151860"}],"wp:term":[{"taxonomy":"pwb-brand","embeddable":true,"href":"https:\/\/sitz.ch\/fr\/wp-json\/wp\/v2\/pwb-brand?post=151860"},{"taxonomy":"product_brand","embeddable":true,"href":"https:\/\/sitz.ch\/fr\/wp-json\/wp\/v2\/product_brand?post=151860"},{"taxonomy":"product_cat","embeddable":true,"href":"https:\/\/sitz.ch\/fr\/wp-json\/wp\/v2\/product_cat?post=151860"},{"taxonomy":"product_tag","embeddable":true,"href":"https:\/\/sitz.ch\/fr\/wp-json\/wp\/v2\/product_tag?post=151860"}],"curies":[{"name":"wp","href":"https:\/\/api.w.org\/{rel}","templated":true}]}}