{"id":151863,"date":"2016-11-12T00:13:46","date_gmt":"2016-11-11T23:13:46","guid":{"rendered":"https:\/\/sitz.ch\/produkt\/ongo-classic\/"},"modified":"2025-02-27T17:45:38","modified_gmt":"2025-02-27T16:45:38","slug":"ongo-classic","status":"publish","type":"product","link":"https:\/\/sitz.ch\/fr\/produit\/ongo-classic\/","title":{"rendered":"Ongo Classic"},"content":{"rendered":"<p>ONGO &#8211; montez et partez.<\/p>\n<p>Apporter du mouvement dans la vie est la philosophie d&rsquo;ONGO. Int\u00e9grer facilement et de mani\u00e8re ludique l&rsquo;entra\u00eenement dans le quotidien, am\u00e9liorer le bien-\u00eatre et la performance de mani\u00e8re d\u00e9tendue, tel est l&rsquo;objectif.<\/p>\n<p><strong>ONGO Seat <\/strong>assis actif avec <strong>feedback<\/strong><\/p>\n<p>Bien s\u00fbr, vous pouvez vous asseoir dessus et vous pouvez vous y d\u00e9placer. La surface de support bomb\u00e9e r\u00e9agit \u00e0 chaque transfert de poids et active la musculature. Le circuit int\u00e9gr\u00e9 dans la base de l&rsquo;ONGO Seat fournit un retour acoustique \u00e0 chaque mouvement.<\/p>\n<p>Dites adieu \u00e0 la s\u00e9dentarit\u00e9 malsaine : quand la bille vibre dans le circuit, vous \u00eates sur la bonne voie. Gr\u00e2ce \u00e0 la fonction de feedback du circuit, le tabouret au design ergonomique devient un entra\u00eeneur de mouvement innovant. Vous vous entra\u00eenez de mani\u00e8re cibl\u00e9e \u00e0 vous asseoir activement avec les exercices adapt\u00e9s \u00e0 l&rsquo;ONGO Seat.<\/p>\n<p>Caract\u00e9ristiques techniques<\/p>\n<p>Diam\u00e8tre de l&rsquo;assise 35,5cm, diam\u00e8tre de la base 42cm, r\u00e9glable en hauteur de 42-64cm, poids 6KG<\/p>\n<p>Structure en blanc, noir<\/p>\n<p>le circuit en blanc, noir ou argent (incl. 3 billes en acier, verre &amp; plastique)<\/p>\n<p><a href=\"\/docs\/ONGO-Farben-Gross.jpg\"><img decoding=\"async\" src=\"\/Docs\/ONGO-Farben-Icon.jpg\" alt=\"\" width=\"79\" height=\"57\" align=\"middle\" title=\"\"><\/a><\/p>\n","protected":false},"excerpt":{"rendered":"<p>ONGO &#8211; montez et partez. Apporter du mouvement dans la vie est la philosophie d&rsquo;ONGO. Int\u00e9grer facilement et de mani\u00e8re ludique l&rsquo;entra\u00eenement dans le quotidien, am\u00e9liorer le bien-\u00eatre et la performance de mani\u00e8re d\u00e9tendue, tel est l&rsquo;objectif. ONGO Seat assis actif avec feedback Bien s\u00fbr, vous pouvez vous asseoir dessus et vous pouvez vous y [&hellip;]<\/p>\n","protected":false},"featured_media":143063,"comment_status":"open","ping_status":"closed","template":"","meta":{"_acf_changed":false},"pwb-brand":[88],"product_brand":[],"product_cat":[198],"product_tag":[],"class_list":{"0":"post-151863","1":"product","2":"type-product","3":"status-publish","4":"has-post-thumbnail","6":"pwb-brand-ongo","7":"product_cat-tabourets","8":"tm-has-options","10":"first","11":"onbackorder","12":"featured","13":"taxable","14":"shipping-taxable","15":"purchasable","16":"product-type-variable","17":"has-default-attributes"},"acf":[],"brands":[{"id":88,"name":"Ongo","slug":"ongo"}],"_links":{"self":[{"href":"https:\/\/sitz.ch\/fr\/wp-json\/wp\/v2\/product\/151863","targetHints":{"allow":["GET"]}}],"collection":[{"href":"https:\/\/sitz.ch\/fr\/wp-json\/wp\/v2\/product"}],"about":[{"href":"https:\/\/sitz.ch\/fr\/wp-json\/wp\/v2\/types\/product"}],"replies":[{"embeddable":true,"href":"https:\/\/sitz.ch\/fr\/wp-json\/wp\/v2\/comments?post=151863"}],"version-history":[{"count":0,"href":"https:\/\/sitz.ch\/fr\/wp-json\/wp\/v2\/product\/151863\/revisions"}],"wp:featuredmedia":[{"embeddable":true,"href":"https:\/\/sitz.ch\/fr\/wp-json\/wp\/v2\/media\/143063"}],"wp:attachment":[{"href":"https:\/\/sitz.ch\/fr\/wp-json\/wp\/v2\/media?parent=151863"}],"wp:term":[{"taxonomy":"pwb-brand","embeddable":true,"href":"https:\/\/sitz.ch\/fr\/wp-json\/wp\/v2\/pwb-brand?post=151863"},{"taxonomy":"product_brand","embeddable":true,"href":"https:\/\/sitz.ch\/fr\/wp-json\/wp\/v2\/product_brand?post=151863"},{"taxonomy":"product_cat","embeddable":true,"href":"https:\/\/sitz.ch\/fr\/wp-json\/wp\/v2\/product_cat?post=151863"},{"taxonomy":"product_tag","embeddable":true,"href":"https:\/\/sitz.ch\/fr\/wp-json\/wp\/v2\/product_tag?post=151863"}],"curies":[{"name":"wp","href":"https:\/\/api.w.org\/{rel}","templated":true}]}}