{"id":151868,"date":"2016-11-12T00:06:58","date_gmt":"2016-11-11T23:06:58","guid":{"rendered":"https:\/\/sitz.ch\/produkt\/imak-ergobeads-repose-poignet-pour-clavier-noir\/"},"modified":"2025-10-31T17:15:37","modified_gmt":"2025-10-31T16:15:37","slug":"imak-ergobeads-repose-poignet-pour-clavier-noir","status":"publish","type":"product","link":"https:\/\/sitz.ch\/fr\/produit\/imak-ergobeads-repose-poignet-pour-clavier-noir\/","title":{"rendered":"Imak Ergobeads Repose-poignet pour Clavier Noir"},"content":{"rendered":"<p>Soutien de poignet pour le travail au clavier avec des ergoBeads massants<\/p>\n<p>Ce repose-poignet antid\u00e9rapant brevet\u00e9 offre un excellent soutien pour le poignet. Le coussin rempli de \u00abergoBeads\u00bb amortit les surfaces dures et masse le poignet. Le coussin pour poignet destin\u00e9 au clavier d&rsquo;ordinateur est l&rsquo;aide parfaite, tant pour le travail que pour le loisir sur l&rsquo;ordinateur.<\/p>\n<p>Avantages cl\u00e9s :<\/p>\n<ul>\n<li>Soutenient et masse les poignets !<\/li>\n<li>S&rsquo;adapte \u00e0 tout type de clavier !<\/li>\n<li>Frais et agr\u00e9able !<\/li>\n<li>S&rsquo;adapte de mani\u00e8re anatomique !<\/li>\n<li>Respirant et r\u00e9gule l&rsquo;humidit\u00e9 !<\/li>\n<li>R\u00e9frig\u00e9rez pour un effet froid sp\u00e9cial !<\/li>\n<li>Longueur : 47 cm<\/li>\n<\/ul>\n<p>Ce coussin ergonomique a \u00e9t\u00e9 con\u00e7u et d\u00e9velopp\u00e9 par un chirurgien orthop\u00e9dique. Son design sp\u00e9cial facilite l&rsquo;utilisation du clavier, soulage le poignet et l&rsquo;avant-bras, tout en pr\u00e9venant l&rsquo;apparition du stress.<\/p>\n<p>&nbsp;<\/p>\n","protected":false},"excerpt":{"rendered":"<p>Soutien de poignet pour le travail au clavier avec des ergoBeads massants Ce repose-poignet antid\u00e9rapant brevet\u00e9 offre un excellent soutien pour le poignet. Le coussin rempli de \u00abergoBeads\u00bb amortit les surfaces dures et masse le poignet. Le coussin pour poignet destin\u00e9 au clavier d&rsquo;ordinateur est l&rsquo;aide parfaite, tant pour le travail que pour le loisir [&hellip;]<\/p>\n","protected":false},"featured_media":138155,"comment_status":"open","ping_status":"closed","template":"","meta":{"_acf_changed":false},"pwb-brand":[113],"product_brand":[],"product_cat":[268,270],"product_tag":[],"class_list":{"0":"post-151868","1":"product","2":"type-product","3":"status-publish","4":"has-post-thumbnail","6":"pwb-brand-imak","7":"product_cat-accessoires-ergonomiques","8":"product_cat-repose-poignets","9":"tm-has-options","11":"first","12":"instock","13":"featured","14":"taxable","15":"shipping-taxable","16":"purchasable","17":"product-type-variable","18":"has-default-attributes"},"acf":[],"brands":[{"id":113,"name":"Imak","slug":"imak"}],"_links":{"self":[{"href":"https:\/\/sitz.ch\/fr\/wp-json\/wp\/v2\/product\/151868","targetHints":{"allow":["GET"]}}],"collection":[{"href":"https:\/\/sitz.ch\/fr\/wp-json\/wp\/v2\/product"}],"about":[{"href":"https:\/\/sitz.ch\/fr\/wp-json\/wp\/v2\/types\/product"}],"replies":[{"embeddable":true,"href":"https:\/\/sitz.ch\/fr\/wp-json\/wp\/v2\/comments?post=151868"}],"version-history":[{"count":0,"href":"https:\/\/sitz.ch\/fr\/wp-json\/wp\/v2\/product\/151868\/revisions"}],"wp:featuredmedia":[{"embeddable":true,"href":"https:\/\/sitz.ch\/fr\/wp-json\/wp\/v2\/media\/138155"}],"wp:attachment":[{"href":"https:\/\/sitz.ch\/fr\/wp-json\/wp\/v2\/media?parent=151868"}],"wp:term":[{"taxonomy":"pwb-brand","embeddable":true,"href":"https:\/\/sitz.ch\/fr\/wp-json\/wp\/v2\/pwb-brand?post=151868"},{"taxonomy":"product_brand","embeddable":true,"href":"https:\/\/sitz.ch\/fr\/wp-json\/wp\/v2\/product_brand?post=151868"},{"taxonomy":"product_cat","embeddable":true,"href":"https:\/\/sitz.ch\/fr\/wp-json\/wp\/v2\/product_cat?post=151868"},{"taxonomy":"product_tag","embeddable":true,"href":"https:\/\/sitz.ch\/fr\/wp-json\/wp\/v2\/product_tag?post=151868"}],"curies":[{"name":"wp","href":"https:\/\/api.w.org\/{rel}","templated":true}]}}