{"id":151870,"date":"2016-11-12T00:18:10","date_gmt":"2016-11-11T23:18:10","guid":{"rendered":"https:\/\/sitz.ch\/produkt\/imak-le-petit-cushion-ergobeads-repose-poignet-pour-souris-noir\/"},"modified":"2026-04-17T08:24:08","modified_gmt":"2026-04-17T06:24:08","slug":"imak-le-petit-cushion-ergobeads-repose-poignet-pour-souris-noir","status":"publish","type":"product","link":"https:\/\/sitz.ch\/fr\/produit\/imak-le-petit-cushion-ergobeads-repose-poignet-pour-souris-noir\/","title":{"rendered":"Imak Le Petit Cushion Ergobeads Repose-poignet pour souris Noir"},"content":{"rendered":"<p>Le Petit Cushion pour souris avec ergoBeads massants<\/p>\n<p>Le support brevet\u00e9, petit, offre un excellent soutien du poignet.<\/p>\n<p>Le coussin rempli de ergoBeads amortit les surfaces dures et masse le<\/p>\n<p>poignet. Le coussinet pour souris d&rsquo;ordinateur est l&rsquo;aide parfaite au<\/p>\n<p>travail et pour passer du temps libre sur l&rsquo;ordinateur.<\/p>\n<p>Avantages cl\u00e9s :<\/p>\n<ul>\n<li>si petit, s&rsquo;adapte partout<\/li>\n<li>Frais et agr\u00e9able !<\/li>\n<li>Compatible avec n&rsquo;importe quelle souris !<\/li>\n<li>s&rsquo;adapte anatomiquement !<\/li>\n<li>respirant et r\u00e9gule l&rsquo;humidit\u00e9 !<\/li>\n<li>Refroidissez pour un effet de froid sp\u00e9cial !<\/li>\n<li>Compressible pour r\u00e9duire le stress !<\/li>\n<\/ul>\n<p>Ce coussin ergonomique a \u00e9t\u00e9 con\u00e7u et d\u00e9velopp\u00e9 par un chirurgien orthop\u00e9dique.<\/p>\n<p>Le design sp\u00e9cial facilite le mouvement de la souris, soulage le<\/p>\n<p>poignet et l&rsquo;avant-bras et \u00e9vite en m\u00eame temps le stress.<\/p>\n<p>&nbsp;<\/p>\n","protected":false},"excerpt":{"rendered":"<p>Le Petit Cushion pour souris avec ergoBeads massants Le support brevet\u00e9, petit, offre un excellent soutien du poignet. Le coussin rempli de ergoBeads amortit les surfaces dures et masse le poignet. Le coussinet pour souris d&rsquo;ordinateur est l&rsquo;aide parfaite au travail et pour passer du temps libre sur l&rsquo;ordinateur. Avantages cl\u00e9s : si petit, s&rsquo;adapte [&hellip;]<\/p>\n","protected":false},"featured_media":138389,"comment_status":"open","ping_status":"closed","template":"","meta":{"_acf_changed":false},"pwb-brand":[113],"product_brand":[],"product_cat":[268,270],"product_tag":[],"class_list":{"0":"post-151870","1":"product","2":"type-product","3":"status-publish","4":"has-post-thumbnail","6":"pwb-brand-imak","7":"product_cat-accessoires-ergonomiques","8":"product_cat-repose-poignets","9":"tm-has-options","11":"first","12":"instock","13":"featured","14":"taxable","15":"shipping-taxable","16":"purchasable","17":"product-type-variable","18":"has-default-attributes"},"acf":[],"brands":[{"id":113,"name":"Imak","slug":"imak"}],"_links":{"self":[{"href":"https:\/\/sitz.ch\/fr\/wp-json\/wp\/v2\/product\/151870","targetHints":{"allow":["GET"]}}],"collection":[{"href":"https:\/\/sitz.ch\/fr\/wp-json\/wp\/v2\/product"}],"about":[{"href":"https:\/\/sitz.ch\/fr\/wp-json\/wp\/v2\/types\/product"}],"replies":[{"embeddable":true,"href":"https:\/\/sitz.ch\/fr\/wp-json\/wp\/v2\/comments?post=151870"}],"version-history":[{"count":0,"href":"https:\/\/sitz.ch\/fr\/wp-json\/wp\/v2\/product\/151870\/revisions"}],"wp:featuredmedia":[{"embeddable":true,"href":"https:\/\/sitz.ch\/fr\/wp-json\/wp\/v2\/media\/138389"}],"wp:attachment":[{"href":"https:\/\/sitz.ch\/fr\/wp-json\/wp\/v2\/media?parent=151870"}],"wp:term":[{"taxonomy":"pwb-brand","embeddable":true,"href":"https:\/\/sitz.ch\/fr\/wp-json\/wp\/v2\/pwb-brand?post=151870"},{"taxonomy":"product_brand","embeddable":true,"href":"https:\/\/sitz.ch\/fr\/wp-json\/wp\/v2\/product_brand?post=151870"},{"taxonomy":"product_cat","embeddable":true,"href":"https:\/\/sitz.ch\/fr\/wp-json\/wp\/v2\/product_cat?post=151870"},{"taxonomy":"product_tag","embeddable":true,"href":"https:\/\/sitz.ch\/fr\/wp-json\/wp\/v2\/product_tag?post=151870"}],"curies":[{"name":"wp","href":"https:\/\/api.w.org\/{rel}","templated":true}]}}