{"id":151873,"date":"2016-11-12T00:23:07","date_gmt":"2016-11-11T23:23:07","guid":{"rendered":"https:\/\/sitz.ch\/produkt\/kondator-ahaa-turn-o-flex-support-pour-ordinateur-portable\/"},"modified":"2016-11-12T00:23:07","modified_gmt":"2016-11-11T23:23:07","slug":"kondator-ahaa-turn-o-flex-support-pour-ordinateur-portable","status":"publish","type":"product","link":"https:\/\/sitz.ch\/fr\/produit\/kondator-ahaa-turn-o-flex-support-pour-ordinateur-portable\/","title":{"rendered":"Kondator Ahaa Turn-o-Flex Support pour ordinateur portable"},"content":{"rendered":"<p>Le support pour ordinateur portable Ahaa est un support portable qui s&rsquo;adapte \u00e0 n&rsquo;importe quel sac pour ordinateur portable. Gr\u00e2ce \u00e0 l&rsquo;aluminium, il est extr\u00eamement l\u00e9ger.<\/p>\n<p>Ajustable en 6 positions pour obtenir l&rsquo;angle souhait\u00e9 et la hauteur de travail optimale, incluant une fonction de rotation \u00e0 360\u00b0.<\/p>\n<div style=\"margin: 0cm 0cm 10pt;\">\n<p>Donn\u00e9es :<\/p>\n<p>Mat\u00e9riel : Aluminium<\/p>\n<p>Largeur : 305mm<\/p>\n<p>Longueur : 240mm<\/p>\n<p>incl. \u00e9tui<\/p>\n<\/div>\n","protected":false},"excerpt":{"rendered":"<p>Le support pour ordinateur portable Ahaa est un support portable qui s&rsquo;adapte \u00e0 n&rsquo;importe quel sac pour ordinateur portable. Gr\u00e2ce \u00e0 l&rsquo;aluminium, il est extr\u00eamement l\u00e9ger. Ajustable en 6 positions pour obtenir l&rsquo;angle souhait\u00e9 et la hauteur de travail optimale, incluant une fonction de rotation \u00e0 360\u00b0. Donn\u00e9es : Mat\u00e9riel : Aluminium Largeur : 305mm [&hellip;]<\/p>\n","protected":false},"featured_media":138566,"comment_status":"open","ping_status":"closed","template":"","meta":{"_acf_changed":false},"pwb-brand":[116],"product_brand":[],"product_cat":[268,274],"product_tag":[],"class_list":{"0":"post-151873","1":"product","2":"type-product","3":"status-publish","4":"has-post-thumbnail","6":"pwb-brand-kondator","7":"product_cat-accessoires-ergonomiques","8":"product_cat-supports-de-documents-supports-pour-ordinateurs-portables","9":"tm-has-options","11":"first","12":"instock","13":"featured","14":"taxable","15":"shipping-taxable","16":"purchasable","17":"product-type-variable","18":"has-default-attributes"},"acf":[],"brands":[{"id":116,"name":"Kondator","slug":"kondator"}],"_links":{"self":[{"href":"https:\/\/sitz.ch\/fr\/wp-json\/wp\/v2\/product\/151873","targetHints":{"allow":["GET"]}}],"collection":[{"href":"https:\/\/sitz.ch\/fr\/wp-json\/wp\/v2\/product"}],"about":[{"href":"https:\/\/sitz.ch\/fr\/wp-json\/wp\/v2\/types\/product"}],"replies":[{"embeddable":true,"href":"https:\/\/sitz.ch\/fr\/wp-json\/wp\/v2\/comments?post=151873"}],"version-history":[{"count":0,"href":"https:\/\/sitz.ch\/fr\/wp-json\/wp\/v2\/product\/151873\/revisions"}],"wp:featuredmedia":[{"embeddable":true,"href":"https:\/\/sitz.ch\/fr\/wp-json\/wp\/v2\/media\/138566"}],"wp:attachment":[{"href":"https:\/\/sitz.ch\/fr\/wp-json\/wp\/v2\/media?parent=151873"}],"wp:term":[{"taxonomy":"pwb-brand","embeddable":true,"href":"https:\/\/sitz.ch\/fr\/wp-json\/wp\/v2\/pwb-brand?post=151873"},{"taxonomy":"product_brand","embeddable":true,"href":"https:\/\/sitz.ch\/fr\/wp-json\/wp\/v2\/product_brand?post=151873"},{"taxonomy":"product_cat","embeddable":true,"href":"https:\/\/sitz.ch\/fr\/wp-json\/wp\/v2\/product_cat?post=151873"},{"taxonomy":"product_tag","embeddable":true,"href":"https:\/\/sitz.ch\/fr\/wp-json\/wp\/v2\/product_tag?post=151873"}],"curies":[{"name":"wp","href":"https:\/\/api.w.org\/{rel}","templated":true}]}}