{"id":151875,"date":"2020-11-12T00:04:20","date_gmt":"2020-11-11T23:04:20","guid":{"rendered":"https:\/\/sitz.ch\/produkt\/kybun-matte-kybounder-surface-amortissante\/"},"modified":"2025-11-21T17:02:58","modified_gmt":"2025-11-21T16:02:58","slug":"kybun-matte-kybounder-surface-amortissante","status":"publish","type":"product","link":"https:\/\/sitz.ch\/fr\/produit\/kybun-matte-kybounder-surface-amortissante\/","title":{"rendered":"Kybun Matte kyBounder Surface Amortissante"},"content":{"rendered":"<p><strong>kyBounder de Kybun &#8211; le plaisir de rester debout sur un sol souple et amortissant.<\/strong><\/p>\n<p>Le kyBounder est un sol amortissant et souple. Son secret r\u00e9side dans les pores \u00e0 redressement rapide du polyur\u00e9thane sp\u00e9cial. Sa structure douce et \u00e9lastique oblige principalement les muscles des pieds et des mollets \u00e0 une activit\u00e9 fine mais permanente pour maintenir l&rsquo;\u00e9quilibre et la posture. Il en r\u00e9sulte un concept de position debout unique qui cible les muscles profonds et entra\u00eene la coordination intramusculaire ainsi que la sensomotricit\u00e9 de mani\u00e8re simple mais efficace.<\/p>\n<p>Le kyBounder est un produit de qualit\u00e9 suisse, brevet\u00e9.<\/p>\n<p>Il est extr\u00eamement doux tout en offrant un rebond rapide et montre peu de fatigue m\u00eame apr\u00e8s des ann\u00e9es d&rsquo;utilisation. Alors que les autres matelas deviennent plus durs \u00e0 mesure que le pied s&rsquo;enfonce, le kyBounder reste doux pour le pied, quelle que soit sa profondeur d&rsquo;enfoncement. Malgr\u00e9 sa souplesse, il conserve, comme un trampoline, un rebond optimal.<\/p>\n<p>kyBounder 6cm, pour un usage quotidien g\u00e9n\u00e9ral : \u00e0 l&rsquo;entra\u00eenement, \u00e0 la maison ou au bureau.<\/p>\n","protected":false},"excerpt":{"rendered":"<p>kyBounder de Kybun &#8211; le plaisir de rester debout sur un sol souple et amortissant. Le kyBounder est un sol amortissant et souple. Son secret r\u00e9side dans les pores \u00e0 redressement rapide du polyur\u00e9thane sp\u00e9cial. Sa structure douce et \u00e9lastique oblige principalement les muscles des pieds et des mollets \u00e0 une activit\u00e9 fine mais permanente [&hellip;]<\/p>\n","protected":false},"featured_media":157008,"comment_status":"open","ping_status":"closed","template":"","meta":{"_acf_changed":false},"pwb-brand":[109],"product_brand":[],"product_cat":[268,971,281,289,269,291],"product_tag":[],"class_list":{"0":"post-151875","1":"product","2":"type-product","3":"status-publish","4":"has-post-thumbnail","6":"pwb-brand-kybun","7":"product_cat-accessoires-ergonomiques","8":"product_cat-adapte-pour-la-demande-ai","9":"product_cat-bureaux-assis-debout","10":"product_cat-equipements-de-fitness","11":"product_cat-repose-pieds","12":"product_cat-tapis-anti-fatigue-ergonomique","13":"tm-has-options","15":"first","16":"instock","17":"featured","18":"taxable","19":"shipping-taxable","20":"purchasable","21":"product-type-variable","22":"has-default-attributes"},"acf":[],"brands":[{"id":109,"name":"Kybun","slug":"kybun"}],"_links":{"self":[{"href":"https:\/\/sitz.ch\/fr\/wp-json\/wp\/v2\/product\/151875","targetHints":{"allow":["GET"]}}],"collection":[{"href":"https:\/\/sitz.ch\/fr\/wp-json\/wp\/v2\/product"}],"about":[{"href":"https:\/\/sitz.ch\/fr\/wp-json\/wp\/v2\/types\/product"}],"replies":[{"embeddable":true,"href":"https:\/\/sitz.ch\/fr\/wp-json\/wp\/v2\/comments?post=151875"}],"version-history":[{"count":0,"href":"https:\/\/sitz.ch\/fr\/wp-json\/wp\/v2\/product\/151875\/revisions"}],"wp:featuredmedia":[{"embeddable":true,"href":"https:\/\/sitz.ch\/fr\/wp-json\/wp\/v2\/media\/157008"}],"wp:attachment":[{"href":"https:\/\/sitz.ch\/fr\/wp-json\/wp\/v2\/media?parent=151875"}],"wp:term":[{"taxonomy":"pwb-brand","embeddable":true,"href":"https:\/\/sitz.ch\/fr\/wp-json\/wp\/v2\/pwb-brand?post=151875"},{"taxonomy":"product_brand","embeddable":true,"href":"https:\/\/sitz.ch\/fr\/wp-json\/wp\/v2\/product_brand?post=151875"},{"taxonomy":"product_cat","embeddable":true,"href":"https:\/\/sitz.ch\/fr\/wp-json\/wp\/v2\/product_cat?post=151875"},{"taxonomy":"product_tag","embeddable":true,"href":"https:\/\/sitz.ch\/fr\/wp-json\/wp\/v2\/product_tag?post=151875"}],"curies":[{"name":"wp","href":"https:\/\/api.w.org\/{rel}","templated":true}]}}