{"id":151888,"date":"2016-11-12T00:17:26","date_gmt":"2016-11-11T23:17:26","guid":{"rendered":"https:\/\/sitz.ch\/produkt\/kybun-tapis-plus-kybounder-surface-amortissante\/"},"modified":"2026-05-05T20:46:52","modified_gmt":"2026-05-05T18:46:52","slug":"kybun-tapis-plus-kybounder-surface-amortissante","status":"publish","type":"product","link":"https:\/\/sitz.ch\/fr\/produit\/kybun-tapis-plus-kybounder-surface-amortissante\/","title":{"rendered":"Kybun Tapis Plus kyBounder Surface Amortissante"},"content":{"rendered":"<p><strong>kyBounder PLUS Tapis de repos pour soulager et entra\u00eener les muscles des jambes<\/strong><\/p>\n<p>Sur le kyBounder PLUS, vous restez debout avec ou sans chaussures. Gr\u00e2ce \u00e0 son rev\u00eatement sp\u00e9cial, il est r\u00e9sistant \u00e0 l&rsquo;eau et facile \u00e0 nettoyer. Optimal lorsque vous travaillez longtemps sur des sols durs : par exemple \u00e0 un guichet, \u00e0 un comptoir de vente ou sur un \u00e9tabli.<\/p>\n<p>Le kyBounder PLUS r\u00e9sistant \u00e0 l&rsquo;eau est \u00e9galement id\u00e9al pour une utilisation dans les cuisines, les pi\u00e8ces humides comme les salles de bain, et\/ou en th\u00e9rapie.<\/p>\n<p>La structure souple-\u00e9lastique cr\u00e9e une surface qui incite \u00e0 de l\u00e9gers mouvements continus. Le kyBounder PLUS souple-\u00e9lastique soulage l&rsquo;ensemble du corps, prot\u00e8ge les articulations et r\u00e9duit la fatigue.<\/p>\n<p>&nbsp;<\/p>\n<p>Le noyau du kyBounder PLUS rev\u00eatu pr\u00e9sente la m\u00eame qualit\u00e9 et les m\u00eames valeurs de ressaut que la version kyBounder avec rev\u00eatement textile. L&rsquo;enveloppe enti\u00e8rement soud\u00e9e est compos\u00e9e de 97% PVC et 3% PU et poss\u00e8de une face antid\u00e9rapante. L&rsquo;enveloppe est \u00e9galement r\u00e9sistante \u00e0 l&rsquo;abrasion.<\/p>\n<p>Le kyBounder PLUS sur le lieu de travail, \u00e0 la maison ou en th\u00e9rapie :<\/p>\n<p>\u2022 Prot\u00e8ge les articulations et d\u00e9tend les muscles du dos<\/p>\n<p>\u2022 Soulage les disques intervert\u00e9braux<\/p>\n<p>\u2022 Renforce la musculature stabilisatrice<\/p>\n<p>\u2022 Am\u00e9liore la posture<\/p>\n<p>\u2022 R\u00e9duit la fatigue<\/p>\n<p>\u2022 Active la pompe veineuse des jambes<\/p>\n<p>\u2022 Apporte du plaisir<\/p>\n<p>\u2022 Augmente la motivation et la satisfaction au travail des employ\u00e9s<\/p>\n<p>\u2022 Est un \u00e9l\u00e9ment important de la pr\u00e9vention sant\u00e9<\/p>\n<p>\u2022 Accro\u00eet la productivit\u00e9<\/p>\n<p>\u2022 R\u00e9duit les jours de maladie du personnel<\/p>\n<p>Flotter plut\u00f4t que de rester debout de mani\u00e8re contraignante &#8211; sur le kyBounder PLUS 2cm maintenant m\u00eame avec des chaussures \u00e0&#8230;<\/p>\n<p>\u2022 au guichet postal et de banque<\/p>\n<p>\u2022 au comptoir de vente<\/p>\n<p>\u2022 au kiosque<\/p>\n<p>\u2022 au bar et dans la cuisine en gastronomie<\/p>\n<p>\u2022 \u00e0 la cha\u00eene de production et l&rsquo;\u00e9tabli<\/p>\n<p>&nbsp;<\/p>\n","protected":false},"excerpt":{"rendered":"<p>kyBounder PLUS Tapis de repos pour soulager et entra\u00eener les muscles des jambes Sur le kyBounder PLUS, vous restez debout avec ou sans chaussures. Gr\u00e2ce \u00e0 son rev\u00eatement sp\u00e9cial, il est r\u00e9sistant \u00e0 l&rsquo;eau et facile \u00e0 nettoyer. Optimal lorsque vous travaillez longtemps sur des sols durs : par exemple \u00e0 un guichet, \u00e0 un [&hellip;]<\/p>\n","protected":false},"featured_media":138362,"comment_status":"open","ping_status":"closed","template":"","meta":{"_acf_changed":false},"pwb-brand":[],"product_brand":[],"product_cat":[268,971,281,289,269,291],"product_tag":[],"class_list":{"0":"post-151888","1":"product","2":"type-product","3":"status-publish","4":"has-post-thumbnail","6":"product_cat-accessoires-ergonomiques","7":"product_cat-adapte-pour-la-demande-ai","8":"product_cat-bureaux-assis-debout","9":"product_cat-equipements-de-fitness","10":"product_cat-repose-pieds","11":"product_cat-tapis-anti-fatigue-ergonomique","12":"tm-has-options","14":"first","15":"instock","16":"featured","17":"taxable","18":"shipping-taxable","19":"purchasable","20":"product-type-variable","21":"has-default-attributes"},"acf":[],"brands":[],"_links":{"self":[{"href":"https:\/\/sitz.ch\/fr\/wp-json\/wp\/v2\/product\/151888","targetHints":{"allow":["GET"]}}],"collection":[{"href":"https:\/\/sitz.ch\/fr\/wp-json\/wp\/v2\/product"}],"about":[{"href":"https:\/\/sitz.ch\/fr\/wp-json\/wp\/v2\/types\/product"}],"replies":[{"embeddable":true,"href":"https:\/\/sitz.ch\/fr\/wp-json\/wp\/v2\/comments?post=151888"}],"version-history":[{"count":1,"href":"https:\/\/sitz.ch\/fr\/wp-json\/wp\/v2\/product\/151888\/revisions"}],"predecessor-version":[{"id":197942,"href":"https:\/\/sitz.ch\/fr\/wp-json\/wp\/v2\/product\/151888\/revisions\/197942"}],"wp:featuredmedia":[{"embeddable":true,"href":"https:\/\/sitz.ch\/fr\/wp-json\/wp\/v2\/media\/138362"}],"wp:attachment":[{"href":"https:\/\/sitz.ch\/fr\/wp-json\/wp\/v2\/media?parent=151888"}],"wp:term":[{"taxonomy":"pwb-brand","embeddable":true,"href":"https:\/\/sitz.ch\/fr\/wp-json\/wp\/v2\/pwb-brand?post=151888"},{"taxonomy":"product_brand","embeddable":true,"href":"https:\/\/sitz.ch\/fr\/wp-json\/wp\/v2\/product_brand?post=151888"},{"taxonomy":"product_cat","embeddable":true,"href":"https:\/\/sitz.ch\/fr\/wp-json\/wp\/v2\/product_cat?post=151888"},{"taxonomy":"product_tag","embeddable":true,"href":"https:\/\/sitz.ch\/fr\/wp-json\/wp\/v2\/product_tag?post=151888"}],"curies":[{"name":"wp","href":"https:\/\/api.w.org\/{rel}","templated":true}]}}