{"id":151897,"date":"2024-04-05T17:05:00","date_gmt":"2024-04-05T15:05:00","guid":{"rendered":"https:\/\/sitz.ch\/produkt\/leu-scarlet-s508-small-manuel-fauteuil-relax\/"},"modified":"2024-04-05T17:05:00","modified_gmt":"2024-04-05T15:05:00","slug":"leu-scarlet-s508-small-manuel-fauteuil-relax","status":"publish","type":"product","link":"https:\/\/sitz.ch\/fr\/produit\/leu-scarlet-s508-small-manuel-fauteuil-relax\/","title":{"rendered":"Leu Scarlet S508 Small Manuel Fauteuil Relax"},"content":{"rendered":"<p>Fauteuil relax avec un confort d&rsquo;assise exceptionnel, \u00e9l\u00e9gant et accueillant. Reposez-vous, d\u00e9tendez-vous vraiment et profitez de ce magnifique fauteuil.<\/p>\n<p><strong>disponible en stock (fabricant) en cuir haut de gamme noir<\/strong> (d\u00e9lai de livraison 1-2 semaines)<\/p>\n<p>Standard :<\/p>\n<p>\u2022    m\u00e9canisme manuel ind\u00e9pendant (sans moteur), dossier r\u00e9glable en continu<\/p>\n<p>\u2022    pivotant \u00e0 360\u00b0<\/p>\n<p>\u2022    base \u00e0 5 branches en acier inoxydable bross\u00e9<\/p>\n<p>\u2022    ajustement du repose-t\u00eate<\/p>\n<p>Dimensions :<\/p>\n<p>\u2022    Hauteur 115 cm<\/p>\n<p>\u2022    Largeur 70 cm<\/p>\n<p>\u2022    Hauteur d&rsquo;assise 44 cm<\/p>\n<p>\u2022    Profondeur d&rsquo;assise 59 cm<\/p>\n<p>\u2022    Largeur d&rsquo;assise 52 cm<\/p>\n<p>\u2022    Poids env. 40 kg<\/p>\n<p>Veuillez nous contacter si vous souhaitez une autre version (rev\u00eatement et couleur).<\/p>\n","protected":false},"excerpt":{"rendered":"<p>Fauteuil relax avec un confort d&rsquo;assise exceptionnel, \u00e9l\u00e9gant et accueillant. Reposez-vous, d\u00e9tendez-vous vraiment et profitez de ce magnifique fauteuil. disponible en stock (fabricant) en cuir haut de gamme noir (d\u00e9lai de livraison 1-2 semaines) Standard : \u2022 m\u00e9canisme manuel ind\u00e9pendant (sans moteur), dossier r\u00e9glable en continu \u2022 pivotant \u00e0 360\u00b0 \u2022 base \u00e0 5 branches [&hellip;]<\/p>\n","protected":false},"featured_media":142796,"comment_status":"open","ping_status":"closed","template":"","meta":{"_acf_changed":false},"pwb-brand":[149],"product_brand":[],"product_cat":[276,279],"product_tag":[],"class_list":{"0":"post-151897","1":"product","2":"type-product","3":"status-publish","4":"has-post-thumbnail","6":"pwb-brand-leu-swiss","7":"product_cat-fauteuils-relax","8":"product_cat-fauteuils-relax-manuels","9":"tm-has-options","11":"first","12":"instock","13":"sale","14":"featured","15":"taxable","16":"shipping-taxable","17":"purchasable","18":"product-type-variable","19":"has-default-attributes"},"acf":[],"brands":[{"id":149,"name":"Leu Swiss","slug":"leu-swiss"}],"_links":{"self":[{"href":"https:\/\/sitz.ch\/fr\/wp-json\/wp\/v2\/product\/151897","targetHints":{"allow":["GET"]}}],"collection":[{"href":"https:\/\/sitz.ch\/fr\/wp-json\/wp\/v2\/product"}],"about":[{"href":"https:\/\/sitz.ch\/fr\/wp-json\/wp\/v2\/types\/product"}],"replies":[{"embeddable":true,"href":"https:\/\/sitz.ch\/fr\/wp-json\/wp\/v2\/comments?post=151897"}],"version-history":[{"count":0,"href":"https:\/\/sitz.ch\/fr\/wp-json\/wp\/v2\/product\/151897\/revisions"}],"wp:featuredmedia":[{"embeddable":true,"href":"https:\/\/sitz.ch\/fr\/wp-json\/wp\/v2\/media\/142796"}],"wp:attachment":[{"href":"https:\/\/sitz.ch\/fr\/wp-json\/wp\/v2\/media?parent=151897"}],"wp:term":[{"taxonomy":"pwb-brand","embeddable":true,"href":"https:\/\/sitz.ch\/fr\/wp-json\/wp\/v2\/pwb-brand?post=151897"},{"taxonomy":"product_brand","embeddable":true,"href":"https:\/\/sitz.ch\/fr\/wp-json\/wp\/v2\/product_brand?post=151897"},{"taxonomy":"product_cat","embeddable":true,"href":"https:\/\/sitz.ch\/fr\/wp-json\/wp\/v2\/product_cat?post=151897"},{"taxonomy":"product_tag","embeddable":true,"href":"https:\/\/sitz.ch\/fr\/wp-json\/wp\/v2\/product_tag?post=151897"}],"curies":[{"name":"wp","href":"https:\/\/api.w.org\/{rel}","templated":true}]}}