{"id":151899,"date":"2024-04-05T16:51:30","date_gmt":"2024-04-05T14:51:30","guid":{"rendered":"https:\/\/sitz.ch\/produkt\/leu-scarlet-s509-manuel-fauteuil-relax\/"},"modified":"2024-04-05T16:51:30","modified_gmt":"2024-04-05T14:51:30","slug":"leu-scarlet-s509-manuel-fauteuil-relax","status":"publish","type":"product","link":"https:\/\/sitz.ch\/fr\/produit\/leu-scarlet-s509-manuel-fauteuil-relax\/","title":{"rendered":"Leu Scarlet S509 Manuel Fauteuil Relax"},"content":{"rendered":"<p>Fauteuil relax offrant un confort d&rsquo;assise exceptionnel, \u00e9l\u00e9gant et accueillant. Reposez-vous, d\u00e9tendez-vous bien et profitez de ce magnifique fauteuil.<\/p>\n<p><strong>Disponible sur stock (fabricant) en cuir bordeaux de haute qualit\u00e9 <\/strong>(D\u00e9lai de livraison 1-2 semaines)<\/p>\n<p>Standard :<\/p>\n<p>\u2022\u00a0\u00a0\u00a0 M\u00e9canisme manuel s\u00e9par\u00e9 (sans moteur), dossier verrouillable en continu<\/p>\n<p>\u2022\u00a0\u00a0\u00a0 Rotation \u00e0 360\u00b0<\/p>\n<p>\u2022\u00a0\u00a0\u00a0 Base \u00e0 5 branches en acier inoxydable bross\u00e9<\/p>\n<p>\u2022\u00a0\u00a0\u00a0 R\u00e9glage de l&rsquo;appui-t\u00eate<\/p>\n<p>Dimensions :<\/p>\n<p>\u2022\u00a0\u00a0\u00a0 Hauteur 123 cm<\/p>\n<p>\u2022\u00a0\u00a0\u00a0 Largeur 70 cm<\/p>\n<p>\u2022\u00a0\u00a0\u00a0 Hauteur de l&rsquo;assise 48 cm<\/p>\n<p>\u2022\u00a0\u00a0\u00a0 Profondeur de l&rsquo;assise 51cm<\/p>\n<p>\u2022\u00a0\u00a0\u00a0 Largeur de l&rsquo;assise 52cm<\/p>\n<p>\u2022\u00a0\u00a0\u00a0 Poids env. 40 kg<\/p>\n<p>Contactez-nous si vous souhaitez une autre version (rev\u00eatement et couleur).<\/p>\n","protected":false},"excerpt":{"rendered":"<p>Fauteuil relax offrant un confort d&rsquo;assise exceptionnel, \u00e9l\u00e9gant et accueillant. Reposez-vous, d\u00e9tendez-vous bien et profitez de ce magnifique fauteuil. Disponible sur stock (fabricant) en cuir bordeaux de haute qualit\u00e9 (D\u00e9lai de livraison 1-2 semaines) Standard : \u2022\u00a0\u00a0\u00a0 M\u00e9canisme manuel s\u00e9par\u00e9 (sans moteur), dossier verrouillable en continu \u2022\u00a0\u00a0\u00a0 Rotation \u00e0 360\u00b0 \u2022\u00a0\u00a0\u00a0 Base \u00e0 5 branches [&hellip;]<\/p>\n","protected":false},"featured_media":142808,"comment_status":"open","ping_status":"closed","template":"","meta":{"_acf_changed":false},"pwb-brand":[149],"product_brand":[],"product_cat":[276,279],"product_tag":[],"class_list":{"0":"post-151899","1":"product","2":"type-product","3":"status-publish","4":"has-post-thumbnail","6":"pwb-brand-leu-swiss","7":"product_cat-fauteuils-relax","8":"product_cat-fauteuils-relax-manuels","9":"tm-has-options","11":"first","12":"onbackorder","13":"sale","14":"featured","15":"taxable","16":"shipping-taxable","17":"purchasable","18":"product-type-variable","19":"has-default-attributes"},"acf":[],"brands":[{"id":149,"name":"Leu Swiss","slug":"leu-swiss"}],"_links":{"self":[{"href":"https:\/\/sitz.ch\/fr\/wp-json\/wp\/v2\/product\/151899","targetHints":{"allow":["GET"]}}],"collection":[{"href":"https:\/\/sitz.ch\/fr\/wp-json\/wp\/v2\/product"}],"about":[{"href":"https:\/\/sitz.ch\/fr\/wp-json\/wp\/v2\/types\/product"}],"replies":[{"embeddable":true,"href":"https:\/\/sitz.ch\/fr\/wp-json\/wp\/v2\/comments?post=151899"}],"version-history":[{"count":0,"href":"https:\/\/sitz.ch\/fr\/wp-json\/wp\/v2\/product\/151899\/revisions"}],"wp:featuredmedia":[{"embeddable":true,"href":"https:\/\/sitz.ch\/fr\/wp-json\/wp\/v2\/media\/142808"}],"wp:attachment":[{"href":"https:\/\/sitz.ch\/fr\/wp-json\/wp\/v2\/media?parent=151899"}],"wp:term":[{"taxonomy":"pwb-brand","embeddable":true,"href":"https:\/\/sitz.ch\/fr\/wp-json\/wp\/v2\/pwb-brand?post=151899"},{"taxonomy":"product_brand","embeddable":true,"href":"https:\/\/sitz.ch\/fr\/wp-json\/wp\/v2\/product_brand?post=151899"},{"taxonomy":"product_cat","embeddable":true,"href":"https:\/\/sitz.ch\/fr\/wp-json\/wp\/v2\/product_cat?post=151899"},{"taxonomy":"product_tag","embeddable":true,"href":"https:\/\/sitz.ch\/fr\/wp-json\/wp\/v2\/product_tag?post=151899"}],"curies":[{"name":"wp","href":"https:\/\/api.w.org\/{rel}","templated":true}]}}