{"id":151901,"date":"2024-04-05T17:11:26","date_gmt":"2024-04-05T15:11:26","guid":{"rendered":"https:\/\/sitz.ch\/produkt\/leu-sophia-s505-electrique-fauteuil-relax\/"},"modified":"2024-04-05T17:11:26","modified_gmt":"2024-04-05T15:11:26","slug":"leu-sophia-s505-electrique-fauteuil-relax","status":"publish","type":"product","link":"https:\/\/sitz.ch\/fr\/produit\/leu-sophia-s505-electrique-fauteuil-relax\/","title":{"rendered":"Leu Sophia S505 \u00c9lectrique Fauteuil Relax"},"content":{"rendered":"<p>Fauteuil relax avec un confort d&rsquo;assise exceptionnel, \u00e9l\u00e9gant et accueillant. Reposez-vous, d\u00e9tendez-vous pleinement et profitez de ce magnifique fauteuil.<\/p>\n<p><strong>Disponible en stock (fabricant) en cuir de haute qualit\u00e9 anthracite<\/strong> (D\u00e9lai de livraison environ 1-2 semaines)<\/p>\n<p>Standard :<\/p>\n<p>\u2022\u00a0\u00a0\u00a0 2 moteurs avec batterie, ajustement s\u00e9par\u00e9 du dossier, du repose-pieds et de la position z\u00e9ro-gravit\u00e9 gr\u00e2ce \u00e0 un commutateur de confort \u00e9lectrique.<\/p>\n<p>Fonctionnement sans fil avec batterie<\/p>\n<p>\u2022\u00a0\u00a0\u00a0 Pivotant \u00e0 360\u00b0<\/p>\n<p>\u2022\u00a0\u00a0\u00a0 Pi\u00e9tement en \u00e9toile \u00e0 5 branches en acier inoxydable poli<\/p>\n<p>\u2022\u00a0\u00a0\u00a0 R\u00e9glage de l&rsquo;appuie-t\u00eate<\/p>\n<p>Dimensions :<\/p>\n<p>\u2022\u00a0\u00a0\u00a0 Hauteur 123 cm<\/p>\n<p>\u2022\u00a0\u00a0\u00a0 Largeur 69 cm<\/p>\n<p>\u2022\u00a0\u00a0\u00a0 Hauteur d&rsquo;assise 48 cm<\/p>\n<p>\u2022\u00a0\u00a0\u00a0 Profondeur d&rsquo;assise 51 cm<\/p>\n<p>\u2022\u00a0\u00a0\u00a0 Largeur d&rsquo;assise 52 cm<\/p>\n<p>\u2022\u00a0\u00a0\u00a0 Poids environ 45 kg<\/p>\n<p>Veuillez nous contacter si vous souhaitez une autre version (rev\u00eatement et couleur)<\/p>\n","protected":false},"excerpt":{"rendered":"<p>Fauteuil relax avec un confort d&rsquo;assise exceptionnel, \u00e9l\u00e9gant et accueillant. Reposez-vous, d\u00e9tendez-vous pleinement et profitez de ce magnifique fauteuil. Disponible en stock (fabricant) en cuir de haute qualit\u00e9 anthracite (D\u00e9lai de livraison environ 1-2 semaines) Standard : \u2022\u00a0\u00a0\u00a0 2 moteurs avec batterie, ajustement s\u00e9par\u00e9 du dossier, du repose-pieds et de la position z\u00e9ro-gravit\u00e9 gr\u00e2ce \u00e0 [&hellip;]<\/p>\n","protected":false},"featured_media":142802,"comment_status":"open","ping_status":"closed","template":"","meta":{"_acf_changed":false},"pwb-brand":[],"product_brand":[],"product_cat":[276,278],"product_tag":[],"class_list":{"0":"post-151901","1":"product","2":"type-product","3":"status-publish","4":"has-post-thumbnail","6":"product_cat-fauteuils-relax","7":"product_cat-fauteuils-relax-electriques","8":"tm-has-options","10":"first","11":"onbackorder","12":"sale","13":"featured","14":"taxable","15":"shipping-taxable","16":"purchasable","17":"product-type-variable","18":"has-default-attributes"},"acf":[],"brands":[],"_links":{"self":[{"href":"https:\/\/sitz.ch\/fr\/wp-json\/wp\/v2\/product\/151901","targetHints":{"allow":["GET"]}}],"collection":[{"href":"https:\/\/sitz.ch\/fr\/wp-json\/wp\/v2\/product"}],"about":[{"href":"https:\/\/sitz.ch\/fr\/wp-json\/wp\/v2\/types\/product"}],"replies":[{"embeddable":true,"href":"https:\/\/sitz.ch\/fr\/wp-json\/wp\/v2\/comments?post=151901"}],"version-history":[{"count":0,"href":"https:\/\/sitz.ch\/fr\/wp-json\/wp\/v2\/product\/151901\/revisions"}],"wp:featuredmedia":[{"embeddable":true,"href":"https:\/\/sitz.ch\/fr\/wp-json\/wp\/v2\/media\/142802"}],"wp:attachment":[{"href":"https:\/\/sitz.ch\/fr\/wp-json\/wp\/v2\/media?parent=151901"}],"wp:term":[{"taxonomy":"pwb-brand","embeddable":true,"href":"https:\/\/sitz.ch\/fr\/wp-json\/wp\/v2\/pwb-brand?post=151901"},{"taxonomy":"product_brand","embeddable":true,"href":"https:\/\/sitz.ch\/fr\/wp-json\/wp\/v2\/product_brand?post=151901"},{"taxonomy":"product_cat","embeddable":true,"href":"https:\/\/sitz.ch\/fr\/wp-json\/wp\/v2\/product_cat?post=151901"},{"taxonomy":"product_tag","embeddable":true,"href":"https:\/\/sitz.ch\/fr\/wp-json\/wp\/v2\/product_tag?post=151901"}],"curies":[{"name":"wp","href":"https:\/\/api.w.org\/{rel}","templated":true}]}}