{"id":151903,"date":"2024-04-05T17:07:50","date_gmt":"2024-04-05T15:07:50","guid":{"rendered":"https:\/\/sitz.ch\/produkt\/leu-svenja-s503-manuel-fauteuil-relax\/"},"modified":"2024-04-05T17:07:50","modified_gmt":"2024-04-05T15:07:50","slug":"leu-svenja-s503-manuel-fauteuil-relax","status":"publish","type":"product","link":"https:\/\/sitz.ch\/fr\/produit\/leu-svenja-s503-manuel-fauteuil-relax\/","title":{"rendered":"Leu Svenja S503 Manuel Fauteuil Relax"},"content":{"rendered":"<p>Fauteuil relax avec un confort d&rsquo;assise exceptionnel, \u00e9l\u00e9gant et accueillant. D\u00e9tendez-vous, relaxez-vous et profitez de ce magnifique fauteuil, disponible en stock imm\u00e9diatement en cuir noir de haute qualit\u00e9.<\/p>\n<p>Standard\u202f:<\/p>\n<p>\u2022\u00a0\u00a0\u00a0 M\u00e9canisme manuel s\u00e9par\u00e9 (sans moteur), dossier r\u00e9glable en continu<\/p>\n<p>\u2022\u00a0\u00a0\u00a0 Rotatif \u00e0 360\u00b0<\/p>\n<p>\u2022\u00a0\u00a0\u00a0 Pi\u00e9tement \u00e9toile \u00e0 5 branches en acier inoxydable bross\u00e9<\/p>\n<p>\u2022\u00a0\u00a0\u00a0 R\u00e9glage de la nuque<\/p>\n<p>Dimensions\u202f:<\/p>\n<p>\u2022\u00a0\u00a0\u00a0 Hauteur 123 cm<\/p>\n<p>\u2022\u00a0\u00a0\u00a0 Largeur 70 cm<\/p>\n<p>\u2022\u00a0\u00a0\u00a0 Hauteur d&rsquo;assise 48 cm<\/p>\n<p>\u2022\u00a0\u00a0\u00a0 Profondeur d&rsquo;assise 51 cm<\/p>\n<p>\u2022\u00a0\u00a0\u00a0 Largeur d&rsquo;assise 52 cm<\/p>\n<p>\u2022\u00a0\u00a0\u00a0 Poids env. 40 kg<\/p>\n<p>Veuillez nous contacter si vous souhaitez une autre finition (rev\u00eatement et couleur).<\/p>\n","protected":false},"excerpt":{"rendered":"<p>Fauteuil relax avec un confort d&rsquo;assise exceptionnel, \u00e9l\u00e9gant et accueillant. D\u00e9tendez-vous, relaxez-vous et profitez de ce magnifique fauteuil, disponible en stock imm\u00e9diatement en cuir noir de haute qualit\u00e9. Standard\u202f: \u2022\u00a0\u00a0\u00a0 M\u00e9canisme manuel s\u00e9par\u00e9 (sans moteur), dossier r\u00e9glable en continu \u2022\u00a0\u00a0\u00a0 Rotatif \u00e0 360\u00b0 \u2022\u00a0\u00a0\u00a0 Pi\u00e9tement \u00e9toile \u00e0 5 branches en acier inoxydable bross\u00e9 \u2022\u00a0\u00a0\u00a0 R\u00e9glage [&hellip;]<\/p>\n","protected":false},"featured_media":142868,"comment_status":"open","ping_status":"closed","template":"","meta":{"_acf_changed":false},"pwb-brand":[149],"product_brand":[],"product_cat":[276,279],"product_tag":[],"class_list":{"0":"post-151903","1":"product","2":"type-product","3":"status-publish","4":"has-post-thumbnail","6":"pwb-brand-leu-swiss","7":"product_cat-fauteuils-relax","8":"product_cat-fauteuils-relax-manuels","9":"tm-has-options","11":"first","12":"onbackorder","13":"sale","14":"taxable","15":"shipping-taxable","16":"purchasable","17":"product-type-variable","18":"has-default-attributes"},"acf":[],"brands":[{"id":149,"name":"Leu Swiss","slug":"leu-swiss"}],"_links":{"self":[{"href":"https:\/\/sitz.ch\/fr\/wp-json\/wp\/v2\/product\/151903","targetHints":{"allow":["GET"]}}],"collection":[{"href":"https:\/\/sitz.ch\/fr\/wp-json\/wp\/v2\/product"}],"about":[{"href":"https:\/\/sitz.ch\/fr\/wp-json\/wp\/v2\/types\/product"}],"replies":[{"embeddable":true,"href":"https:\/\/sitz.ch\/fr\/wp-json\/wp\/v2\/comments?post=151903"}],"version-history":[{"count":0,"href":"https:\/\/sitz.ch\/fr\/wp-json\/wp\/v2\/product\/151903\/revisions"}],"wp:featuredmedia":[{"embeddable":true,"href":"https:\/\/sitz.ch\/fr\/wp-json\/wp\/v2\/media\/142868"}],"wp:attachment":[{"href":"https:\/\/sitz.ch\/fr\/wp-json\/wp\/v2\/media?parent=151903"}],"wp:term":[{"taxonomy":"pwb-brand","embeddable":true,"href":"https:\/\/sitz.ch\/fr\/wp-json\/wp\/v2\/pwb-brand?post=151903"},{"taxonomy":"product_brand","embeddable":true,"href":"https:\/\/sitz.ch\/fr\/wp-json\/wp\/v2\/product_brand?post=151903"},{"taxonomy":"product_cat","embeddable":true,"href":"https:\/\/sitz.ch\/fr\/wp-json\/wp\/v2\/product_cat?post=151903"},{"taxonomy":"product_tag","embeddable":true,"href":"https:\/\/sitz.ch\/fr\/wp-json\/wp\/v2\/product_tag?post=151903"}],"curies":[{"name":"wp","href":"https:\/\/api.w.org\/{rel}","templated":true}]}}