{"id":152046,"date":"2019-10-21T14:21:58","date_gmt":"2019-10-21T12:21:58","guid":{"rendered":"https:\/\/sitz.ch\/produkt\/malmstolen-classic-4000\/"},"modified":"2019-10-21T14:21:58","modified_gmt":"2019-10-21T12:21:58","slug":"malmstolen-classic-4000","status":"publish","type":"product","link":"https:\/\/sitz.ch\/fr\/produit\/malmstolen-classic-4000\/","title":{"rendered":"Malmstolen Classic 4000"},"content":{"rendered":"<p>La chaise de bureau MA 4000 se distingue par sa capacit\u00e9 d&rsquo;adaptation et son super confort d&rsquo;assise gr\u00e2ce \u00e0 son assise en noyau \u00e0 ressort. Le dossier ergonomique avec le support lat\u00e9ral int\u00e9gr\u00e9 offre un excellent soulagement lors de l&rsquo;assise.<\/p>\n<p><strong>\u00c9quipement de s\u00e9rie<\/strong><\/p>\n<ul>\n<li>Assise \u00e0 noyau \u00e0 ressort pour un soulagement optimal de la pression<\/li>\n<li>Dossiers avec sangles pour un ajustement dorsal individuel<\/li>\n<li>M\u00e9canisme synchrone confort<\/li>\n<li>Inclinaison du dossier r\u00e9glable<\/li>\n<li>R\u00e9glage du poids corporel<\/li>\n<li>R\u00e9glage de la profondeur d&rsquo;assise<\/li>\n<li>Accoudoirs r\u00e9glables en hauteur, largeur et profondeur<\/li>\n<li>Support lombaire r\u00e9glable en hauteur<\/li>\n<li>R\u00e9glage de la hauteur d&rsquo;assise avec v\u00e9rin \u00e0 gaz de s\u00e9curit\u00e9<\/li>\n<li>Appui-t\u00eate r\u00e9glable en hauteur, profondeur et inclinaison<\/li>\n<li>Base en plastique, noire<\/li>\n<li>Roulettes doubles souples<\/li>\n<li>Garantie de 10 ans<\/li>\n<li>Garantie de 5 ans<\/li>\n<\/ul>\n<p>D\u00e9lai de livraison environ 6 semaines<\/p>\n<p>&nbsp;<\/p>\n<p>Sur demande, cette chaise de bureau peut \u00e9galement \u00eatre livr\u00e9e sans appui-t\u00eate et accoudoirs. De plus, d&rsquo;autres couleurs, tissus et fabrications sp\u00e9ciales sont possibles. Veuillez contacter notre \u00e9quipe de vente ou passez nous voir. Nous serons ravis de vous aider.<\/p>\n<p>&nbsp;<\/p>\n","protected":false},"excerpt":{"rendered":"<p>La chaise de bureau MA 4000 se distingue par sa capacit\u00e9 d&rsquo;adaptation et son super confort d&rsquo;assise gr\u00e2ce \u00e0 son assise en noyau \u00e0 ressort. Le dossier ergonomique avec le support lat\u00e9ral int\u00e9gr\u00e9 offre un excellent soulagement lors de l&rsquo;assise. \u00c9quipement de s\u00e9rie Assise \u00e0 noyau \u00e0 ressort pour un soulagement optimal de la pression [&hellip;]<\/p>\n","protected":false},"featured_media":139151,"comment_status":"open","ping_status":"closed","template":"","meta":{"_acf_changed":false},"pwb-brand":[86],"product_brand":[],"product_cat":[193,190],"product_tag":[],"class_list":{"0":"post-152046","1":"product","2":"type-product","3":"status-publish","4":"has-post-thumbnail","6":"pwb-brand-malmstolen","7":"product_cat-chaise-de-bureau-classique","8":"product_cat-chaises-de-bureau","9":"tm-has-options","11":"first","12":"onbackorder","13":"featured","14":"taxable","15":"shipping-taxable","16":"purchasable","17":"product-type-variable","18":"has-default-attributes"},"acf":[],"brands":[{"id":86,"name":"Malmstolen","slug":"malmstolen"}],"_links":{"self":[{"href":"https:\/\/sitz.ch\/fr\/wp-json\/wp\/v2\/product\/152046","targetHints":{"allow":["GET"]}}],"collection":[{"href":"https:\/\/sitz.ch\/fr\/wp-json\/wp\/v2\/product"}],"about":[{"href":"https:\/\/sitz.ch\/fr\/wp-json\/wp\/v2\/types\/product"}],"replies":[{"embeddable":true,"href":"https:\/\/sitz.ch\/fr\/wp-json\/wp\/v2\/comments?post=152046"}],"version-history":[{"count":0,"href":"https:\/\/sitz.ch\/fr\/wp-json\/wp\/v2\/product\/152046\/revisions"}],"wp:featuredmedia":[{"embeddable":true,"href":"https:\/\/sitz.ch\/fr\/wp-json\/wp\/v2\/media\/139151"}],"wp:attachment":[{"href":"https:\/\/sitz.ch\/fr\/wp-json\/wp\/v2\/media?parent=152046"}],"wp:term":[{"taxonomy":"pwb-brand","embeddable":true,"href":"https:\/\/sitz.ch\/fr\/wp-json\/wp\/v2\/pwb-brand?post=152046"},{"taxonomy":"product_brand","embeddable":true,"href":"https:\/\/sitz.ch\/fr\/wp-json\/wp\/v2\/product_brand?post=152046"},{"taxonomy":"product_cat","embeddable":true,"href":"https:\/\/sitz.ch\/fr\/wp-json\/wp\/v2\/product_cat?post=152046"},{"taxonomy":"product_tag","embeddable":true,"href":"https:\/\/sitz.ch\/fr\/wp-json\/wp\/v2\/product_tag?post=152046"}],"curies":[{"name":"wp","href":"https:\/\/api.w.org\/{rel}","templated":true}]}}