{"id":152171,"date":"2016-11-12T00:23:34","date_gmt":"2016-11-11T23:23:34","guid":{"rendered":"https:\/\/sitz.ch\/produkt\/rovo-xn-5060\/"},"modified":"2016-11-12T00:23:34","modified_gmt":"2016-11-11T23:23:34","slug":"rovo-xn-5060","status":"publish","type":"product","link":"https:\/\/sitz.ch\/fr\/produit\/rovo-xn-5060\/","title":{"rendered":"Rovo XN 5060"},"content":{"rendered":"<p>XN 5060 est une petite chaise de bureau l\u00e9g\u00e8re avec dossier en maille qui r\u00e9pond \u00e0 toutes les<br \/>\nexigences ergonomiques.<\/p>\n<p><strong>\u00c9quipement standard<\/strong><\/p>\n<ul>\n<li>Si\u00e8ge ergonomiquement con\u00e7u avec mousse respirante, facilement rempla\u00e7able<br \/>\nRev\u00eatement tissu anthracite<\/li>\n<li>Cadre du dossier avec maille textile noire (maille 2D)<\/li>\n<li>M\u00e9canisme synchrone de confort<\/li>\n<li>R\u00e9glage lat\u00e9ral du poids corporel<\/li>\n<li>Ajustement de la profondeur d&rsquo;assise<\/li>\n<li>Accoudoirs r\u00e9glables en hauteur et profondeur<\/li>\n<\/ul>\n<ul>\n<li style=\"list-style-type: none;\">\n<ul>\n<li>Support lombaire r\u00e9glable en hauteur<\/li>\n<li>Ajustement de la hauteur d&rsquo;assise avec v\u00e9rin \u00e0 gaz de s\u00e9curit\u00e9<\/li>\n<li>Connecteur de dossier argent\u00e9<\/li>\n<li>Pi\u00e8tement en plastique, noir<\/li>\n<li>Roulettes doubles souples<\/li>\n<\/ul>\n<\/li>\n<\/ul>\n<p>D&rsquo;autres couleurs et rev\u00eatements sont disponibles sur demande.<br \/>\nVeuillez nous contacter si vous souhaitez une autre version.<\/p>\n","protected":false},"excerpt":{"rendered":"<p>XN 5060 est une petite chaise de bureau l\u00e9g\u00e8re avec dossier en maille qui r\u00e9pond \u00e0 toutes les exigences ergonomiques. \u00c9quipement standard Si\u00e8ge ergonomiquement con\u00e7u avec mousse respirante, facilement rempla\u00e7able Rev\u00eatement tissu anthracite Cadre du dossier avec maille textile noire (maille 2D) M\u00e9canisme synchrone de confort R\u00e9glage lat\u00e9ral du poids corporel Ajustement de la profondeur [&hellip;]<\/p>\n","protected":false},"featured_media":139928,"comment_status":"open","ping_status":"closed","template":"","meta":{"_acf_changed":false},"pwb-brand":[87],"product_brand":[],"product_cat":[193,200,190],"product_tag":[],"class_list":{"0":"post-152171","1":"product","2":"type-product","3":"status-publish","4":"has-post-thumbnail","6":"pwb-brand-rovo","7":"product_cat-chaise-de-bureau-classique","8":"product_cat-chaise-de-bureau-en-resille","9":"product_cat-chaises-de-bureau","10":"tm-has-options","12":"first","13":"onbackorder","14":"featured","15":"taxable","16":"shipping-taxable","17":"purchasable","18":"product-type-variable","19":"has-default-attributes"},"acf":[],"brands":[{"id":87,"name":"Rovo","slug":"rovo"}],"_links":{"self":[{"href":"https:\/\/sitz.ch\/fr\/wp-json\/wp\/v2\/product\/152171","targetHints":{"allow":["GET"]}}],"collection":[{"href":"https:\/\/sitz.ch\/fr\/wp-json\/wp\/v2\/product"}],"about":[{"href":"https:\/\/sitz.ch\/fr\/wp-json\/wp\/v2\/types\/product"}],"replies":[{"embeddable":true,"href":"https:\/\/sitz.ch\/fr\/wp-json\/wp\/v2\/comments?post=152171"}],"version-history":[{"count":0,"href":"https:\/\/sitz.ch\/fr\/wp-json\/wp\/v2\/product\/152171\/revisions"}],"wp:featuredmedia":[{"embeddable":true,"href":"https:\/\/sitz.ch\/fr\/wp-json\/wp\/v2\/media\/139928"}],"wp:attachment":[{"href":"https:\/\/sitz.ch\/fr\/wp-json\/wp\/v2\/media?parent=152171"}],"wp:term":[{"taxonomy":"pwb-brand","embeddable":true,"href":"https:\/\/sitz.ch\/fr\/wp-json\/wp\/v2\/pwb-brand?post=152171"},{"taxonomy":"product_brand","embeddable":true,"href":"https:\/\/sitz.ch\/fr\/wp-json\/wp\/v2\/product_brand?post=152171"},{"taxonomy":"product_cat","embeddable":true,"href":"https:\/\/sitz.ch\/fr\/wp-json\/wp\/v2\/product_cat?post=152171"},{"taxonomy":"product_tag","embeddable":true,"href":"https:\/\/sitz.ch\/fr\/wp-json\/wp\/v2\/product_tag?post=152171"}],"curies":[{"name":"wp","href":"https:\/\/api.w.org\/{rel}","templated":true}]}}