{"id":152174,"date":"2016-11-12T00:24:36","date_gmt":"2016-11-11T23:24:36","guid":{"rendered":"https:\/\/sitz.ch\/produkt\/score-amazone-balance\/"},"modified":"2025-02-27T19:14:32","modified_gmt":"2025-02-27T18:14:32","slug":"score-amazone-balance","status":"publish","type":"product","link":"https:\/\/sitz.ch\/fr\/produit\/score-amazone-balance\/","title":{"rendered":"Score Amazone Balance"},"content":{"rendered":"<p>La m\u00e9canique mobile du tabouret-selle Amazon associe un mouvement (r\u00e9glable) \u00e0 l\u2019assise en selle. En s&rsquo;asseyant sur la selle, votre bassin s&rsquo;aligne automatiquement de mani\u00e8re plus droite. Cela, combin\u00e9 au mouvement, offre la possibilit\u00e9 de s\u2019asseoir longtemps de mani\u00e8re ergonomique et confortable.<\/p>\n<p>Ce tabouret est id\u00e9al pour les cabinets dentaires et m\u00e9dicaux, mais aussi pour le secteur de bureau.<\/p>\n<p>&nbsp;<\/p>\n<p>\u00c9quipement :<\/p>\n<p>\u2022\u00a0\u00a0\u00a0 M\u00e9canique de mouvement du si\u00e8ge r\u00e9glable en continu en force<\/p>\n<p>\u2022\u00a0\u00a0\u00a0 R\u00e9glage de la hauteur du si\u00e8ge en continu (3 hauteurs de levage disponibles)<\/p>\n<p>\u2022\u00a0\u00a0\u00a0 Pi\u00e9tement en aluminium poli<\/p>\n<p>\u2022\u00a0\u00a0\u00a0 Roulettes noires, souples 6,5 cm<\/p>\n<p>\u2022\u00a0\u00a0\u00a0 Garantie 2 ans<\/p>\n<p>&nbsp;<\/p>\n<p>sur commande<\/p>\n<p>D\u00e9lai de livraison env. 4-6 semaines<\/p>\n<p>&nbsp;<\/p>\n<p><strong>Veuillez noter qu&rsquo;il existe d&rsquo;autres rev\u00eatements, m\u00e9canismes et accessoires pour ce produit. Contactez-nous ou venez nous rendre visite dans notre magasin sp\u00e9cialis\u00e9. Nous nous ferons un plaisir de vous conseiller.<\/strong><\/p>\n","protected":false},"excerpt":{"rendered":"<p>La m\u00e9canique mobile du tabouret-selle Amazon associe un mouvement (r\u00e9glable) \u00e0 l\u2019assise en selle. En s&rsquo;asseyant sur la selle, votre bassin s&rsquo;aligne automatiquement de mani\u00e8re plus droite. Cela, combin\u00e9 au mouvement, offre la possibilit\u00e9 de s\u2019asseoir longtemps de mani\u00e8re ergonomique et confortable. Ce tabouret est id\u00e9al pour les cabinets dentaires et m\u00e9dicaux, mais aussi pour [&hellip;]<\/p>\n","protected":false},"featured_media":138638,"comment_status":"open","ping_status":"closed","template":"","meta":{"_acf_changed":false},"pwb-brand":[90],"product_brand":[],"product_cat":[190,265,207,198,204],"product_tag":[],"class_list":{"0":"post-152174","1":"product","2":"type-product","3":"status-publish","4":"has-post-thumbnail","6":"pwb-brand-score","7":"product_cat-chaises-de-bureau","8":"product_cat-chaises-pour-salles-blanches-medicales","9":"product_cat-sieges-ergonomiques-specifiques","10":"product_cat-tabourets","11":"product_cat-tabourets-de-selle","12":"tm-has-options","14":"first","15":"onbackorder","16":"featured","17":"taxable","18":"shipping-taxable","19":"purchasable","20":"product-type-variable","21":"has-default-attributes"},"acf":[],"brands":[{"id":90,"name":"Score","slug":"score"}],"_links":{"self":[{"href":"https:\/\/sitz.ch\/fr\/wp-json\/wp\/v2\/product\/152174","targetHints":{"allow":["GET"]}}],"collection":[{"href":"https:\/\/sitz.ch\/fr\/wp-json\/wp\/v2\/product"}],"about":[{"href":"https:\/\/sitz.ch\/fr\/wp-json\/wp\/v2\/types\/product"}],"replies":[{"embeddable":true,"href":"https:\/\/sitz.ch\/fr\/wp-json\/wp\/v2\/comments?post=152174"}],"version-history":[{"count":0,"href":"https:\/\/sitz.ch\/fr\/wp-json\/wp\/v2\/product\/152174\/revisions"}],"wp:featuredmedia":[{"embeddable":true,"href":"https:\/\/sitz.ch\/fr\/wp-json\/wp\/v2\/media\/138638"}],"wp:attachment":[{"href":"https:\/\/sitz.ch\/fr\/wp-json\/wp\/v2\/media?parent=152174"}],"wp:term":[{"taxonomy":"pwb-brand","embeddable":true,"href":"https:\/\/sitz.ch\/fr\/wp-json\/wp\/v2\/pwb-brand?post=152174"},{"taxonomy":"product_brand","embeddable":true,"href":"https:\/\/sitz.ch\/fr\/wp-json\/wp\/v2\/product_brand?post=152174"},{"taxonomy":"product_cat","embeddable":true,"href":"https:\/\/sitz.ch\/fr\/wp-json\/wp\/v2\/product_cat?post=152174"},{"taxonomy":"product_tag","embeddable":true,"href":"https:\/\/sitz.ch\/fr\/wp-json\/wp\/v2\/product_tag?post=152174"}],"curies":[{"name":"wp","href":"https:\/\/api.w.org\/{rel}","templated":true}]}}