{"id":152187,"date":"2019-05-27T08:55:39","date_gmt":"2019-05-27T06:55:39","guid":{"rendered":"https:\/\/sitz.ch\/produkt\/score-fun\/"},"modified":"2019-05-27T08:55:39","modified_gmt":"2019-05-27T06:55:39","slug":"score-fun","status":"publish","type":"product","link":"https:\/\/sitz.ch\/fr\/produit\/score-fun\/","title":{"rendered":"Score Fun"},"content":{"rendered":"<p>La m\u00e9canique mobile du tabouret de selle Fun combine un mouvement (r\u00e9glable) avec le si\u00e8ge de selle. En s&rsquo;asseyant sur la selle, le bassin se redresse automatiquement. Cela, en combinaison avec le mouvement, offre la possibilit\u00e9 de s&rsquo;asseoir pendant longtemps de mani\u00e8re ergonomique et confortable.<\/p>\n<p>Ce tabouret est particuli\u00e8rement adapt\u00e9 aux cabinets dentaires et m\u00e9dicaux, mais aussi au secteur des bureaux.<\/p>\n<p>&nbsp;<\/p>\n<p>\u00c9quipement :<\/p>\n<p>\u2022\u00a0\u00a0\u00a0 M\u00e9canisme de mouvement du si\u00e8ge r\u00e9glable en continu en intensit\u00e9<\/p>\n<p>\u2022\u00a0\u00a0\u00a0 R\u00e9glage de la hauteur du si\u00e8ge sans \u00e0 coups (3 hauteurs de levage disponibles)<\/p>\n<p>\u2022\u00a0\u00a0\u00a0 Pi\u00e8tement en aluminium poli ou noir<\/p>\n<p>\u2022\u00a0\u00a0\u00a0 Roulettes noires, souples de 6.5 cm<\/p>\n<p>\u2022\u00a0\u00a0\u00a0 Garantie 2 ans<\/p>\n<p>&nbsp;<\/p>\n<p>sur commande<\/p>\n<p>D\u00e9lai de livraison environ 4-6 semaines<\/p>\n<p>&nbsp;<\/p>\n<p><strong>Veuillez noter que d&rsquo;autres rev\u00eatements, m\u00e9canismes et accessoires sont disponibles pour ce produit. Contactez-nous ou venez visiter notre magasin sp\u00e9cialis\u00e9. Nous serons ravis de vous conseiller.<\/strong><\/p>\n","protected":false},"excerpt":{"rendered":"<p>La m\u00e9canique mobile du tabouret de selle Fun combine un mouvement (r\u00e9glable) avec le si\u00e8ge de selle. En s&rsquo;asseyant sur la selle, le bassin se redresse automatiquement. Cela, en combinaison avec le mouvement, offre la possibilit\u00e9 de s&rsquo;asseoir pendant longtemps de mani\u00e8re ergonomique et confortable. Ce tabouret est particuli\u00e8rement adapt\u00e9 aux cabinets dentaires et m\u00e9dicaux, [&hellip;]<\/p>\n","protected":false},"featured_media":139085,"comment_status":"open","ping_status":"closed","template":"","meta":{"_acf_changed":false},"pwb-brand":[90],"product_brand":[],"product_cat":[190,265,207,198,204],"product_tag":[],"class_list":{"0":"post-152187","1":"product","2":"type-product","3":"status-publish","4":"has-post-thumbnail","6":"pwb-brand-score","7":"product_cat-chaises-de-bureau","8":"product_cat-chaises-pour-salles-blanches-medicales","9":"product_cat-sieges-ergonomiques-specifiques","10":"product_cat-tabourets","11":"product_cat-tabourets-de-selle","12":"tm-has-options","14":"first","15":"onbackorder","16":"featured","17":"taxable","18":"shipping-taxable","19":"purchasable","20":"product-type-variable","21":"has-default-attributes"},"acf":[],"brands":[{"id":90,"name":"Score","slug":"score"}],"_links":{"self":[{"href":"https:\/\/sitz.ch\/fr\/wp-json\/wp\/v2\/product\/152187","targetHints":{"allow":["GET"]}}],"collection":[{"href":"https:\/\/sitz.ch\/fr\/wp-json\/wp\/v2\/product"}],"about":[{"href":"https:\/\/sitz.ch\/fr\/wp-json\/wp\/v2\/types\/product"}],"replies":[{"embeddable":true,"href":"https:\/\/sitz.ch\/fr\/wp-json\/wp\/v2\/comments?post=152187"}],"version-history":[{"count":0,"href":"https:\/\/sitz.ch\/fr\/wp-json\/wp\/v2\/product\/152187\/revisions"}],"wp:featuredmedia":[{"embeddable":true,"href":"https:\/\/sitz.ch\/fr\/wp-json\/wp\/v2\/media\/139085"}],"wp:attachment":[{"href":"https:\/\/sitz.ch\/fr\/wp-json\/wp\/v2\/media?parent=152187"}],"wp:term":[{"taxonomy":"pwb-brand","embeddable":true,"href":"https:\/\/sitz.ch\/fr\/wp-json\/wp\/v2\/pwb-brand?post=152187"},{"taxonomy":"product_brand","embeddable":true,"href":"https:\/\/sitz.ch\/fr\/wp-json\/wp\/v2\/product_brand?post=152187"},{"taxonomy":"product_cat","embeddable":true,"href":"https:\/\/sitz.ch\/fr\/wp-json\/wp\/v2\/product_cat?post=152187"},{"taxonomy":"product_tag","embeddable":true,"href":"https:\/\/sitz.ch\/fr\/wp-json\/wp\/v2\/product_tag?post=152187"}],"curies":[{"name":"wp","href":"https:\/\/api.w.org\/{rel}","templated":true}]}}