{"id":152200,"date":"2019-05-27T06:52:04","date_gmt":"2019-05-27T04:52:04","guid":{"rendered":"https:\/\/sitz.ch\/produkt\/score-jumper-balance\/"},"modified":"2019-05-27T06:52:04","modified_gmt":"2019-05-27T04:52:04","slug":"score-jumper-balance","status":"publish","type":"product","link":"https:\/\/sitz.ch\/fr\/produit\/score-jumper-balance\/","title":{"rendered":"Score Jumper Balance"},"content":{"rendered":"<p>La m\u00e9canique mobile du tabouret de selle Jumper combine un mouvement (r\u00e9glable) avec le positionnement en selle. S\u2019asseoir sur la selle redresse automatiquement le bassin. Cette combinaison avec le mouvement offre la possibilit\u00e9 de s&rsquo;attabler longtemps, de mani\u00e8re ergonomique et confortable.<\/p>\n<p>Ce tabouret est particuli\u00e8rement adapt\u00e9 aux cabinets dentaires et m\u00e9dicaux, mais aussi pour le secteur du bureau.<\/p>\n<p>&nbsp;<\/p>\n<p>\u00c9quipements\u00a0:<\/p>\n<p>\u2022\u00a0\u00a0\u00a0 M\u00e9canisme de mouvement de l&rsquo;assise r\u00e9glable en continu pour la force<\/p>\n<p>\u2022\u00a0\u00a0\u00a0 R\u00e9glage continu de la hauteur de l&rsquo;assise (3 hauteurs de levage disponibles)<\/p>\n<p>\u2022\u00a0\u00a0\u00a0 Pi\u00e9tement en aluminium poli<\/p>\n<p>\u2022\u00a0\u00a0\u00a0 Roulettes noires, souples 6.5 cm<\/p>\n<p>\u2022\u00a0\u00a0\u00a0 Garantie 2 ans<\/p>\n<p>&nbsp;<\/p>\n<p>sur commande<\/p>\n<p>D\u00e9lai de livraison environ 4 \u00e0 6 semaines<\/p>\n<p>&nbsp;<\/p>\n<p><strong>Veuillez noter que d&rsquo;autres rev\u00eatements en tissu, m\u00e9canismes et accessoires sont disponibles pour ce produit. Contactez-nous ou visitez notre magasin sp\u00e9cialis\u00e9. Nous nous ferons un plaisir de vous conseiller.<\/strong><\/p>\n","protected":false},"excerpt":{"rendered":"<p>La m\u00e9canique mobile du tabouret de selle Jumper combine un mouvement (r\u00e9glable) avec le positionnement en selle. S\u2019asseoir sur la selle redresse automatiquement le bassin. Cette combinaison avec le mouvement offre la possibilit\u00e9 de s&rsquo;attabler longtemps, de mani\u00e8re ergonomique et confortable. Ce tabouret est particuli\u00e8rement adapt\u00e9 aux cabinets dentaires et m\u00e9dicaux, mais aussi pour le [&hellip;]<\/p>\n","protected":false},"featured_media":139034,"comment_status":"open","ping_status":"closed","template":"","meta":{"_acf_changed":false},"pwb-brand":[90],"product_brand":[],"product_cat":[190,265,207,198,204],"product_tag":[],"class_list":{"0":"post-152200","1":"product","2":"type-product","3":"status-publish","4":"has-post-thumbnail","6":"pwb-brand-score","7":"product_cat-chaises-de-bureau","8":"product_cat-chaises-pour-salles-blanches-medicales","9":"product_cat-sieges-ergonomiques-specifiques","10":"product_cat-tabourets","11":"product_cat-tabourets-de-selle","12":"tm-has-options","14":"first","15":"onbackorder","16":"featured","17":"taxable","18":"shipping-taxable","19":"purchasable","20":"product-type-variable","21":"has-default-attributes"},"acf":[],"brands":[{"id":90,"name":"Score","slug":"score"}],"_links":{"self":[{"href":"https:\/\/sitz.ch\/fr\/wp-json\/wp\/v2\/product\/152200","targetHints":{"allow":["GET"]}}],"collection":[{"href":"https:\/\/sitz.ch\/fr\/wp-json\/wp\/v2\/product"}],"about":[{"href":"https:\/\/sitz.ch\/fr\/wp-json\/wp\/v2\/types\/product"}],"replies":[{"embeddable":true,"href":"https:\/\/sitz.ch\/fr\/wp-json\/wp\/v2\/comments?post=152200"}],"version-history":[{"count":0,"href":"https:\/\/sitz.ch\/fr\/wp-json\/wp\/v2\/product\/152200\/revisions"}],"wp:featuredmedia":[{"embeddable":true,"href":"https:\/\/sitz.ch\/fr\/wp-json\/wp\/v2\/media\/139034"}],"wp:attachment":[{"href":"https:\/\/sitz.ch\/fr\/wp-json\/wp\/v2\/media?parent=152200"}],"wp:term":[{"taxonomy":"pwb-brand","embeddable":true,"href":"https:\/\/sitz.ch\/fr\/wp-json\/wp\/v2\/pwb-brand?post=152200"},{"taxonomy":"product_brand","embeddable":true,"href":"https:\/\/sitz.ch\/fr\/wp-json\/wp\/v2\/product_brand?post=152200"},{"taxonomy":"product_cat","embeddable":true,"href":"https:\/\/sitz.ch\/fr\/wp-json\/wp\/v2\/product_cat?post=152200"},{"taxonomy":"product_tag","embeddable":true,"href":"https:\/\/sitz.ch\/fr\/wp-json\/wp\/v2\/product_tag?post=152200"}],"curies":[{"name":"wp","href":"https:\/\/api.w.org\/{rel}","templated":true}]}}