{"id":152316,"date":"2024-06-13T10:51:42","date_gmt":"2024-06-13T08:51:42","guid":{"rendered":"https:\/\/sitz.ch\/produkt\/stolcomfort-svenstol-office-x5-edition-1\/"},"modified":"2026-04-23T12:47:53","modified_gmt":"2026-04-23T10:47:53","slug":"stolcomfort-svenstol-office-x5-edition-1","status":"publish","type":"product","link":"https:\/\/sitz.ch\/fr\/produit\/stolcomfort-svenstol-office-x5-edition-1\/","title":{"rendered":"Stolcomfort Svenstol Office X5 Edition 1"},"content":{"rendered":"","protected":false},"excerpt":{"rendered":"<h1>La chaise 24h pour le t\u00e9l\u00e9travail ou le bureau<\/h1>\n<p>Vous ne travaillez pas dans un centre de commande ou sur un poste avec une activit\u00e9 24h\/24 mais vous souhaitez tout de m\u00eame un confort d&rsquo;assise optimal et une qualit\u00e9 sup\u00e9rieure ?<br \/>\nNous avons la solution pour vous, le Svenstol X5. D\u00e9sormais disponible en \u00e9dition limit\u00e9e directement en stock.<\/p>\n<p>Le Svenstol X5 offre, en plus d&rsquo;un design attrayant, un confort d&rsquo;assise optimal, une qualit\u00e9 exceptionnelle, de nombreuses options de configuration et une disponibilit\u00e9 rapide, la garantie imbattable de Stolcomfort. 10 ans de garantie compl\u00e8te ! Cela inclut le travail, le d\u00e9placement et le mat\u00e9riel. Une telle garantie est unique !<\/p>\n<p>&nbsp;<\/p>\n<h3><strong>\u00c9quipement mod\u00e8le \u00e9dition, Variante 1<\/strong><\/h3>\n<ul>\n<li>Rev\u00eatement sp\u00e9cial en combinaison tissu\/cuir &#8211; Tissu era (polyester) anthracite + Cuir (v\u00e9ritable cuir) brun avec coutures contrast\u00e9es blanches<\/li>\n<li>Appuie-t\u00eate en combinaison tissu\/cuir<\/li>\n<li>Accoudoirs en T V40 &#8211; accoudoirs multifonctions<\/li>\n<li>Soutien lombaire \u00e0 deux chambres &#8211; pneumatique<\/li>\n<li>R\u00e9glage de la profondeur d&rsquo;assise<\/li>\n<li>M\u00e9canisme activePlus<\/li>\n<li>V\u00e9rin \u00e0 gaz avec amortissement en profondeur (hauteur d&rsquo;assise 44-56 cm)<\/li>\n<li>Pi\u00e8tement en aluminium \u00e0 6 branches<\/li>\n<li>Roulettes souples ou dures (au choix)<\/li>\n<\/ul>\n","protected":false},"featured_media":143492,"comment_status":"open","ping_status":"closed","template":"","meta":{"_acf_changed":false},"pwb-brand":[],"product_brand":[],"product_cat":[971,193,266,260,190,207],"product_tag":[],"class_list":{"0":"post-152316","1":"product","2":"type-product","3":"status-publish","4":"has-post-thumbnail","6":"product_cat-adapte-pour-la-demande-ai","7":"product_cat-chaise-de-bureau-classique","8":"product_cat-chaise-de-bureau-pour-personnes-lourdes","9":"product_cat-chaises-24h","10":"product_cat-chaises-de-bureau","11":"product_cat-sieges-ergonomiques-specifiques","12":"tm-has-options","14":"first","15":"onbackorder","16":"sale","17":"featured","18":"taxable","19":"shipping-taxable","20":"purchasable","21":"product-type-variable","22":"has-default-attributes"},"acf":[],"brands":[],"_links":{"self":[{"href":"https:\/\/sitz.ch\/fr\/wp-json\/wp\/v2\/product\/152316","targetHints":{"allow":["GET"]}}],"collection":[{"href":"https:\/\/sitz.ch\/fr\/wp-json\/wp\/v2\/product"}],"about":[{"href":"https:\/\/sitz.ch\/fr\/wp-json\/wp\/v2\/types\/product"}],"replies":[{"embeddable":true,"href":"https:\/\/sitz.ch\/fr\/wp-json\/wp\/v2\/comments?post=152316"}],"version-history":[{"count":0,"href":"https:\/\/sitz.ch\/fr\/wp-json\/wp\/v2\/product\/152316\/revisions"}],"wp:featuredmedia":[{"embeddable":true,"href":"https:\/\/sitz.ch\/fr\/wp-json\/wp\/v2\/media\/143492"}],"wp:attachment":[{"href":"https:\/\/sitz.ch\/fr\/wp-json\/wp\/v2\/media?parent=152316"}],"wp:term":[{"taxonomy":"pwb-brand","embeddable":true,"href":"https:\/\/sitz.ch\/fr\/wp-json\/wp\/v2\/pwb-brand?post=152316"},{"taxonomy":"product_brand","embeddable":true,"href":"https:\/\/sitz.ch\/fr\/wp-json\/wp\/v2\/product_brand?post=152316"},{"taxonomy":"product_cat","embeddable":true,"href":"https:\/\/sitz.ch\/fr\/wp-json\/wp\/v2\/product_cat?post=152316"},{"taxonomy":"product_tag","embeddable":true,"href":"https:\/\/sitz.ch\/fr\/wp-json\/wp\/v2\/product_tag?post=152316"}],"curies":[{"name":"wp","href":"https:\/\/api.w.org\/{rel}","templated":true}]}}