{"id":152335,"date":"2016-11-12T00:19:24","date_gmt":"2016-11-11T23:19:24","guid":{"rendered":"https:\/\/sitz.ch\/produkt\/straessle-daniel-relaxer\/"},"modified":"2016-11-12T00:19:24","modified_gmt":"2016-11-11T23:19:24","slug":"straessle-daniel-relaxer","status":"publish","type":"product","link":"https:\/\/sitz.ch\/fr\/produit\/straessle-daniel-relaxer\/","title":{"rendered":"Str\u00e4ssle Daniel Relaxer"},"content":{"rendered":"<p>Ce produit peut \u00eatre ajust\u00e9 de mani\u00e8re unique \u00e0 toutes les exigences et besoins de l&rsquo;utilisateur.<\/p>\n<p>Personnalisez votre propre fauteuil relax.<\/p>\n<p>Fauteuil relax avec un confort d&rsquo;assise exceptionnel, \u00e9l\u00e9gant et accueillant. Installez-vous, d\u00e9tendez-vous vraiment et profitez de ce magnifique fauteuil.<\/p>\n<p>Standard :<\/p>\n<p>\u2022\u00a0\u00a0\u00a0 M\u00e9canisme manuel s\u00e9par\u00e9 (sans moteur) verrouillable en continu<\/p>\n<p>\u2022\u00a0\u00a0\u00a0 Rotation de 360\u00b0<\/p>\n<p>\u2022\u00a0\u00a0\u00a0 Plateau tournant en chrome brillant<\/p>\n<p>\u2022\u00a0\u00a0\u00a0 R\u00e9glage du cou<\/p>\n<p>Optionnel :<\/p>\n<p>\u2022\u00a0 \u00a0 M\u00e9canisme synchrone \u00e0 1 moteur r\u00e9glable \u00e9lectriquement<\/p>\n<p>\u2022\u00a0\u00a0\u00a0 2 moteurs avec m\u00e9canisme s\u00e9par\u00e9 (jambes et dossier s\u00e9par\u00e9s)<\/p>\n<p>\u2022\u00a0\u00a0\u00a0 Massage \u00e0 pulsations et vagues<\/p>\n<p>\u2022\u00a0\u00a0\u00a0 Support lombaire r\u00e9glable<\/p>\n<p>\u2022\u00a0\u00a0\u00a0 Batterie<\/p>\n<p>\u2022\u00a0\u00a0\u00a0 T\u00e9l\u00e9commande<\/p>\n<p>\u2022\u00a0\u00a0\u00a0 Chauffage si\u00e8ge et dossier<\/p>\n<p>\u2022\u00a0\u00a0\u00a0 Coussin de cou Ergo suppl\u00e9mentaire (avec contrepoids)<\/p>\n<p>\u2022\u00a0\u00a0\u00a0 Autre pi\u00e8tement<\/p>\n<p>\u2022\u00a0\u00a0\u00a0 Hauteur d&rsquo;assise +\/- 1-3 cm<\/p>\n<p>\u2022\u00a0\u00a0\u00a0 Profondeur d&rsquo;assise +\/- 2 cm<\/p>\n<p>\u2022\u00a0\u00a0\u00a0 Hauteur du dossier +\/- 4 cm<\/p>\n<p>\u2022\u00a0\u00a0\u00a0 Largeur +6 cm<\/p>\n<p>Dimensions :<\/p>\n<p>\u2022\u00a0\u00a0\u00a0 Hauteur 115 cm<\/p>\n<p>\u2022\u00a0\u00a0\u00a0 Largeur 65 cm<\/p>\n<p>\u2022\u00a0\u00a0\u00a0 Profondeur 75-168 cm<\/p>\n<p>\u2022\u00a0\u00a0\u00a0 Hauteur d&rsquo;assise 44 cm<\/p>\n<p>\u2022\u00a0\u00a0\u00a0 Profondeur d&rsquo;assise 51 cm<\/p>\n<p>\u2022\u00a0\u00a0\u00a0 Poids env. 40 kg<\/p>\n<p>D\u00e9lai de livraison : env. 6 semaines ouvr\u00e9es<\/p>\n","protected":false},"excerpt":{"rendered":"<p>Ce produit peut \u00eatre ajust\u00e9 de mani\u00e8re unique \u00e0 toutes les exigences et besoins de l&rsquo;utilisateur. Personnalisez votre propre fauteuil relax. Fauteuil relax avec un confort d&rsquo;assise exceptionnel, \u00e9l\u00e9gant et accueillant. Installez-vous, d\u00e9tendez-vous vraiment et profitez de ce magnifique fauteuil. Standard : \u2022\u00a0\u00a0\u00a0 M\u00e9canisme manuel s\u00e9par\u00e9 (sans moteur) verrouillable en continu \u2022\u00a0\u00a0\u00a0 Rotation de 360\u00b0 [&hellip;]<\/p>\n","protected":false},"featured_media":138491,"comment_status":"open","ping_status":"closed","template":"","meta":{"_acf_changed":false},"pwb-brand":[91],"product_brand":[],"product_cat":[280,276,278,279],"product_tag":[],"class_list":{"0":"post-152335","1":"product","2":"type-product","3":"status-publish","4":"has-post-thumbnail","6":"pwb-brand-straessle","7":"product_cat-fauteuil-releveur-electrique","8":"product_cat-fauteuils-relax","9":"product_cat-fauteuils-relax-electriques","10":"product_cat-fauteuils-relax-manuels","11":"tm-has-options","13":"first","14":"onbackorder","15":"taxable","16":"shipping-taxable","17":"purchasable","18":"product-type-variable","19":"has-default-attributes"},"acf":[],"brands":[{"id":91,"name":"Str\u00e4ssle","slug":"straessle"}],"_links":{"self":[{"href":"https:\/\/sitz.ch\/fr\/wp-json\/wp\/v2\/product\/152335","targetHints":{"allow":["GET"]}}],"collection":[{"href":"https:\/\/sitz.ch\/fr\/wp-json\/wp\/v2\/product"}],"about":[{"href":"https:\/\/sitz.ch\/fr\/wp-json\/wp\/v2\/types\/product"}],"replies":[{"embeddable":true,"href":"https:\/\/sitz.ch\/fr\/wp-json\/wp\/v2\/comments?post=152335"}],"version-history":[{"count":0,"href":"https:\/\/sitz.ch\/fr\/wp-json\/wp\/v2\/product\/152335\/revisions"}],"wp:featuredmedia":[{"embeddable":true,"href":"https:\/\/sitz.ch\/fr\/wp-json\/wp\/v2\/media\/138491"}],"wp:attachment":[{"href":"https:\/\/sitz.ch\/fr\/wp-json\/wp\/v2\/media?parent=152335"}],"wp:term":[{"taxonomy":"pwb-brand","embeddable":true,"href":"https:\/\/sitz.ch\/fr\/wp-json\/wp\/v2\/pwb-brand?post=152335"},{"taxonomy":"product_brand","embeddable":true,"href":"https:\/\/sitz.ch\/fr\/wp-json\/wp\/v2\/product_brand?post=152335"},{"taxonomy":"product_cat","embeddable":true,"href":"https:\/\/sitz.ch\/fr\/wp-json\/wp\/v2\/product_cat?post=152335"},{"taxonomy":"product_tag","embeddable":true,"href":"https:\/\/sitz.ch\/fr\/wp-json\/wp\/v2\/product_tag?post=152335"}],"curies":[{"name":"wp","href":"https:\/\/api.w.org\/{rel}","templated":true}]}}