{"id":152339,"date":"2016-11-12T00:19:28","date_gmt":"2016-11-11T23:19:28","guid":{"rendered":"https:\/\/sitz.ch\/produkt\/straessle-ray-relaxer\/"},"modified":"2016-11-12T00:19:28","modified_gmt":"2016-11-11T23:19:28","slug":"straessle-ray-relaxer","status":"publish","type":"product","link":"https:\/\/sitz.ch\/fr\/produit\/straessle-ray-relaxer\/","title":{"rendered":"Str\u00e4ssle Ray Relaxer"},"content":{"rendered":"<p>Ce produit s&rsquo;adapte de mani\u00e8re unique \u00e0 toutes les exigences et besoins de l&rsquo;utilisateur.<\/p>\n<p>Composez votre fauteuil relax personnalis\u00e9.<\/p>\n<p>Fauteuil relax avec un confort d&rsquo;assise exceptionnel, \u00e9l\u00e9gant et accueillant. Reposez-vous, d\u00e9tendez-vous vraiment et profitez de ce magnifique fauteuil.<\/p>\n<p>Standard :<\/p>\n<p>\u2022    M\u00e9canisme s\u00e9par\u00e9 manuel (sans moteur), dossier r\u00e9glable en continu<\/p>\n<p>\u2022    Rotation \u00e0 360\u00b0<\/p>\n<p>\u2022    Socle en aluminium poli<\/p>\n<p>\u2022    R\u00e9glage de l&rsquo;appui-t\u00eate<\/p>\n<p>Optionnel :<\/p>\n<p>\u2022    M\u00e9canisme s\u00e9par\u00e9 \u00e0 2 moteurs (repose-jambes et dossier s\u00e9par\u00e9s)<\/p>\n<p>\u2022    Massage par impulsions et vagues<\/p>\n<p>\u2022    Support lombaire gonflable<\/p>\n<p>\u2022    Batterie rechargeable<\/p>\n<p>\u2022    T\u00e9l\u00e9commande<\/p>\n<p>\u2022    Chauffage d&rsquo;assise et de dossier<\/p>\n<p>\u2022    Table relax (verre) fix\u00e9e au fauteuil (disponible \u00e0 gauche ou \u00e0 droite)<\/p>\n<p>\u2022    Coussin cervical Ergo suppl\u00e9mentaire (avec contrepoids)<\/p>\n<p>&nbsp;<\/p>\n<p>Dimensions :<\/p>\n<p>\u2022    Hauteur 114 cm<\/p>\n<p>\u2022    Largeur 74 cm<\/p>\n<p>\u2022    Profondeur 82-162 cm<\/p>\n<p>\u2022    Hauteur d&rsquo;assise 45 cm<\/p>\n<p>\u2022    Profondeur d&rsquo;assise 53 cm<\/p>\n<p>\u2022    Poids env. 40 kg<\/p>\n<p>sur commande, d\u00e9lai de livraison environ 6 semaines ouvrables<br \/> <br \/>\nD&rsquo;autres couleurs et rev\u00eatements sont disponibles.<br \/> <br \/>\nVeuillez nous contacter si vous souhaitez une autre version.<\/p>\n","protected":false},"excerpt":{"rendered":"<p>Ce produit s&rsquo;adapte de mani\u00e8re unique \u00e0 toutes les exigences et besoins de l&rsquo;utilisateur. Composez votre fauteuil relax personnalis\u00e9. Fauteuil relax avec un confort d&rsquo;assise exceptionnel, \u00e9l\u00e9gant et accueillant. Reposez-vous, d\u00e9tendez-vous vraiment et profitez de ce magnifique fauteuil. Standard : \u2022 M\u00e9canisme s\u00e9par\u00e9 manuel (sans moteur), dossier r\u00e9glable en continu \u2022 Rotation \u00e0 360\u00b0 \u2022 [&hellip;]<\/p>\n","protected":false},"featured_media":138503,"comment_status":"open","ping_status":"closed","template":"","meta":{"_acf_changed":false},"pwb-brand":[91],"product_brand":[],"product_cat":[276,278,279],"product_tag":[],"class_list":{"0":"post-152339","1":"product","2":"type-product","3":"status-publish","4":"has-post-thumbnail","6":"pwb-brand-straessle","7":"product_cat-fauteuils-relax","8":"product_cat-fauteuils-relax-electriques","9":"product_cat-fauteuils-relax-manuels","10":"tm-has-options","12":"first","13":"onbackorder","14":"featured","15":"taxable","16":"shipping-taxable","17":"purchasable","18":"product-type-variable","19":"has-default-attributes"},"acf":[],"brands":[{"id":91,"name":"Str\u00e4ssle","slug":"straessle"}],"_links":{"self":[{"href":"https:\/\/sitz.ch\/fr\/wp-json\/wp\/v2\/product\/152339","targetHints":{"allow":["GET"]}}],"collection":[{"href":"https:\/\/sitz.ch\/fr\/wp-json\/wp\/v2\/product"}],"about":[{"href":"https:\/\/sitz.ch\/fr\/wp-json\/wp\/v2\/types\/product"}],"replies":[{"embeddable":true,"href":"https:\/\/sitz.ch\/fr\/wp-json\/wp\/v2\/comments?post=152339"}],"version-history":[{"count":0,"href":"https:\/\/sitz.ch\/fr\/wp-json\/wp\/v2\/product\/152339\/revisions"}],"wp:featuredmedia":[{"embeddable":true,"href":"https:\/\/sitz.ch\/fr\/wp-json\/wp\/v2\/media\/138503"}],"wp:attachment":[{"href":"https:\/\/sitz.ch\/fr\/wp-json\/wp\/v2\/media?parent=152339"}],"wp:term":[{"taxonomy":"pwb-brand","embeddable":true,"href":"https:\/\/sitz.ch\/fr\/wp-json\/wp\/v2\/pwb-brand?post=152339"},{"taxonomy":"product_brand","embeddable":true,"href":"https:\/\/sitz.ch\/fr\/wp-json\/wp\/v2\/product_brand?post=152339"},{"taxonomy":"product_cat","embeddable":true,"href":"https:\/\/sitz.ch\/fr\/wp-json\/wp\/v2\/product_cat?post=152339"},{"taxonomy":"product_tag","embeddable":true,"href":"https:\/\/sitz.ch\/fr\/wp-json\/wp\/v2\/product_tag?post=152339"}],"curies":[{"name":"wp","href":"https:\/\/api.w.org\/{rel}","templated":true}]}}