{"id":152343,"date":"2016-11-12T00:12:19","date_gmt":"2016-11-11T23:12:19","guid":{"rendered":"https:\/\/sitz.ch\/produkt\/tempur-coussin-lombaire\/"},"modified":"2016-11-12T00:12:19","modified_gmt":"2016-11-11T23:12:19","slug":"tempur-coussin-lombaire","status":"publish","type":"product","link":"https:\/\/sitz.ch\/fr\/produit\/tempur-coussin-lombaire\/","title":{"rendered":"Tempur Coussin Lombaire"},"content":{"rendered":"<p><span style=\"font-family: 'Georgia','serif'; color: #333333;\">Le coussin dorsal peut \u00eatre r\u00e9gl\u00e9 en hauteur pour s&rsquo;adapter \u00e0 la courbure (lordose) de la colonne vert\u00e9brale. De plus, le coussin offre un confort maximal gr\u00e2ce \u00e0 un soulagement imm\u00e9diat de la pression.<\/span><\/p>\n<p style=\"font-variant-ligatures: normal; font-variant-caps: normal; orphans: 2; text-align: start; widows: 2; -webkit-text-stroke-width: 0px; text-decoration-style: initial; text-decoration-color: initial; word-spacing: 0px;\"><span style=\"font-family: 'Georgia','serif'; color: #333333;\">Id\u00e9al en combinaison avec le coussin d&rsquo;assise ou le coin d&rsquo;assise.<\/span><\/p>\n<p><span style=\"font-size: 12px;\"><span style=\"font-family: Arial;\"><b><span style=\"font-family: 'Georgia','serif';\">Taille :<\/span><\/b><\/span><\/span><\/p>\n<p><span style=\"font-family: 'Georgia','serif'; color: #333333;\">36 x 36 x 7 cm bleu<\/span><\/p>\n","protected":false},"excerpt":{"rendered":"<p>Le coussin dorsal peut \u00eatre r\u00e9gl\u00e9 en hauteur pour s&rsquo;adapter \u00e0 la courbure (lordose) de la colonne vert\u00e9brale. De plus, le coussin offre un confort maximal gr\u00e2ce \u00e0 un soulagement imm\u00e9diat de la pression. Id\u00e9al en combinaison avec le coussin d&rsquo;assise ou le coin d&rsquo;assise. Taille : 36 x 36 x 7 cm bleu<\/p>\n","protected":false},"featured_media":138233,"comment_status":"open","ping_status":"closed","template":"","meta":{"_acf_changed":false},"pwb-brand":[111],"product_brand":[],"product_cat":[268,273],"product_tag":[],"class_list":{"0":"post-152343","1":"product","2":"type-product","3":"status-publish","4":"has-post-thumbnail","6":"pwb-brand-tempur","7":"product_cat-accessoires-ergonomiques","8":"product_cat-soutiens-lombaires-coussins-dassise","9":"tm-has-options","11":"first","12":"instock","13":"featured","14":"taxable","15":"shipping-taxable","16":"purchasable","17":"product-type-variable","18":"has-default-attributes"},"acf":[],"brands":[{"id":111,"name":"Tempur","slug":"tempur"}],"_links":{"self":[{"href":"https:\/\/sitz.ch\/fr\/wp-json\/wp\/v2\/product\/152343","targetHints":{"allow":["GET"]}}],"collection":[{"href":"https:\/\/sitz.ch\/fr\/wp-json\/wp\/v2\/product"}],"about":[{"href":"https:\/\/sitz.ch\/fr\/wp-json\/wp\/v2\/types\/product"}],"replies":[{"embeddable":true,"href":"https:\/\/sitz.ch\/fr\/wp-json\/wp\/v2\/comments?post=152343"}],"version-history":[{"count":0,"href":"https:\/\/sitz.ch\/fr\/wp-json\/wp\/v2\/product\/152343\/revisions"}],"wp:featuredmedia":[{"embeddable":true,"href":"https:\/\/sitz.ch\/fr\/wp-json\/wp\/v2\/media\/138233"}],"wp:attachment":[{"href":"https:\/\/sitz.ch\/fr\/wp-json\/wp\/v2\/media?parent=152343"}],"wp:term":[{"taxonomy":"pwb-brand","embeddable":true,"href":"https:\/\/sitz.ch\/fr\/wp-json\/wp\/v2\/pwb-brand?post=152343"},{"taxonomy":"product_brand","embeddable":true,"href":"https:\/\/sitz.ch\/fr\/wp-json\/wp\/v2\/product_brand?post=152343"},{"taxonomy":"product_cat","embeddable":true,"href":"https:\/\/sitz.ch\/fr\/wp-json\/wp\/v2\/product_cat?post=152343"},{"taxonomy":"product_tag","embeddable":true,"href":"https:\/\/sitz.ch\/fr\/wp-json\/wp\/v2\/product_tag?post=152343"}],"curies":[{"name":"wp","href":"https:\/\/api.w.org\/{rel}","templated":true}]}}