{"id":152345,"date":"2016-11-12T00:12:21","date_gmt":"2016-11-11T23:12:21","guid":{"rendered":"https:\/\/sitz.ch\/produkt\/tempur-transit-coussin-lombaire\/"},"modified":"2016-11-12T00:12:21","modified_gmt":"2016-11-11T23:12:21","slug":"tempur-transit-coussin-lombaire","status":"publish","type":"product","link":"https:\/\/sitz.ch\/fr\/produit\/tempur-transit-coussin-lombaire\/","title":{"rendered":"Tempur Transit Coussin Lombaire"},"content":{"rendered":"<p><span style=\"font-family: 'Georgia','serif'; color: #333333;\">Un coussin dorsal pratique Transit pour vos d\u00e9placements ou \u00e0 la maison. Gr\u00e2ce \u00e0 sa mousse visco\u00e9lastique, il s&rsquo;adapte parfaitement au dos dans n&rsquo;importe quel environnement.<\/span><\/p>\n<p style=\"font-variant-ligatures: normal; font-variant-caps: normal; orphans: 2; text-align: start; widows: 2; -webkit-text-stroke-width: 0px; text-decoration-style: initial; text-decoration-color: initial; word-spacing: 0px;\"><span style=\"font-family: 'Georgia','serif'; color: #333333;\">Ins\u00e9rez-le simplement dans la position pr\u00e9f\u00e9r\u00e9e entre votre dos et le dossier pour ressentir un soulagement imm\u00e9diat des vert\u00e8bres et des muscles.<\/span><\/p>\n<p style=\"font-variant-ligatures: normal; font-variant-caps: normal; orphans: 2; text-align: start; widows: 2; -webkit-text-stroke-width: 0px; text-decoration-style: initial; text-decoration-color: initial; word-spacing: 0px;\"><b><span style=\"font-family: 'Georgia','serif';\">Taille :<\/span><\/b><span style=\"font-family: 'Georgia','serif'; color: #333333;\"> 30 x 25 x 6\/1 cm bleu<\/span><\/p>\n<div style=\"line-height: normal;\"><\/div>\n","protected":false},"excerpt":{"rendered":"<p>Un coussin dorsal pratique Transit pour vos d\u00e9placements ou \u00e0 la maison. Gr\u00e2ce \u00e0 sa mousse visco\u00e9lastique, il s&rsquo;adapte parfaitement au dos dans n&rsquo;importe quel environnement. Ins\u00e9rez-le simplement dans la position pr\u00e9f\u00e9r\u00e9e entre votre dos et le dossier pour ressentir un soulagement imm\u00e9diat des vert\u00e8bres et des muscles. Taille : 30 x 25 x 6\/1 [&hellip;]<\/p>\n","protected":false},"featured_media":138239,"comment_status":"open","ping_status":"closed","template":"","meta":{"_acf_changed":false},"pwb-brand":[111],"product_brand":[],"product_cat":[268,273],"product_tag":[],"class_list":{"0":"post-152345","1":"product","2":"type-product","3":"status-publish","4":"has-post-thumbnail","6":"pwb-brand-tempur","7":"product_cat-accessoires-ergonomiques","8":"product_cat-soutiens-lombaires-coussins-dassise","9":"tm-has-options","11":"first","12":"instock","13":"featured","14":"taxable","15":"shipping-taxable","16":"purchasable","17":"product-type-variable","18":"has-default-attributes"},"acf":[],"brands":[{"id":111,"name":"Tempur","slug":"tempur"}],"_links":{"self":[{"href":"https:\/\/sitz.ch\/fr\/wp-json\/wp\/v2\/product\/152345","targetHints":{"allow":["GET"]}}],"collection":[{"href":"https:\/\/sitz.ch\/fr\/wp-json\/wp\/v2\/product"}],"about":[{"href":"https:\/\/sitz.ch\/fr\/wp-json\/wp\/v2\/types\/product"}],"replies":[{"embeddable":true,"href":"https:\/\/sitz.ch\/fr\/wp-json\/wp\/v2\/comments?post=152345"}],"version-history":[{"count":0,"href":"https:\/\/sitz.ch\/fr\/wp-json\/wp\/v2\/product\/152345\/revisions"}],"wp:featuredmedia":[{"embeddable":true,"href":"https:\/\/sitz.ch\/fr\/wp-json\/wp\/v2\/media\/138239"}],"wp:attachment":[{"href":"https:\/\/sitz.ch\/fr\/wp-json\/wp\/v2\/media?parent=152345"}],"wp:term":[{"taxonomy":"pwb-brand","embeddable":true,"href":"https:\/\/sitz.ch\/fr\/wp-json\/wp\/v2\/pwb-brand?post=152345"},{"taxonomy":"product_brand","embeddable":true,"href":"https:\/\/sitz.ch\/fr\/wp-json\/wp\/v2\/product_brand?post=152345"},{"taxonomy":"product_cat","embeddable":true,"href":"https:\/\/sitz.ch\/fr\/wp-json\/wp\/v2\/product_cat?post=152345"},{"taxonomy":"product_tag","embeddable":true,"href":"https:\/\/sitz.ch\/fr\/wp-json\/wp\/v2\/product_tag?post=152345"}],"curies":[{"name":"wp","href":"https:\/\/api.w.org\/{rel}","templated":true}]}}