{"id":152347,"date":"2020-05-27T10:57:46","date_gmt":"2020-05-27T08:57:46","guid":{"rendered":"https:\/\/sitz.ch\/produkt\/thergofit-orthofit-chaise-en-bois\/"},"modified":"2020-05-27T10:57:46","modified_gmt":"2020-05-27T08:57:46","slug":"thergofit-orthofit-chaise-en-bois","status":"publish","type":"product","link":"https:\/\/sitz.ch\/fr\/produit\/thergofit-orthofit-chaise-en-bois\/","title":{"rendered":"Thergofit Orthofit Chaise en Bois"},"content":{"rendered":"<p>Votre chaise en bois ORTHOfit de Thergofit est petite, l\u00e9g\u00e8re et maniable. Rare sont les chaises qui vous soutiennent aussi bien au niveau du dos et vous permettent de vous asseoir droit. Livraison rapide.<br \/>\nElle est con\u00e7ue et fabriqu\u00e9e selon des principes physiologiques. Toutes ses caract\u00e9ristiques importantes ont \u00e9t\u00e9 pens\u00e9es pour rendre le fait de s&rsquo;asseoir pendant des heures aussi agr\u00e9able que possible. Le dossier et l&rsquo;assise de la chaise de travail ORTHOfit sont sp\u00e9cialement profil\u00e9s. Les diff\u00e9rentes options de r\u00e9glage de l&rsquo;assise et du dossier sont particuli\u00e8rement vari\u00e9es.<br \/>\nCette chaise est tr\u00e8s petite et maniable, offrant une tr\u00e8s bonne stabilit\u00e9, le bassin ne peut plus basculer vers l&rsquo;arri\u00e8re, et je n&rsquo;ai plus de dos courb\u00e9.<br \/>\nId\u00e9ale pour les ateliers, l&rsquo;industrie horlog\u00e8re, les h\u00f4pitaux, les laboratoires, les \u00e9coles et l\u00e0 o\u00f9 un travail pr\u00e9cis et concentr\u00e9 est requis.<\/p>\n<p>\u00c9quipement de s\u00e9rie de la chaise en bois Orthofit :<\/p>\n<ul>\n<li>Dossier r\u00e9glable en hauteur et en inclinaison en continu<\/li>\n<li>R\u00e9glage de l&rsquo;inclinaison de l&rsquo;assise en continu<\/li>\n<li>R\u00e9glage de la hauteur de l&rsquo;assise en continu 42 cm &#8211; 53 cm<\/li>\n<li>Pied en croix en plastique noir 65 cm<\/li>\n<li>Roues noires, souples 5 cm<\/li>\n<li>Garantie 2 ans<\/li>\n<\/ul>\n<p>Bois h\u00eatre naturel vernis<\/p>\n<p>Disponible en option :<\/p>\n<ul>\n<li>Accoudoirs r\u00e9glables en hauteur<\/li>\n<li>Pied en croix en alu noir<\/li>\n<li>Pied en croix en alu poli<\/li>\n<li>V\u00e9rin haut avec anneau repose-pieds &#8211; pour postes de travail hauts de 85 \u00e0 110 cm<\/li>\n<\/ul>\n<p>&nbsp;<\/p>\n","protected":false},"excerpt":{"rendered":"<p>Votre chaise en bois ORTHOfit de Thergofit est petite, l\u00e9g\u00e8re et maniable. Rare sont les chaises qui vous soutiennent aussi bien au niveau du dos et vous permettent de vous asseoir droit. Livraison rapide. Elle est con\u00e7ue et fabriqu\u00e9e selon des principes physiologiques. Toutes ses caract\u00e9ristiques importantes ont \u00e9t\u00e9 pens\u00e9es pour rendre le fait de [&hellip;]<\/p>\n","protected":false},"featured_media":140030,"comment_status":"open","ping_status":"closed","template":"","meta":{"_acf_changed":false},"pwb-brand":[99],"product_brand":[],"product_cat":[193,190,265],"product_tag":[],"class_list":{"0":"post-152347","1":"product","2":"type-product","3":"status-publish","4":"has-post-thumbnail","6":"pwb-brand-thergofit","7":"product_cat-chaise-de-bureau-classique","8":"product_cat-chaises-de-bureau","9":"product_cat-chaises-pour-salles-blanches-medicales","10":"product_shipping_class-livraison-gratuite","11":"tm-has-options","13":"first","14":"onbackorder","15":"featured","16":"taxable","17":"shipping-taxable","18":"purchasable","19":"product-type-variable","20":"has-default-attributes"},"acf":[],"brands":[{"id":99,"name":"Thergofit","slug":"thergofit"}],"_links":{"self":[{"href":"https:\/\/sitz.ch\/fr\/wp-json\/wp\/v2\/product\/152347","targetHints":{"allow":["GET"]}}],"collection":[{"href":"https:\/\/sitz.ch\/fr\/wp-json\/wp\/v2\/product"}],"about":[{"href":"https:\/\/sitz.ch\/fr\/wp-json\/wp\/v2\/types\/product"}],"replies":[{"embeddable":true,"href":"https:\/\/sitz.ch\/fr\/wp-json\/wp\/v2\/comments?post=152347"}],"version-history":[{"count":0,"href":"https:\/\/sitz.ch\/fr\/wp-json\/wp\/v2\/product\/152347\/revisions"}],"wp:featuredmedia":[{"embeddable":true,"href":"https:\/\/sitz.ch\/fr\/wp-json\/wp\/v2\/media\/140030"}],"wp:attachment":[{"href":"https:\/\/sitz.ch\/fr\/wp-json\/wp\/v2\/media?parent=152347"}],"wp:term":[{"taxonomy":"pwb-brand","embeddable":true,"href":"https:\/\/sitz.ch\/fr\/wp-json\/wp\/v2\/pwb-brand?post=152347"},{"taxonomy":"product_brand","embeddable":true,"href":"https:\/\/sitz.ch\/fr\/wp-json\/wp\/v2\/product_brand?post=152347"},{"taxonomy":"product_cat","embeddable":true,"href":"https:\/\/sitz.ch\/fr\/wp-json\/wp\/v2\/product_cat?post=152347"},{"taxonomy":"product_tag","embeddable":true,"href":"https:\/\/sitz.ch\/fr\/wp-json\/wp\/v2\/product_tag?post=152347"}],"curies":[{"name":"wp","href":"https:\/\/api.w.org\/{rel}","templated":true}]}}