{"id":152349,"date":"2020-05-27T10:25:34","date_gmt":"2020-05-27T08:25:34","guid":{"rendered":"https:\/\/sitz.ch\/produkt\/thergofit-orthofit-dossier-etroit\/"},"modified":"2020-05-27T10:25:34","modified_gmt":"2020-05-27T08:25:34","slug":"thergofit-orthofit-dossier-etroit","status":"publish","type":"product","link":"https:\/\/sitz.ch\/fr\/produit\/thergofit-orthofit-dossier-etroit\/","title":{"rendered":"Thergofit Orthofit Dossier \u00c9troit"},"content":{"rendered":"<p>Votre ORTHOfit avec dossier \u00e9troit de Thergofit est petit, l\u00e9ger et maniable. Peu de chaises soutiennent aussi bien le bas de votre dos et vous permettent de vous asseoir droit.<br \/>\nIl est particuli\u00e8rement adapt\u00e9 aux personnes ayant des omoplates pro\u00e9minentes mais aussi aux t\u00e2ches qui n\u00e9cessitent une grande libert\u00e9 de mouvement des bras.<br \/>\nOrthofit est con\u00e7u et fabriqu\u00e9 selon des principes physiologiques. Toutes ses caract\u00e9ristiques importantes ont \u00e9t\u00e9 pens\u00e9es pour rendre les longues heures d&rsquo;assise aussi confortables que possible. Le dossier et l\u2019assise du si\u00e8ge ORTHOfit sont sp\u00e9cialement model\u00e9s. Les diff\u00e9rentes possibilit\u00e9s de r\u00e9glage de l\u2019assise et du dossier sont particuli\u00e8rement vari\u00e9es.<br \/>\nCette chaise, tr\u00e8s petite et maniable, offre un excellent soutien au si\u00e8ge, emp\u00eachant le bassin de basculer vers l&rsquo;arri\u00e8re pour \u00e9viter une mauvaise posture.<br \/>\nId\u00e9ale pour la couture, l&rsquo;industrie horlog\u00e8re, les h\u00f4pitaux et les laboratoires, ainsi que dans les lieux o\u00f9 l&rsquo;on travaille avec pr\u00e9cision et concentration.<\/p>\n<p>\u00c9quipement de s\u00e9rie Orthofit avec dossier \u00e9troit :<\/p>\n<ul>\n<li>Dossier r\u00e9glable en hauteur et en inclinaison de mani\u00e8re continue<\/li>\n<li>R\u00e9glage de l&rsquo;inclinaison de l&rsquo;assise en continu<\/li>\n<li>Hauteur d&rsquo;assise r\u00e9glable en continu 42 cm &#8211; 53 cm<\/li>\n<li>Croix de pied en plastique noir 65 cm<\/li>\n<li>Roues universelles adapt\u00e9es \u00e0 tout type de rev\u00eatement<\/li>\n<li>Garantie 2 ans<\/li>\n<\/ul>\n<p>Rev\u00eatements des coussins :<br \/>\nTissu, simili cuir, cuir v\u00e9ritable<\/p>\n<p>Options disponibles :<\/p>\n<ul>\n<li>\u00a0 Accoudoirs r\u00e9glables en hauteur<\/li>\n<\/ul>\n<p>Si vous souhaitez d&rsquo;autres rev\u00eatements, couleurs ou versions, comme<br \/>\nSimili cuir pour h\u00f4pitaux, laboratoires ou secteur de la sant\u00e9<br \/>\nMicrofibre pour une tenue particuli\u00e8rement bonne<br \/>\nCuir v\u00e9ritable pour un look \u00e9l\u00e9gant et un confort d&rsquo;assise agr\u00e9able<br \/>\nVersion ESD en tissu ou simili cuir noir<br \/>\ncontactez-nous.<br \/>\nCes versions sont fabriqu\u00e9es sur commande avec un d\u00e9lai de livraison d&rsquo;environ 4 semaines.<\/p>\n","protected":false},"excerpt":{"rendered":"<p>Votre ORTHOfit avec dossier \u00e9troit de Thergofit est petit, l\u00e9ger et maniable. Peu de chaises soutiennent aussi bien le bas de votre dos et vous permettent de vous asseoir droit. Il est particuli\u00e8rement adapt\u00e9 aux personnes ayant des omoplates pro\u00e9minentes mais aussi aux t\u00e2ches qui n\u00e9cessitent une grande libert\u00e9 de mouvement des bras. Orthofit est [&hellip;]<\/p>\n","protected":false},"featured_media":140072,"comment_status":"open","ping_status":"closed","template":"","meta":{"_acf_changed":false},"pwb-brand":[99],"product_brand":[],"product_cat":[193,190,261,207],"product_tag":[],"class_list":{"0":"post-152349","1":"product","2":"type-product","3":"status-publish","4":"has-post-thumbnail","6":"pwb-brand-thergofit","7":"product_cat-chaise-de-bureau-classique","8":"product_cat-chaises-de-bureau","9":"product_cat-chaises-esd","10":"product_cat-sieges-ergonomiques-specifiques","11":"product_shipping_class-livraison-gratuite","12":"tm-has-options","14":"first","15":"outofstock","16":"sale","17":"featured","18":"taxable","19":"shipping-taxable","20":"purchasable","21":"product-type-variable","22":"has-default-attributes"},"acf":[],"brands":[{"id":99,"name":"Thergofit","slug":"thergofit"}],"_links":{"self":[{"href":"https:\/\/sitz.ch\/fr\/wp-json\/wp\/v2\/product\/152349","targetHints":{"allow":["GET"]}}],"collection":[{"href":"https:\/\/sitz.ch\/fr\/wp-json\/wp\/v2\/product"}],"about":[{"href":"https:\/\/sitz.ch\/fr\/wp-json\/wp\/v2\/types\/product"}],"replies":[{"embeddable":true,"href":"https:\/\/sitz.ch\/fr\/wp-json\/wp\/v2\/comments?post=152349"}],"version-history":[{"count":0,"href":"https:\/\/sitz.ch\/fr\/wp-json\/wp\/v2\/product\/152349\/revisions"}],"wp:featuredmedia":[{"embeddable":true,"href":"https:\/\/sitz.ch\/fr\/wp-json\/wp\/v2\/media\/140072"}],"wp:attachment":[{"href":"https:\/\/sitz.ch\/fr\/wp-json\/wp\/v2\/media?parent=152349"}],"wp:term":[{"taxonomy":"pwb-brand","embeddable":true,"href":"https:\/\/sitz.ch\/fr\/wp-json\/wp\/v2\/pwb-brand?post=152349"},{"taxonomy":"product_brand","embeddable":true,"href":"https:\/\/sitz.ch\/fr\/wp-json\/wp\/v2\/product_brand?post=152349"},{"taxonomy":"product_cat","embeddable":true,"href":"https:\/\/sitz.ch\/fr\/wp-json\/wp\/v2\/product_cat?post=152349"},{"taxonomy":"product_tag","embeddable":true,"href":"https:\/\/sitz.ch\/fr\/wp-json\/wp\/v2\/product_tag?post=152349"}],"curies":[{"name":"wp","href":"https:\/\/api.w.org\/{rel}","templated":true}]}}