{"id":152382,"date":"2016-11-11T23:29:14","date_gmt":"2016-11-11T22:29:14","guid":{"rendered":"https:\/\/sitz.ch\/produkt\/thergofit-orthofit-standard\/"},"modified":"2025-02-27T19:22:14","modified_gmt":"2025-02-27T18:22:14","slug":"thergofit-orthofit-standard","status":"publish","type":"product","link":"https:\/\/sitz.ch\/fr\/produit\/thergofit-orthofit-standard\/","title":{"rendered":"Thergofit Orthofit Standard"},"content":{"rendered":"<p>Votre ORTHOfit de Thergofit est petit, l\u00e9ger et maniable. Peu d&rsquo;autres chaises vous soutiennent aussi bien dans le bas du dos et vous permettent de vous asseoir droit. Livraison rapide.<br \/>\nIl est con\u00e7u et fabriqu\u00e9 selon des principes physiologiques. Toutes ses caract\u00e9ristiques principales ont \u00e9t\u00e9 pens\u00e9es pour rendre le fait de s&rsquo;asseoir pendant des heures aussi confortable que possible. Le dossier et l&rsquo;assise de la chaise de travail ORTHOfit sont sp\u00e9cialement fa\u00e7onn\u00e9s. Les diff\u00e9rentes possibilit\u00e9s de r\u00e9glage de l&rsquo;assise et du dossier sont particuli\u00e8rement vari\u00e9es.<br \/>\nCette chaise est tr\u00e8s petite et maniable, offrant un excellent soutien au si\u00e8ge, emp\u00eachant le bassin de basculer vers l&rsquo;arri\u00e8re et \u00e9vitant ainsi une posture avachie.<br \/>\nTr\u00e8s bien adapt\u00e9e pour la couture, l&rsquo;horlogerie, les h\u00f4pitaux, les th\u00e9rapeutes et les postes de laboratoire, ainsi que pour tout espace n\u00e9cessitant un travail de pr\u00e9cision et de concentration.<\/p>\n<p>\u00c9quipement de s\u00e9rie Orthofit :<\/p>\n<ul>\n<li>Dossier r\u00e9glable en hauteur et en inclinaison, r\u00e9glage continu<\/li>\n<li>R\u00e9glage de l&rsquo;inclinaison de l&rsquo;assise, r\u00e9glage continu<\/li>\n<li>R\u00e9glage de la hauteur de l&rsquo;assise continu 42 cm &#8211; 53 cm<\/li>\n<li>Base en plastique noir de 65 cm<\/li>\n<li>Roues universelles adapt\u00e9es \u00e0 tous les rev\u00eatements<\/li>\n<li>Garantie 2 ans<\/li>\n<\/ul>\n<p>Rev\u00eatements rembourr\u00e9s :<br \/>\nTissu polyester. Simili cuir, cuir v\u00e9ritable<\/p>\n<p>Disponible en option :<\/p>\n<ul>\n<li>Accoudoirs r\u00e9glables en hauteur<\/li>\n<\/ul>\n<p>Souhaitez-vous d&rsquo;autres rev\u00eatements, couleurs ou finitions ? Contactez-nous simplement :<\/p>\n<p>&#8211; Simili cuir pour les h\u00f4pitaux, laboratoires ou le secteur de la sant\u00e9 en g\u00e9n\u00e9ral<br \/>\n&#8211; Microfibre pour un soutien particuli\u00e8rement bon (ex. : porter des costumes)<br \/>\n&#8211; Cuir v\u00e9ritable pour un look \u00e9l\u00e9gant, un confort d&rsquo;assise agr\u00e9able et une durabilit\u00e9 exceptionnelle<br \/>\n&#8211; Version ESD en tissu ou simili cuir noir pour des exigences d&rsquo;atelier sp\u00e9cifiques<\/p>\n<p>Ces finitions sont fabriqu\u00e9es sur commande avec un d\u00e9lai de livraison d&rsquo;environ 4 semaines.<\/p>\n","protected":false},"excerpt":{"rendered":"<p>Votre ORTHOfit de Thergofit est petit, l\u00e9ger et maniable. Peu d&rsquo;autres chaises vous soutiennent aussi bien dans le bas du dos et vous permettent de vous asseoir droit. Livraison rapide. Il est con\u00e7u et fabriqu\u00e9 selon des principes physiologiques. Toutes ses caract\u00e9ristiques principales ont \u00e9t\u00e9 pens\u00e9es pour rendre le fait de s&rsquo;asseoir pendant des heures [&hellip;]<\/p>\n","protected":false},"featured_media":140084,"comment_status":"open","ping_status":"closed","template":"","meta":{"_acf_changed":false},"pwb-brand":[99],"product_brand":[],"product_cat":[193,190,261,207],"product_tag":[],"class_list":{"0":"post-152382","1":"product","2":"type-product","3":"status-publish","4":"has-post-thumbnail","6":"pwb-brand-thergofit","7":"product_cat-chaise-de-bureau-classique","8":"product_cat-chaises-de-bureau","9":"product_cat-chaises-esd","10":"product_cat-sieges-ergonomiques-specifiques","11":"product_shipping_class-livraison-gratuite","12":"tm-has-options","14":"first","15":"instock","16":"sale","17":"featured","18":"taxable","19":"shipping-taxable","20":"purchasable","21":"product-type-variable","22":"has-default-attributes"},"acf":[],"brands":[{"id":99,"name":"Thergofit","slug":"thergofit"}],"_links":{"self":[{"href":"https:\/\/sitz.ch\/fr\/wp-json\/wp\/v2\/product\/152382","targetHints":{"allow":["GET"]}}],"collection":[{"href":"https:\/\/sitz.ch\/fr\/wp-json\/wp\/v2\/product"}],"about":[{"href":"https:\/\/sitz.ch\/fr\/wp-json\/wp\/v2\/types\/product"}],"replies":[{"embeddable":true,"href":"https:\/\/sitz.ch\/fr\/wp-json\/wp\/v2\/comments?post=152382"}],"version-history":[{"count":0,"href":"https:\/\/sitz.ch\/fr\/wp-json\/wp\/v2\/product\/152382\/revisions"}],"wp:featuredmedia":[{"embeddable":true,"href":"https:\/\/sitz.ch\/fr\/wp-json\/wp\/v2\/media\/140084"}],"wp:attachment":[{"href":"https:\/\/sitz.ch\/fr\/wp-json\/wp\/v2\/media?parent=152382"}],"wp:term":[{"taxonomy":"pwb-brand","embeddable":true,"href":"https:\/\/sitz.ch\/fr\/wp-json\/wp\/v2\/pwb-brand?post=152382"},{"taxonomy":"product_brand","embeddable":true,"href":"https:\/\/sitz.ch\/fr\/wp-json\/wp\/v2\/product_brand?post=152382"},{"taxonomy":"product_cat","embeddable":true,"href":"https:\/\/sitz.ch\/fr\/wp-json\/wp\/v2\/product_cat?post=152382"},{"taxonomy":"product_tag","embeddable":true,"href":"https:\/\/sitz.ch\/fr\/wp-json\/wp\/v2\/product_tag?post=152382"}],"curies":[{"name":"wp","href":"https:\/\/api.w.org\/{rel}","templated":true}]}}