{"id":152417,"date":"2019-10-17T12:33:56","date_gmt":"2019-10-17T10:33:56","guid":{"rendered":"https:\/\/sitz.ch\/produkt\/thergofit-variofit-standard\/"},"modified":"2025-09-26T10:14:07","modified_gmt":"2025-09-26T08:14:07","slug":"thergofit-variofit-standard","status":"publish","type":"product","link":"https:\/\/sitz.ch\/fr\/produit\/thergofit-variofit-standard\/","title":{"rendered":"Thergofit Variofit Standard"},"content":{"rendered":"<p>VARIOfit de Thergofit<br \/>\nLe concept r\u00e9fl\u00e9chi de VARIOfit int\u00e8gre diverses caract\u00e9ristiques sp\u00e9cifiques qui favorisent d\u2019une part une bonne posture assise et d\u2019autre part stimulent naturellement la musculature du dos. Le VARIOfit est donc une alternative judicieuse \u00e0 toutes les chaises traditionnelles, \u00e0 domicile comme au travail.<br \/>\n\u00c9quipement de s\u00e9rie VARIOfit :<\/p>\n<ul>\n<li>Inclinaison du si\u00e8ge r\u00e9glable<\/li>\n<li>R\u00e9glage en continu de la hauteur du si\u00e8ge 47 cm &#8211; 67 cm<\/li>\n<li>Croix de pied en plastique noir 65 cm<\/li>\n<li>Roulettes universelles noires, douces, adapt\u00e9es \u00e0 tous les sols<\/li>\n<li>Garantie 2 ans<\/li>\n<\/ul>\n<p>Disponible en option :<\/p>\n<ul>\n<li>\u00a0\u00a0Croix de pied alu poli<\/li>\n<\/ul>\n<p>&nbsp;<\/p>\n","protected":false},"excerpt":{"rendered":"<p>VARIOfit de Thergofit Le concept r\u00e9fl\u00e9chi de VARIOfit int\u00e8gre diverses caract\u00e9ristiques sp\u00e9cifiques qui favorisent d\u2019une part une bonne posture assise et d\u2019autre part stimulent naturellement la musculature du dos. Le VARIOfit est donc une alternative judicieuse \u00e0 toutes les chaises traditionnelles, \u00e0 domicile comme au travail. \u00c9quipement de s\u00e9rie VARIOfit : Inclinaison du si\u00e8ge r\u00e9glable [&hellip;]<\/p>\n","protected":false},"featured_media":139139,"comment_status":"open","ping_status":"closed","template":"","meta":{"_acf_changed":false},"pwb-brand":[99],"product_brand":[],"product_cat":[190,207,198],"product_tag":[],"class_list":{"0":"post-152417","1":"product","2":"type-product","3":"status-publish","4":"has-post-thumbnail","6":"pwb-brand-thergofit","7":"product_cat-chaises-de-bureau","8":"product_cat-sieges-ergonomiques-specifiques","9":"product_cat-tabourets","10":"product_shipping_class-livraison-gratuite","11":"tm-has-options","13":"first","14":"onbackorder","15":"featured","16":"taxable","17":"shipping-taxable","18":"purchasable","19":"product-type-variable","20":"has-default-attributes"},"acf":[],"brands":[{"id":99,"name":"Thergofit","slug":"thergofit"}],"_links":{"self":[{"href":"https:\/\/sitz.ch\/fr\/wp-json\/wp\/v2\/product\/152417","targetHints":{"allow":["GET"]}}],"collection":[{"href":"https:\/\/sitz.ch\/fr\/wp-json\/wp\/v2\/product"}],"about":[{"href":"https:\/\/sitz.ch\/fr\/wp-json\/wp\/v2\/types\/product"}],"replies":[{"embeddable":true,"href":"https:\/\/sitz.ch\/fr\/wp-json\/wp\/v2\/comments?post=152417"}],"version-history":[{"count":0,"href":"https:\/\/sitz.ch\/fr\/wp-json\/wp\/v2\/product\/152417\/revisions"}],"wp:featuredmedia":[{"embeddable":true,"href":"https:\/\/sitz.ch\/fr\/wp-json\/wp\/v2\/media\/139139"}],"wp:attachment":[{"href":"https:\/\/sitz.ch\/fr\/wp-json\/wp\/v2\/media?parent=152417"}],"wp:term":[{"taxonomy":"pwb-brand","embeddable":true,"href":"https:\/\/sitz.ch\/fr\/wp-json\/wp\/v2\/pwb-brand?post=152417"},{"taxonomy":"product_brand","embeddable":true,"href":"https:\/\/sitz.ch\/fr\/wp-json\/wp\/v2\/product_brand?post=152417"},{"taxonomy":"product_cat","embeddable":true,"href":"https:\/\/sitz.ch\/fr\/wp-json\/wp\/v2\/product_cat?post=152417"},{"taxonomy":"product_tag","embeddable":true,"href":"https:\/\/sitz.ch\/fr\/wp-json\/wp\/v2\/product_tag?post=152417"}],"curies":[{"name":"wp","href":"https:\/\/api.w.org\/{rel}","templated":true}]}}