{"id":152425,"date":"2020-05-28T08:37:46","date_gmt":"2020-05-28T06:37:46","guid":{"rendered":"https:\/\/sitz.ch\/produkt\/thergofit-variohippo\/"},"modified":"2020-05-28T08:37:46","modified_gmt":"2020-05-28T06:37:46","slug":"thergofit-variohippo","status":"publish","type":"product","link":"https:\/\/sitz.ch\/fr\/produit\/thergofit-variohippo\/","title":{"rendered":"Thergofit Variohippo"},"content":{"rendered":"<p>VARIOhippo de Thergofit<br \/>\nLe concept bien pens\u00e9 de VARIOhippo comprend diff\u00e9rentes caract\u00e9ristiques sp\u00e9cifiques qui favorisent d&rsquo;une part une bonne posture assise saine et d&rsquo;autre part stimulent naturellement les muscles du dos. Avec son si\u00e8ge en selle, le VARIOhippo est une alternative judicieuse \u00e0 toutes les chaises traditionnelles, tant \u00e0 domicile qu&rsquo;au travail.<br \/>\n\u00c9quipements de s\u00e9rie VARIOhippo :<\/p>\n<ul>\n<li>R\u00e9glage de l&rsquo;inclinaison du si\u00e8ge<\/li>\n<li>R\u00e9glage en continu de la hauteur du si\u00e8ge de 47 cm \u00e0 67 cm<\/li>\n<li>Pi\u00e8tement en plastique noir de 65 cm<\/li>\n<li>Roulettes universelles noires, douces, adapt\u00e9es \u00e0 tous les types de sols<\/li>\n<li>Garantie de 2 ans<\/li>\n<\/ul>\n<p>Disponible en option :<\/p>\n<ul>\n<li>\u00a0\u00a0Pi\u00e8tement en aluminium poli<\/li>\n<\/ul>\n<p>&nbsp;<\/p>\n","protected":false},"excerpt":{"rendered":"<p>VARIOhippo de Thergofit Le concept bien pens\u00e9 de VARIOhippo comprend diff\u00e9rentes caract\u00e9ristiques sp\u00e9cifiques qui favorisent d&rsquo;une part une bonne posture assise saine et d&rsquo;autre part stimulent naturellement les muscles du dos. Avec son si\u00e8ge en selle, le VARIOhippo est une alternative judicieuse \u00e0 toutes les chaises traditionnelles, tant \u00e0 domicile qu&rsquo;au travail. \u00c9quipements de s\u00e9rie [&hellip;]<\/p>\n","protected":false},"featured_media":140063,"comment_status":"open","ping_status":"closed","template":"","meta":{"_acf_changed":false},"pwb-brand":[99],"product_brand":[],"product_cat":[190,198,204],"product_tag":[],"class_list":{"0":"post-152425","1":"product","2":"type-product","3":"status-publish","4":"has-post-thumbnail","6":"pwb-brand-thergofit","7":"product_cat-chaises-de-bureau","8":"product_cat-tabourets","9":"product_cat-tabourets-de-selle","10":"product_shipping_class-livraison-gratuite","11":"tm-has-options","13":"first","14":"onbackorder","15":"featured","16":"taxable","17":"shipping-taxable","18":"purchasable","19":"product-type-variable","20":"has-default-attributes"},"acf":[],"brands":[{"id":99,"name":"Thergofit","slug":"thergofit"}],"_links":{"self":[{"href":"https:\/\/sitz.ch\/fr\/wp-json\/wp\/v2\/product\/152425","targetHints":{"allow":["GET"]}}],"collection":[{"href":"https:\/\/sitz.ch\/fr\/wp-json\/wp\/v2\/product"}],"about":[{"href":"https:\/\/sitz.ch\/fr\/wp-json\/wp\/v2\/types\/product"}],"replies":[{"embeddable":true,"href":"https:\/\/sitz.ch\/fr\/wp-json\/wp\/v2\/comments?post=152425"}],"version-history":[{"count":0,"href":"https:\/\/sitz.ch\/fr\/wp-json\/wp\/v2\/product\/152425\/revisions"}],"wp:featuredmedia":[{"embeddable":true,"href":"https:\/\/sitz.ch\/fr\/wp-json\/wp\/v2\/media\/140063"}],"wp:attachment":[{"href":"https:\/\/sitz.ch\/fr\/wp-json\/wp\/v2\/media?parent=152425"}],"wp:term":[{"taxonomy":"pwb-brand","embeddable":true,"href":"https:\/\/sitz.ch\/fr\/wp-json\/wp\/v2\/pwb-brand?post=152425"},{"taxonomy":"product_brand","embeddable":true,"href":"https:\/\/sitz.ch\/fr\/wp-json\/wp\/v2\/product_brand?post=152425"},{"taxonomy":"product_cat","embeddable":true,"href":"https:\/\/sitz.ch\/fr\/wp-json\/wp\/v2\/product_cat?post=152425"},{"taxonomy":"product_tag","embeddable":true,"href":"https:\/\/sitz.ch\/fr\/wp-json\/wp\/v2\/product_tag?post=152425"}],"curies":[{"name":"wp","href":"https:\/\/api.w.org\/{rel}","templated":true}]}}