{"id":152433,"date":"2016-11-12T00:18:12","date_gmt":"2016-11-11T23:18:12","guid":{"rendered":"https:\/\/sitz.ch\/produkt\/thergofit-visco-coussin-lombaire\/"},"modified":"2025-02-27T19:27:04","modified_gmt":"2025-02-27T18:27:04","slug":"thergofit-visco-variable-coussin-lombaire","status":"publish","type":"product","link":"https:\/\/sitz.ch\/fr\/produit\/thergofit-visco-variable-coussin-lombaire\/","title":{"rendered":"Thergofit Visco Variable Coussin Lombaire"},"content":{"rendered":"<p>Le coussin pour le cou et le dos peut \u00eatre ajust\u00e9 en hauteur avec une sangle et un contrepoids. Il peut ainsi \u00eatre utilis\u00e9 comme coussin pour le cou ou lombaire, selon vos besoins. Gr\u00e2ce \u00e0 sa mousse visco\u00e9lastique, il s&rsquo;adapte parfaitement et offre un confort \u00e9lev\u00e9 avec un soulagement de la pression imm\u00e9diatement perceptible.<\/p>\n<p>Dimensions (L\/H\/P) : 30 x 24 x 6cm<\/p>\n","protected":false},"excerpt":{"rendered":"<p>Le coussin pour le cou et le dos peut \u00eatre ajust\u00e9 en hauteur avec une sangle et un contrepoids. Il peut ainsi \u00eatre utilis\u00e9 comme coussin pour le cou ou lombaire, selon vos besoins. Gr\u00e2ce \u00e0 sa mousse visco\u00e9lastique, il s&rsquo;adapte parfaitement et offre un confort \u00e9lev\u00e9 avec un soulagement de la pression imm\u00e9diatement perceptible. [&hellip;]<\/p>\n","protected":false},"featured_media":140942,"comment_status":"open","ping_status":"closed","template":"","meta":{"_acf_changed":false},"pwb-brand":[99],"product_brand":[],"product_cat":[268,273],"product_tag":[],"class_list":{"0":"post-152433","1":"product","2":"type-product","3":"status-publish","4":"has-post-thumbnail","6":"pwb-brand-thergofit","7":"product_cat-accessoires-ergonomiques","8":"product_cat-soutiens-lombaires-coussins-dassise","9":"tm-has-options","11":"first","12":"instock","13":"featured","14":"taxable","15":"shipping-taxable","16":"purchasable","17":"product-type-variable","18":"has-default-attributes"},"acf":[],"brands":[{"id":99,"name":"Thergofit","slug":"thergofit"}],"_links":{"self":[{"href":"https:\/\/sitz.ch\/fr\/wp-json\/wp\/v2\/product\/152433","targetHints":{"allow":["GET"]}}],"collection":[{"href":"https:\/\/sitz.ch\/fr\/wp-json\/wp\/v2\/product"}],"about":[{"href":"https:\/\/sitz.ch\/fr\/wp-json\/wp\/v2\/types\/product"}],"replies":[{"embeddable":true,"href":"https:\/\/sitz.ch\/fr\/wp-json\/wp\/v2\/comments?post=152433"}],"version-history":[{"count":1,"href":"https:\/\/sitz.ch\/fr\/wp-json\/wp\/v2\/product\/152433\/revisions"}],"predecessor-version":[{"id":152435,"href":"https:\/\/sitz.ch\/fr\/wp-json\/wp\/v2\/product\/152433\/revisions\/152435"}],"wp:featuredmedia":[{"embeddable":true,"href":"https:\/\/sitz.ch\/fr\/wp-json\/wp\/v2\/media\/140942"}],"wp:attachment":[{"href":"https:\/\/sitz.ch\/fr\/wp-json\/wp\/v2\/media?parent=152433"}],"wp:term":[{"taxonomy":"pwb-brand","embeddable":true,"href":"https:\/\/sitz.ch\/fr\/wp-json\/wp\/v2\/pwb-brand?post=152433"},{"taxonomy":"product_brand","embeddable":true,"href":"https:\/\/sitz.ch\/fr\/wp-json\/wp\/v2\/product_brand?post=152433"},{"taxonomy":"product_cat","embeddable":true,"href":"https:\/\/sitz.ch\/fr\/wp-json\/wp\/v2\/product_cat?post=152433"},{"taxonomy":"product_tag","embeddable":true,"href":"https:\/\/sitz.ch\/fr\/wp-json\/wp\/v2\/product_tag?post=152433"}],"curies":[{"name":"wp","href":"https:\/\/api.w.org\/{rel}","templated":true}]}}