{"id":152440,"date":"2023-03-27T08:58:24","date_gmt":"2023-03-27T06:58:24","guid":{"rendered":"https:\/\/sitz.ch\/produkt\/tilia-coussin-dassise-dynamique\/"},"modified":"2026-02-06T08:54:23","modified_gmt":"2026-02-06T07:54:23","slug":"tilia-coussin-dassise-dynamique","status":"publish","type":"product","link":"https:\/\/sitz.ch\/fr\/produit\/tilia-coussin-dassise-dynamique\/","title":{"rendered":"Tilia Coussin d&rsquo;assise Dynamique"},"content":{"rendered":"<h2><i>Tilia\u00ae<\/i>Coussin d&rsquo;assise \/ <i>Tilia\u00ae<\/i>Coussin ballon<\/h2>\n<h3>Pr\u00e9servez vos disques intervert\u00e9braux !<\/h3>\n<p>L&rsquo;alternative peu encombrante \u00e0 l&rsquo;assise sur le ballon de gymnastique ! C&rsquo;est notamment pour cette raison que le <i>Tilia\u00ae<\/i>Coussin d&rsquo;assise est pr\u00e9f\u00e9r\u00e9 \u00e0 la maison sur la table \u00e0 manger, pendant les devoirs, et dans de nombreux bureaux.<\/p>\n<p>Les l\u00e9gers mouvements compensatoires sur le <i>Tilia\u00ae<\/i>Coussin d&rsquo;assise entra\u00eenent les petits muscles qui soutiennent la colonne vert\u00e9brale et am\u00e9liorent la posture assise.<br \/> En s&rsquo;asseyant sur le coussin Tilia, le bassin bascule vers l&rsquo;avant, redressant ainsi la colonne vert\u00e9brale. Vous \u00eates assis plus droit ! \u00c0 chaque mouvement, la colonne vert\u00e9brale est \u00e9galement mobilis\u00e9e et la pression sur vos disques intervert\u00e9braux change. Cela permet d&rsquo;\u00e9viter les mauvaises postures prolong\u00e9es et vos disques intervert\u00e9braux sont mieux hydrat\u00e9s.<\/p>\n<p>De plus, le <i>Tilia\u00ae<\/i>Coussin d&rsquo;assise peut \u00eatre utilis\u00e9 comme appareil d&rsquo;exercice pour renforcer la pompe veineuse et la musculature des jambes et des pieds, ainsi que pour am\u00e9liorer l&rsquo;\u00e9quilibre.<\/p>\n","protected":false},"excerpt":{"rendered":"<p>Tilia\u00aeCoussin d&rsquo;assise \/ Tilia\u00aeCoussin ballon Pr\u00e9servez vos disques intervert\u00e9braux ! L&rsquo;alternative peu encombrante \u00e0 l&rsquo;assise sur le ballon de gymnastique ! C&rsquo;est notamment pour cette raison que le Tilia\u00aeCoussin d&rsquo;assise est pr\u00e9f\u00e9r\u00e9 \u00e0 la maison sur la table \u00e0 manger, pendant les devoirs, et dans de nombreux bureaux. Les l\u00e9gers mouvements compensatoires sur le Tilia\u00aeCoussin [&hellip;]<\/p>\n","protected":false},"featured_media":142427,"comment_status":"open","ping_status":"closed","template":"","meta":{"_acf_changed":false},"pwb-brand":[127],"product_brand":[],"product_cat":[290,268,289,273],"product_tag":[],"class_list":{"0":"post-152440","1":"product","2":"type-product","3":"status-publish","4":"has-post-thumbnail","6":"pwb-brand-tilia","7":"product_cat-accessoires-de-fitness","8":"product_cat-accessoires-ergonomiques","9":"product_cat-equipements-de-fitness","10":"product_cat-soutiens-lombaires-coussins-dassise","11":"tm-has-options","13":"first","14":"instock","15":"sale","16":"featured","17":"taxable","18":"shipping-taxable","19":"purchasable","20":"product-type-variable","21":"has-default-attributes"},"acf":[],"brands":[{"id":127,"name":"Tilia","slug":"tilia"}],"_links":{"self":[{"href":"https:\/\/sitz.ch\/fr\/wp-json\/wp\/v2\/product\/152440","targetHints":{"allow":["GET"]}}],"collection":[{"href":"https:\/\/sitz.ch\/fr\/wp-json\/wp\/v2\/product"}],"about":[{"href":"https:\/\/sitz.ch\/fr\/wp-json\/wp\/v2\/types\/product"}],"replies":[{"embeddable":true,"href":"https:\/\/sitz.ch\/fr\/wp-json\/wp\/v2\/comments?post=152440"}],"version-history":[{"count":0,"href":"https:\/\/sitz.ch\/fr\/wp-json\/wp\/v2\/product\/152440\/revisions"}],"wp:featuredmedia":[{"embeddable":true,"href":"https:\/\/sitz.ch\/fr\/wp-json\/wp\/v2\/media\/142427"}],"wp:attachment":[{"href":"https:\/\/sitz.ch\/fr\/wp-json\/wp\/v2\/media?parent=152440"}],"wp:term":[{"taxonomy":"pwb-brand","embeddable":true,"href":"https:\/\/sitz.ch\/fr\/wp-json\/wp\/v2\/pwb-brand?post=152440"},{"taxonomy":"product_brand","embeddable":true,"href":"https:\/\/sitz.ch\/fr\/wp-json\/wp\/v2\/product_brand?post=152440"},{"taxonomy":"product_cat","embeddable":true,"href":"https:\/\/sitz.ch\/fr\/wp-json\/wp\/v2\/product_cat?post=152440"},{"taxonomy":"product_tag","embeddable":true,"href":"https:\/\/sitz.ch\/fr\/wp-json\/wp\/v2\/product_tag?post=152440"}],"curies":[{"name":"wp","href":"https:\/\/api.w.org\/{rel}","templated":true}]}}