{"id":152442,"date":"2019-01-16T13:17:05","date_gmt":"2019-01-16T12:17:05","guid":{"rendered":"https:\/\/sitz.ch\/produkt\/varier-actulum\/"},"modified":"2025-11-14T07:32:13","modified_gmt":"2025-11-14T06:32:13","slug":"varier-actulum","status":"publish","type":"product","link":"https:\/\/sitz.ch\/fr\/produit\/varier-actulum\/","title":{"rendered":"Varier Actulum"},"content":{"rendered":"<p><span style=\"color: #000000;\">La chaise \u00e0 bascule Actulum est une chaise de salle \u00e0 manger mobile de Varier.<\/span><\/p>\n<p>En penchant vers l&rsquo;avant ou vers l&rsquo;arri\u00e8re, la chaise suit les mouvements de l&rsquo;utilisateur : vous \u00eates ainsi toujours assis dans une position optimale.<\/p>\n<p>Dimensions :<\/p>\n<p>Hauteur 90 cm<\/p>\n<p>Largeur 51 cm<\/p>\n<p>Profondeur 66 cm<\/p>\n<p>Hauteur du si\u00e8ge 46 cm<\/p>\n<p>&nbsp;<\/p>\n<p>D\u00e9lai de livraison d&rsquo;environ 6 semaines<\/p>\n<p><strong>Ce produit est disponible dans divers tissus et couleurs. Nous serons ravis de vous conseiller par t\u00e9l\u00e9phone ou en personne dans notre showroom. Nous attendons votre demande avec impatience.<\/strong><\/p>\n","protected":false},"excerpt":{"rendered":"<p>La chaise \u00e0 bascule Actulum est une chaise de salle \u00e0 manger mobile de Varier. En penchant vers l&rsquo;avant ou vers l&rsquo;arri\u00e8re, la chaise suit les mouvements de l&rsquo;utilisateur : vous \u00eates ainsi toujours assis dans une position optimale. Dimensions : Hauteur 90 cm Largeur 51 cm Profondeur 66 cm Hauteur du si\u00e8ge 46 cm [&hellip;]<\/p>\n","protected":false},"featured_media":141605,"comment_status":"open","ping_status":"closed","template":"","meta":{"_acf_changed":false},"pwb-brand":[82],"product_brand":[],"product_cat":[275],"product_tag":[],"class_list":{"0":"post-152442","1":"product","2":"type-product","3":"status-publish","4":"has-post-thumbnail","6":"pwb-brand-varier","7":"product_cat-chaises-pour-salle-a-manger-et-de-conference","8":"pa_bezug-cuir-veritable-anthracite-dunes-21003","9":"pa_bezug-cuir-veritable-bleu-noir-31326","10":"pa_bezug-cuir-veritable-brun-fonce-dunes-21001","11":"pa_bezug-cuir-veritable-camel-dunes-21004","12":"pa_bezug-cuir-veritable-cognac-dunes-21000","13":"pa_bezug-cuir-veritable-cognac-noir-31322","14":"pa_bezug-cuir-veritable-gris-dunes-21007","15":"pa_bezug-cuir-veritable-naturel-noir-31323","16":"pa_bezug-cuir-veritable-noir-noir-31330","17":"pa_bezug-cuir-veritable-rouge-noir-31324","18":"pa_bezug-cuir-veritable-rouille-dunes-21002","19":"pa_bezug-cuir-veritable-tabac-noir-31328","20":"pa_bezug-cuir-veritable-vert-dunes-21005","21":"pa_bezug-cuir-veritable-vert-noir-31327","22":"pa_bezug-fibre-synthetique-beige-tonal-61180","23":"pa_bezug-fibre-synthetique-bleu-tonal-66286","24":"pa_bezug-fibre-synthetique-brun-tonal-64211","25":"pa_bezug-fibre-synthetique-gris-tonal-60123","26":"pa_bezug-fibre-synthetique-jaune-tonal-62156","27":"pa_bezug-fibre-synthetique-noir-tonal-60999","28":"pa_bezug-fibre-synthetique-rose-vif-tonal-63153","29":"pa_bezug-fibre-synthetique-rouge-tonal-64208","30":"pa_bezug-fibre-synthetique-vert-tonal-68206","31":"pa_bezug-fibre-synthetique-vert-clair-tonal-67089","32":"pa_bezug-laine-anthracite-fiord-171","33":"pa_bezug-laine-beige-hallingdal-65-220","34":"pa_bezug-laine-beige-vidar-4-0323","35":"pa_bezug-laine-bleu-divina-melange-757","36":"pa_bezug-laine-bleu-divina-3-756","37":"pa_bezug-laine-bleu-hallingdal-65-750","38":"pa_bezug-laine-bleu-vidar-4-0743","39":"pa_bezug-laine-bordeaux-divina-melange-677","40":"pa_bezug-laine-bordeaux-fiord-591","41":"pa_bezug-laine-brun-re-wool-568","42":"pa_bezug-laine-gris-divina-melange-120","43":"pa_bezug-laine-gris-fiord-121","44":"pa_bezug-laine-gris-vidar-4-0913","45":"pa_bezug-laine-jaune-vidar-4-0443","46":"pa_bezug-laine-noir-divina-melange-180","47":"pa_bezug-laine-noir-hallingdal-65-180","48":"pa_bezug-laine-noir-re-wool-198","49":"pa_bezug-laine-orange-divina-3-526","50":"pa_bezug-laine-orange-melange-nap-321","51":"pa_bezug-laine-rose-vif-vidar-4-0622","52":"pa_bezug-laine-rouge-hallingdal-65-680","53":"pa_bezug-laine-rouge-vidar-4-0693","54":"pa_bezug-laine-vert-divina-melange-821","55":"pa_bezug-laine-vert-divina-3-922","56":"pa_bezug-laine-vert-re-wool-868","57":"pa_bezug-laine-vert-vidar-4-0932","58":"pa_bezug-laine-vieux-rose-re-wool-648","59":"tm-has-options","61":"first","62":"outofstock","63":"taxable","64":"shipping-taxable","65":"purchasable","66":"product-type-variable"},"acf":[],"brands":[{"id":82,"name":"Varier","slug":"varier"}],"_links":{"self":[{"href":"https:\/\/sitz.ch\/fr\/wp-json\/wp\/v2\/product\/152442","targetHints":{"allow":["GET"]}}],"collection":[{"href":"https:\/\/sitz.ch\/fr\/wp-json\/wp\/v2\/product"}],"about":[{"href":"https:\/\/sitz.ch\/fr\/wp-json\/wp\/v2\/types\/product"}],"replies":[{"embeddable":true,"href":"https:\/\/sitz.ch\/fr\/wp-json\/wp\/v2\/comments?post=152442"}],"version-history":[{"count":0,"href":"https:\/\/sitz.ch\/fr\/wp-json\/wp\/v2\/product\/152442\/revisions"}],"wp:featuredmedia":[{"embeddable":true,"href":"https:\/\/sitz.ch\/fr\/wp-json\/wp\/v2\/media\/141605"}],"wp:attachment":[{"href":"https:\/\/sitz.ch\/fr\/wp-json\/wp\/v2\/media?parent=152442"}],"wp:term":[{"taxonomy":"pwb-brand","embeddable":true,"href":"https:\/\/sitz.ch\/fr\/wp-json\/wp\/v2\/pwb-brand?post=152442"},{"taxonomy":"product_brand","embeddable":true,"href":"https:\/\/sitz.ch\/fr\/wp-json\/wp\/v2\/product_brand?post=152442"},{"taxonomy":"product_cat","embeddable":true,"href":"https:\/\/sitz.ch\/fr\/wp-json\/wp\/v2\/product_cat?post=152442"},{"taxonomy":"product_tag","embeddable":true,"href":"https:\/\/sitz.ch\/fr\/wp-json\/wp\/v2\/product_tag?post=152442"}],"curies":[{"name":"wp","href":"https:\/\/api.w.org\/{rel}","templated":true}]}}