{"id":152480,"date":"2016-11-11T23:28:01","date_gmt":"2016-11-11T22:28:01","guid":{"rendered":"https:\/\/sitz.ch\/produkt\/varier-gravity-balans\/"},"modified":"2016-11-11T23:28:01","modified_gmt":"2016-11-11T22:28:01","slug":"varier-gravity-balans","status":"publish","type":"product","link":"https:\/\/sitz.ch\/fr\/produit\/varier-gravity-balans\/","title":{"rendered":"Varier Gravity Balans"},"content":{"rendered":"<p>Un fauteuil relaxant qui vous fera oublier la gravit\u00e9. Votre position allong\u00e9e vous permettra de ressentir instantan\u00e9ment la d\u00e9tente, gr\u00e2ce \u00e0 la position \u00ab\u00a0Coeur-\u00c9quilibre\u00a0\u00bb.<\/p>\n<p>C&rsquo;est le seul fauteuil relaxant qui encourage l&rsquo;activit\u00e9, ce qui le rend id\u00e9al tant pour le bureau que pour la maison. Comme tous les fauteuils \u00e0 bascule Vari\u00e8r (Stokke), la position du Gravity d\u00e9pend du mouvement de votre corps. Ses quatre positions possibles peuvent \u00eatre atteintes avec un l\u00e9ger changement de poids corporel. En position de repos, la gravit\u00e9 semble dispara\u00eetre &#8211; vous flottez librement dans l&rsquo;espace. Les jambes sont plac\u00e9es plus haut que la t\u00eate, permettant \u00e0 vos pens\u00e9es de vagabonder, offrant ainsi un espace cr\u00e9atif. Le Gravity est l\u00e9ger et facile \u00e0 d\u00e9placer. Il n&rsquo;occupe pas plus d&rsquo;espace qu&rsquo;un fauteuil traditionnel avec repose-pieds. Le Gravity est \u00e9quip\u00e9 de coussins de bras fins et est disponible avec des cadres en bois de diff\u00e9rentes couleurs et des rev\u00eatements en tissu ou cuir.<\/p>\n<p><strong>Pour d&rsquo;autres tissus, couleurs et options, veuillez nous contacter. Nous serions ravis de vous conseiller \u00e0 ce sujet.<\/strong><\/p>\n<p>&nbsp;<\/p>\n<table border=\"0\" width=\"400\" cellspacing=\"1\" cellpadding=\"1\">\n<tbody>\n<tr>\n<td>\n<div>\n<p>Dimensions :<\/p>\n<p>Hauteur 122 cm<\/p>\n<p>Largeur 73 cm<\/p>\n<p>Profondeur 135 cm<\/p>\n<p>Hauteur d&rsquo;assise 44cm<\/p>\n<\/div>\n<\/td>\n<td valign=\"top\">&nbsp;<\/p>\n<p>&nbsp;<\/td>\n<\/tr>\n<\/tbody>\n<\/table>\n<p>Design : Peter Opsvik<\/p>\n","protected":false},"excerpt":{"rendered":"<p>Un fauteuil relaxant qui vous fera oublier la gravit\u00e9. Votre position allong\u00e9e vous permettra de ressentir instantan\u00e9ment la d\u00e9tente, gr\u00e2ce \u00e0 la position \u00ab\u00a0Coeur-\u00c9quilibre\u00a0\u00bb. C&rsquo;est le seul fauteuil relaxant qui encourage l&rsquo;activit\u00e9, ce qui le rend id\u00e9al tant pour le bureau que pour la maison. Comme tous les fauteuils \u00e0 bascule Vari\u00e8r (Stokke), la position [&hellip;]<\/p>\n","protected":false},"featured_media":141380,"comment_status":"open","ping_status":"closed","template":"","meta":{"_acf_changed":false},"pwb-brand":[82],"product_brand":[],"product_cat":[263,276,279],"product_tag":[],"class_list":{"0":"post-152480","1":"product","2":"type-product","3":"status-publish","4":"has-post-thumbnail","6":"pwb-brand-varier","7":"product_cat-chaise-ergonomique-a-genoux","8":"product_cat-fauteuils-relax","9":"product_cat-fauteuils-relax-manuels","10":"pa_bezug-cuir-veritable-anthracite-dunes-21003","11":"pa_bezug-cuir-veritable-bleu-noir-31326","12":"pa_bezug-cuir-veritable-brun-fonce-dunes-21001","13":"pa_bezug-cuir-veritable-camel-dunes-21004","14":"pa_bezug-cuir-veritable-cognac-dunes-21000","15":"pa_bezug-cuir-veritable-cognac-noir-31322","16":"pa_bezug-cuir-veritable-gris-dunes-21007","17":"pa_bezug-cuir-veritable-naturel-noir-31323","18":"pa_bezug-cuir-veritable-noir-noir-31330","19":"pa_bezug-cuir-veritable-rouge-noir-31324","20":"pa_bezug-cuir-veritable-rouille-dunes-21002","21":"pa_bezug-cuir-veritable-tabac-noir-31328","22":"pa_bezug-cuir-veritable-vert-dunes-21005","23":"pa_bezug-cuir-veritable-vert-noir-31327","24":"pa_bezug-fibre-synthetique-beige-tonal-61180","25":"pa_bezug-fibre-synthetique-bleu-tonal-66286","26":"pa_bezug-fibre-synthetique-brun-tonal-64211","27":"pa_bezug-fibre-synthetique-gris-tonal-60123","28":"pa_bezug-fibre-synthetique-jaune-tonal-62156","29":"pa_bezug-fibre-synthetique-noir-tonal-60999","30":"pa_bezug-fibre-synthetique-rose-vif-tonal-63153","31":"pa_bezug-fibre-synthetique-rouge-tonal-64208","32":"pa_bezug-fibre-synthetique-vert-tonal-68206","33":"pa_bezug-fibre-synthetique-vert-clair-tonal-67089","34":"pa_bezug-laine-anthracite-fiord-171","35":"pa_bezug-laine-beige-hallingdal-65-220","36":"pa_bezug-laine-beige-vidar-4-0323","37":"pa_bezug-laine-bleu-divina-melange-757","38":"pa_bezug-laine-bleu-divina-3-756","39":"pa_bezug-laine-bleu-hallingdal-65-750","40":"pa_bezug-laine-bleu-vidar-4-0743","41":"pa_bezug-laine-bordeaux-divina-melange-677","42":"pa_bezug-laine-bordeaux-fiord-591","43":"pa_bezug-laine-brun-re-wool-568","44":"pa_bezug-laine-gris-divina-melange-120","45":"pa_bezug-laine-gris-fiord-121","46":"pa_bezug-laine-gris-vidar-4-0913","47":"pa_bezug-laine-jaune-vidar-4-0443","48":"pa_bezug-laine-noir-divina-melange-180","49":"pa_bezug-laine-noir-hallingdal-65-180","50":"pa_bezug-laine-noir-re-wool-198","51":"pa_bezug-laine-orange-divina-3-526","52":"pa_bezug-laine-orange-melange-nap-321","53":"pa_bezug-laine-rose-vif-vidar-4-0622","54":"pa_bezug-laine-rouge-hallingdal-65-680","55":"pa_bezug-laine-rouge-vidar-4-0693","56":"pa_bezug-laine-vert-divina-melange-821","57":"pa_bezug-laine-vert-divina-3-922","58":"pa_bezug-laine-vert-re-wool-868","59":"pa_bezug-laine-vert-vidar-4-0932","60":"pa_bezug-laine-vieux-rose-re-wool-648","61":"tm-has-options","63":"first","64":"outofstock","65":"featured","66":"taxable","67":"shipping-taxable","68":"purchasable","69":"product-type-variable"},"acf":[],"brands":[{"id":82,"name":"Varier","slug":"varier"}],"_links":{"self":[{"href":"https:\/\/sitz.ch\/fr\/wp-json\/wp\/v2\/product\/152480","targetHints":{"allow":["GET"]}}],"collection":[{"href":"https:\/\/sitz.ch\/fr\/wp-json\/wp\/v2\/product"}],"about":[{"href":"https:\/\/sitz.ch\/fr\/wp-json\/wp\/v2\/types\/product"}],"replies":[{"embeddable":true,"href":"https:\/\/sitz.ch\/fr\/wp-json\/wp\/v2\/comments?post=152480"}],"version-history":[{"count":0,"href":"https:\/\/sitz.ch\/fr\/wp-json\/wp\/v2\/product\/152480\/revisions"}],"wp:featuredmedia":[{"embeddable":true,"href":"https:\/\/sitz.ch\/fr\/wp-json\/wp\/v2\/media\/141380"}],"wp:attachment":[{"href":"https:\/\/sitz.ch\/fr\/wp-json\/wp\/v2\/media?parent=152480"}],"wp:term":[{"taxonomy":"pwb-brand","embeddable":true,"href":"https:\/\/sitz.ch\/fr\/wp-json\/wp\/v2\/pwb-brand?post=152480"},{"taxonomy":"product_brand","embeddable":true,"href":"https:\/\/sitz.ch\/fr\/wp-json\/wp\/v2\/product_brand?post=152480"},{"taxonomy":"product_cat","embeddable":true,"href":"https:\/\/sitz.ch\/fr\/wp-json\/wp\/v2\/product_cat?post=152480"},{"taxonomy":"product_tag","embeddable":true,"href":"https:\/\/sitz.ch\/fr\/wp-json\/wp\/v2\/product_tag?post=152480"}],"curies":[{"name":"wp","href":"https:\/\/api.w.org\/{rel}","templated":true}]}}