{"id":152604,"date":"2019-05-31T15:31:53","date_gmt":"2019-05-31T13:31:53","guid":{"rendered":"https:\/\/sitz.ch\/produkt\/varier-move-compact\/"},"modified":"2019-05-31T15:31:53","modified_gmt":"2019-05-31T13:31:53","slug":"varier-move-compact","status":"publish","type":"product","link":"https:\/\/sitz.ch\/fr\/produit\/varier-move-compact\/","title":{"rendered":"Varier Move Compact"},"content":{"rendered":"<p><strong>Move compact \/ Move kids<\/strong><\/p>\n<p>Le meilleur produit aussi pour les enfants. Avec sa petite assise, son v\u00e9rin \u00e0 gaz bas et son plateau en bois extra petit, nous offrons confort d&rsquo;assise, une position assise saine, et bien s\u00fbr, du plaisir pour les plus jeunes.<\/p>\n<p><strong>Description<\/strong> :<\/p>\n<p>Si\u00e8ge en selle (triangulaire), extra petit et l\u00e9g\u00e8rement rembourr\u00e9 (diam\u00e8tre de 36 cm)<br \/>\nR\u00e9glage en continu de la hauteur d&rsquo;assise &#8211; bas 49 \u2013 68 cm \u2013 (hauteur de table 65 \u2013 78 cm)<br \/>\n<strong>exclusivit\u00e9 chez ErgoPoint : <\/strong>Plateau en bois de fr\u00eane noir (diam\u00e8tre de 34 cm)<br \/>\nincl. tapis en caoutchouc (toujours inclus)<\/p>\n<p><strong><br \/>\nsur commande environ 6 semaines<\/strong><\/p>\n","protected":false},"excerpt":{"rendered":"<p>Move compact \/ Move kids Le meilleur produit aussi pour les enfants. Avec sa petite assise, son v\u00e9rin \u00e0 gaz bas et son plateau en bois extra petit, nous offrons confort d&rsquo;assise, une position assise saine, et bien s\u00fbr, du plaisir pour les plus jeunes. Description : Si\u00e8ge en selle (triangulaire), extra petit et l\u00e9g\u00e8rement [&hellip;]<\/p>\n","protected":false},"featured_media":194893,"comment_status":"open","ping_status":"closed","template":"","meta":{"_acf_changed":false},"pwb-brand":[82],"product_brand":[],"product_cat":[262,288,207,198,204],"product_tag":[],"class_list":{"0":"post-152604","1":"product","2":"type-product","3":"status-publish","4":"has-post-thumbnail","6":"pwb-brand-varier","7":"product_cat-chaises-pour-maternelle","8":"product_cat-sieges-assis-debout-ergonomiques","9":"product_cat-sieges-ergonomiques-specifiques","10":"product_cat-tabourets","11":"product_cat-tabourets-de-selle","12":"pa_bezug-cuir-veritable-anthracite-dunes-21003","13":"pa_bezug-cuir-veritable-bleu-noir-31326","14":"pa_bezug-cuir-veritable-brun-fonce-dunes-21001","15":"pa_bezug-cuir-veritable-camel-dunes-21004","16":"pa_bezug-cuir-veritable-cognac-dunes-21000","17":"pa_bezug-cuir-veritable-cognac-noir-31322","18":"pa_bezug-cuir-veritable-gris-dunes-21007","19":"pa_bezug-cuir-veritable-naturel-noir-31323","20":"pa_bezug-cuir-veritable-noir-noir-31330","21":"pa_bezug-cuir-veritable-rouge-noir-31324","22":"pa_bezug-cuir-veritable-rouille-dunes-21002","23":"pa_bezug-cuir-veritable-tabac-noir-31328","24":"pa_bezug-cuir-veritable-vert-dunes-21005","25":"pa_bezug-cuir-veritable-vert-noir-31327","26":"pa_bezug-fibre-synthetique-beige-tonal-61180","27":"pa_bezug-fibre-synthetique-bleu-tonal-66286","28":"pa_bezug-fibre-synthetique-brun-tonal-64211","29":"pa_bezug-fibre-synthetique-gris-tonal-60123","30":"pa_bezug-fibre-synthetique-jaune-tonal-62156","31":"pa_bezug-fibre-synthetique-noir-tonal-60999","32":"pa_bezug-fibre-synthetique-rose-vif-tonal-63153","33":"pa_bezug-fibre-synthetique-rouge-tonal-64208","34":"pa_bezug-fibre-synthetique-vert-tonal-68206","35":"pa_bezug-fibre-synthetique-vert-clair-tonal-67089","36":"pa_bezug-laine-anthracite-fiord-171","37":"pa_bezug-laine-beige-hallingdal-65-220","38":"pa_bezug-laine-beige-vidar-4-0323","39":"pa_bezug-laine-bleu-divina-melange-757","40":"pa_bezug-laine-bleu-divina-3-756","41":"pa_bezug-laine-bleu-hallingdal-65-750","42":"pa_bezug-laine-bleu-vidar-4-0743","43":"pa_bezug-laine-bordeaux-divina-melange-677","44":"pa_bezug-laine-bordeaux-fiord-591","45":"pa_bezug-laine-brun-re-wool-568","46":"pa_bezug-laine-gris-divina-melange-120","47":"pa_bezug-laine-gris-fiord-121","48":"pa_bezug-laine-gris-vidar-4-0913","49":"pa_bezug-laine-jaune-vidar-4-0443","50":"pa_bezug-laine-noir-divina-melange-180","51":"pa_bezug-laine-noir-hallingdal-65-180","52":"pa_bezug-laine-noir-re-wool-198","53":"pa_bezug-laine-orange-divina-3-526","54":"pa_bezug-laine-orange-melange-nap-321","55":"pa_bezug-laine-rose-vif-vidar-4-0622","56":"pa_bezug-laine-rouge-hallingdal-65-680","57":"pa_bezug-laine-rouge-vidar-4-0693","58":"pa_bezug-laine-vert-divina-melange-821","59":"pa_bezug-laine-vert-divina-3-922","60":"pa_bezug-laine-vert-re-wool-868","61":"pa_bezug-laine-vert-vidar-4-0932","62":"pa_bezug-laine-vieux-rose-re-wool-648","63":"tm-has-options","65":"first","66":"outofstock","67":"featured","68":"taxable","69":"shipping-taxable","70":"purchasable","71":"product-type-variable","72":"has-default-attributes"},"acf":[],"brands":[{"id":82,"name":"Varier","slug":"varier"}],"_links":{"self":[{"href":"https:\/\/sitz.ch\/fr\/wp-json\/wp\/v2\/product\/152604","targetHints":{"allow":["GET"]}}],"collection":[{"href":"https:\/\/sitz.ch\/fr\/wp-json\/wp\/v2\/product"}],"about":[{"href":"https:\/\/sitz.ch\/fr\/wp-json\/wp\/v2\/types\/product"}],"replies":[{"embeddable":true,"href":"https:\/\/sitz.ch\/fr\/wp-json\/wp\/v2\/comments?post=152604"}],"version-history":[{"count":0,"href":"https:\/\/sitz.ch\/fr\/wp-json\/wp\/v2\/product\/152604\/revisions"}],"wp:featuredmedia":[{"embeddable":true,"href":"https:\/\/sitz.ch\/fr\/wp-json\/wp\/v2\/media\/194893"}],"wp:attachment":[{"href":"https:\/\/sitz.ch\/fr\/wp-json\/wp\/v2\/media?parent=152604"}],"wp:term":[{"taxonomy":"pwb-brand","embeddable":true,"href":"https:\/\/sitz.ch\/fr\/wp-json\/wp\/v2\/pwb-brand?post=152604"},{"taxonomy":"product_brand","embeddable":true,"href":"https:\/\/sitz.ch\/fr\/wp-json\/wp\/v2\/product_brand?post=152604"},{"taxonomy":"product_cat","embeddable":true,"href":"https:\/\/sitz.ch\/fr\/wp-json\/wp\/v2\/product_cat?post=152604"},{"taxonomy":"product_tag","embeddable":true,"href":"https:\/\/sitz.ch\/fr\/wp-json\/wp\/v2\/product_tag?post=152604"}],"curies":[{"name":"wp","href":"https:\/\/api.w.org\/{rel}","templated":true}]}}