{"id":152606,"date":"2021-02-24T11:39:37","date_gmt":"2021-02-24T10:39:37","guid":{"rendered":"https:\/\/sitz.ch\/produkt\/varier-move-modele-promotionnel\/"},"modified":"2026-04-19T13:33:09","modified_gmt":"2026-04-19T11:33:09","slug":"varier-move-modele-promotionnel","status":"publish","type":"product","link":"https:\/\/sitz.ch\/fr\/produit\/varier-move-modele-promotionnel\/","title":{"rendered":"Varier Move Mod\u00e8le Promotionnel"},"content":{"rendered":"\t\t<div data-elementor-type=\"product-post\" data-elementor-id=\"152606\" class=\"elementor elementor-152606 elementor-124557\" data-elementor-post-type=\"product\">\n\t\t\t\t<section class=\"elementor-element elementor-element-9e75f02 ergo-f-list e-flex e-con-boxed e-con e-parent\" data-id=\"9e75f02\" data-element_type=\"container\" data-e-type=\"container\">\n\t\t\t\t\t<div class=\"e-con-inner\">\n\t\t<div class=\"elementor-element elementor-element-091c977 e-con-full e-flex e-con e-child\" data-id=\"091c977\" data-element_type=\"container\" data-e-type=\"container\">\n\t\t\t\t<div class=\"elementor-element elementor-element-c93162b elementor-widget elementor-widget-heading\" data-id=\"c93162b\" data-element_type=\"widget\" data-e-type=\"widget\" data-widget_type=\"heading.default\">\n\t\t\t\t<div class=\"elementor-widget-container\">\n\t\t\t\t\t<h3 class=\"elementor-heading-title elementor-size-default\">Incroyablement polyvalent<\/h3>\t\t\t\t<\/div>\n\t\t\t\t<\/div>\n\t\t\t\t<div class=\"elementor-element elementor-element-744a7f6 elementor-widget elementor-widget-text-editor\" data-id=\"744a7f6\" data-element_type=\"widget\" data-e-type=\"widget\" data-widget_type=\"text-editor.default\">\n\t\t\t\t<div class=\"elementor-widget-container\">\n\t\t\t\t\t\t\t\t\t<p>Le Varier Move est le polyvalent ultime, qui s&rsquo;int\u00e8gre sans effort dans diverses environnements \u2013 que ce soit comme tabouret de bar, aide \u00e0 la position debout ou chaise de bureau. En tant que chaise universelle de la collection Varier, le Move\u2122 permet des transitions fluides des positions assises \u00e0 presque debout, ce qui le rend id\u00e9al pour une vari\u00e9t\u00e9 d&rsquo;applications.<\/p>\n<p>Le Move\u2122 est parfait en tant que chaise de travail principale, favorisant des postures dynamiques, ou comme compl\u00e9ment id\u00e9al \u00e0 la chaise de bureau traditionnelle. Il d\u00e9voile tout son potentiel, surtout avec les bureaux r\u00e9glables en hauteur, en soutenant une m\u00e9thode de travail flexible et ergonomique. Gr\u00e2ce \u00e0 la pastille en caoutchouc int\u00e9gr\u00e9e, le Move\u2122 peut \u00eatre utilis\u00e9 sur divers types de sols, que ce soit du carrelage, du parquet ou de la moquette.<\/p>\n\t\t\t\t\t\t\t\t<\/div>\n\t\t\t\t<\/div>\n\t\t\t\t<\/div>\n\t\t<div class=\"elementor-element elementor-element-077b757 e-con-full e-flex e-con e-child\" data-id=\"077b757\" data-element_type=\"container\" data-e-type=\"container\">\n\t\t\t\t<div class=\"elementor-element elementor-element-138d20c elementor-widget elementor-widget-image\" data-id=\"138d20c\" data-element_type=\"widget\" data-e-type=\"widget\" data-widget_type=\"image.default\">\n\t\t\t\t<div class=\"elementor-widget-container\">\n\t\t\t\t\t\t\t\t\t\t\t\t\t\t\t<img decoding=\"async\" width=\"511\" height=\"600\" src=\"https:\/\/sitz.ch\/wp-content\/uploads\/varier-move-steh-hocker-ergopoint-511x600.png\" class=\"attachment-medium size-medium wp-image-143102\" alt=\"\" srcset=\"https:\/\/sitz.ch\/wp-content\/uploads\/varier-move-steh-hocker-ergopoint-511x600.png.webp 511w, https:\/\/sitz.ch\/wp-content\/uploads\/varier-move-steh-hocker-ergopoint-871x1024.png.webp 871w, https:\/\/sitz.ch\/wp-content\/uploads\/varier-move-steh-hocker-ergopoint-768x902.png.webp 768w, https:\/\/sitz.ch\/wp-content\/uploads\/varier-move-steh-hocker-ergopoint-1307x1536.png.webp 1307w, https:\/\/sitz.ch\/wp-content\/uploads\/varier-move-steh-hocker-ergopoint-600x705.png.webp 600w, https:\/\/sitz.ch\/wp-content\/uploads\/varier-move-steh-hocker-ergopoint-64x75.png.webp 64w, https:\/\/sitz.ch\/wp-content\/uploads\/varier-move-steh-hocker-ergopoint.png.webp 1440w\" sizes=\"(max-width: 511px) 100vw, 511px\" title=\"\">\t\t\t\t\t\t\t\t\t\t\t\t\t\t\t<\/div>\n\t\t\t\t<\/div>\n\t\t\t\t<\/div>\n\t\t\t\t\t<\/div>\n\t\t\t\t<\/section>\n\t\t<section class=\"elementor-element elementor-element-b7f1b34 ergo-f-list e-flex e-con-boxed e-con e-parent\" data-id=\"b7f1b34\" data-element_type=\"container\" data-e-type=\"container\">\n\t\t\t\t\t<div class=\"e-con-inner\">\n\t\t<div class=\"elementor-element elementor-element-54bb64b e-con-full e-flex e-con e-child\" data-id=\"54bb64b\" data-element_type=\"container\" data-e-type=\"container\">\n\t\t\t\t<div class=\"elementor-element elementor-element-1cf66ff elementor-widget elementor-widget-heading\" data-id=\"1cf66ff\" data-element_type=\"widget\" data-e-type=\"widget\" data-widget_type=\"heading.default\">\n\t\t\t\t<div class=\"elementor-widget-container\">\n\t\t\t\t\t<h3 class=\"elementor-heading-title elementor-size-default\">Tissu durable en polyester<\/h3>\t\t\t\t<\/div>\n\t\t\t\t<\/div>\n\t\t\t\t<div class=\"elementor-element elementor-element-cd321f0 elementor-widget elementor-widget-text-editor\" data-id=\"cd321f0\" data-element_type=\"widget\" data-e-type=\"widget\" data-widget_type=\"text-editor.default\">\n\t\t\t\t<div class=\"elementor-widget-container\">\n\t\t\t\t\t\t\t\t\t<p>Revive est un tissu innovant et particuli\u00e8rement robuste, con\u00e7u par Georgina Wright. Il est compos\u00e9 \u00e0 100% de polyester recycl\u00e9 (PET) et a \u00e9t\u00e9 d\u00e9velopp\u00e9 avec le souci de minimiser l&rsquo;impact environnemental tant lors de la production que de l&rsquo;utilisation des mat\u00e9riaux. Le design de Revive s&rsquo;inspire des textures, couleurs et mat\u00e9riaux que l&rsquo;on trouve dans les ports et sur les bateaux de p\u00eache.<\/p>\n<ul>\n<li>R\u00e9sistance \u00e0 l&rsquo;usure : 60&rsquo;000 Martindale<\/li>\n<li>Durabilit\u00e9 : Greenguard Gold, HPD, EPD<\/li>\n<li>Boulochage : 4-5<\/li>\n<li>Solidit\u00e9 \u00e0 la lumi\u00e8re : 5-7<\/li>\n<\/ul>\n<p>Le Varier Move est \u00e9galement disponible avec des rev\u00eatements en <a href=\"https:\/\/sitz.ch\/fr\/produit\/varier-move\/\">laine, similicuir, cuir ou fibre synth\u00e9tique<\/a>.<\/p>\n\t\t\t\t\t\t\t\t<\/div>\n\t\t\t\t<\/div>\n\t\t\t\t<\/div>\n\t\t<div class=\"elementor-element elementor-element-42132b2 e-con-full e-flex e-con e-child\" data-id=\"42132b2\" data-element_type=\"container\" data-e-type=\"container\">\n\t\t\t\t<div class=\"elementor-element elementor-element-f751bef elementor-widget elementor-widget-image\" data-id=\"f751bef\" data-element_type=\"widget\" data-e-type=\"widget\" data-widget_type=\"image.default\">\n\t\t\t\t<div class=\"elementor-widget-container\">\n\t\t\t\t\t\t\t\t\t\t\t\t\t\t\t<img decoding=\"async\" width=\"600\" height=\"376\" src=\"https:\/\/sitz.ch\/wp-content\/uploads\/varier-move-bezug-revive-rot-ergopoint-600x376.jpg\" class=\"attachment-medium size-medium wp-image-143090\" alt=\"\" srcset=\"https:\/\/sitz.ch\/wp-content\/uploads\/varier-move-bezug-revive-rot-ergopoint-600x376.jpg.webp 600w, https:\/\/sitz.ch\/wp-content\/uploads\/varier-move-bezug-revive-rot-ergopoint-1024x641.jpg.webp 1024w, https:\/\/sitz.ch\/wp-content\/uploads\/varier-move-bezug-revive-rot-ergopoint-768x481.jpg.webp 768w, https:\/\/sitz.ch\/wp-content\/uploads\/varier-move-bezug-revive-rot-ergopoint-1536x961.jpg.webp 1536w, https:\/\/sitz.ch\/wp-content\/uploads\/varier-move-bezug-revive-rot-ergopoint-2048x1282.jpg.webp 2048w, https:\/\/sitz.ch\/wp-content\/uploads\/varier-move-bezug-revive-rot-ergopoint-64x40.jpg.webp 64w\" sizes=\"(max-width: 600px) 100vw, 600px\" title=\"\">\t\t\t\t\t\t\t\t\t\t\t\t\t\t\t<\/div>\n\t\t\t\t<\/div>\n\t\t\t\t<\/div>\n\t\t\t\t\t<\/div>\n\t\t\t\t<\/section>\n\t\t<section class=\"elementor-element elementor-element-0b97a5d ergo-f-list e-flex e-con-boxed e-con e-parent\" data-id=\"0b97a5d\" data-element_type=\"container\" data-e-type=\"container\">\n\t\t\t\t\t<div class=\"e-con-inner\">\n\t\t<div class=\"elementor-element elementor-element-941d3f2 e-con-full e-flex e-con e-child\" data-id=\"941d3f2\" data-element_type=\"container\" data-e-type=\"container\">\n\t\t\t\t<div class=\"elementor-element elementor-element-263df77 elementor-widget elementor-widget-heading\" data-id=\"263df77\" data-element_type=\"widget\" data-e-type=\"widget\" data-widget_type=\"heading.default\">\n\t\t\t\t<div class=\"elementor-widget-container\">\n\t\t\t\t\t<h3 class=\"elementor-heading-title elementor-size-default\">360\u00b0 libert\u00e9 de mouvement absolue<\/h3>\t\t\t\t<\/div>\n\t\t\t\t<\/div>\n\t\t\t\t<div class=\"elementor-element elementor-element-10faa94 elementor-widget elementor-widget-text-editor\" data-id=\"10faa94\" data-element_type=\"widget\" data-e-type=\"widget\" data-widget_type=\"text-editor.default\">\n\t\t\t\t<div class=\"elementor-widget-container\">\n\t\t\t\t\t\t\t\t\t<p>Varier Move en tant que chaise de bureau red\u00e9finit la flexibilit\u00e9 et le confort \u00e0 un niveau totalement nouveau. Cette chaise innovante a \u00e9t\u00e9 sp\u00e9cialement con\u00e7ue pour offrir une libert\u00e9 de mouvement maximale et soutenir de mani\u00e8re optimale les mouvements naturels du corps. Avec sa capacit\u00e9 de mouvement \u00e0 360\u00b0, le Move\u2122 permet des rotations et mouvements sans effort dans toutes les directions, offrant ainsi une flexibilit\u00e9 in\u00e9gal\u00e9e.<\/p>\n<p>Que ce soit en position assise, en rotation ou en inclinaison &#8211; le Varier Move s&rsquo;adapte parfaitement \u00e0 chaque posture corporelle et assure une position assise dynamique et ergonomique.<\/p>\n<p>Ce design n&rsquo;est pas seulement une r\u00e9volution dans l&rsquo;industrie du mobilier d&rsquo;assise, mais il a \u00e9galement \u00e9t\u00e9 r\u00e9compens\u00e9 en Norv\u00e8ge par le prestigieux DOGA Honorary Award.<\/p>\n\t\t\t\t\t\t\t\t<\/div>\n\t\t\t\t<\/div>\n\t\t\t\t<\/div>\n\t\t<div class=\"elementor-element elementor-element-10a1de4 e-con-full e-flex e-con e-child\" data-id=\"10a1de4\" data-element_type=\"container\" data-e-type=\"container\">\n\t\t\t\t<div class=\"elementor-element elementor-element-e4af27c elementor-widget elementor-widget-image\" data-id=\"e4af27c\" data-element_type=\"widget\" data-e-type=\"widget\" data-widget_type=\"image.default\">\n\t\t\t\t<div class=\"elementor-widget-container\">\n\t\t\t\t\t\t\t\t\t\t\t\t\t\t\t<img decoding=\"async\" width=\"424\" height=\"600\" src=\"https:\/\/sitz.ch\/wp-content\/uploads\/varier-move-360-grad-bewegungsfreiheit-drehstuhl-ergopoint-424x600.jpg\" class=\"attachment-medium size-medium wp-image-143096\" alt=\"\" srcset=\"https:\/\/sitz.ch\/wp-content\/uploads\/varier-move-360-grad-bewegungsfreiheit-drehstuhl-ergopoint-424x600.jpg.webp 424w, https:\/\/sitz.ch\/wp-content\/uploads\/varier-move-360-grad-bewegungsfreiheit-drehstuhl-ergopoint-724x1024.jpg.webp 724w, https:\/\/sitz.ch\/wp-content\/uploads\/varier-move-360-grad-bewegungsfreiheit-drehstuhl-ergopoint-768x1086.jpg.webp 768w, https:\/\/sitz.ch\/wp-content\/uploads\/varier-move-360-grad-bewegungsfreiheit-drehstuhl-ergopoint-1086x1536.jpg.webp 1086w, https:\/\/sitz.ch\/wp-content\/uploads\/varier-move-360-grad-bewegungsfreiheit-drehstuhl-ergopoint-1448x2048.jpg.webp 1448w, https:\/\/sitz.ch\/wp-content\/uploads\/varier-move-360-grad-bewegungsfreiheit-drehstuhl-ergopoint-600x848.jpg.webp 600w, https:\/\/sitz.ch\/wp-content\/uploads\/varier-move-360-grad-bewegungsfreiheit-drehstuhl-ergopoint-64x90.jpg.webp 64w, https:\/\/sitz.ch\/wp-content\/uploads\/varier-move-360-grad-bewegungsfreiheit-drehstuhl-ergopoint.jpg.webp 1768w\" sizes=\"(max-width: 424px) 100vw, 424px\" title=\"\">\t\t\t\t\t\t\t\t\t\t\t\t\t\t\t<\/div>\n\t\t\t\t<\/div>\n\t\t\t\t<\/div>\n\t\t\t\t\t<\/div>\n\t\t\t\t<\/section>\n\t\t<section class=\"elementor-element elementor-element-354335c ergo-f-list e-flex e-con-boxed e-con e-parent\" data-id=\"354335c\" data-element_type=\"container\" data-e-type=\"container\">\n\t\t\t\t\t<div class=\"e-con-inner\">\n\t\t<div class=\"elementor-element elementor-element-7fc07b7 e-con-full e-flex e-con e-child\" data-id=\"7fc07b7\" data-element_type=\"container\" data-e-type=\"container\">\n\t\t\t\t<div class=\"elementor-element elementor-element-65594c5 elementor-widget elementor-widget-heading\" data-id=\"65594c5\" data-element_type=\"widget\" data-e-type=\"widget\" data-widget_type=\"heading.default\">\n\t\t\t\t<div class=\"elementor-widget-container\">\n\t\t\t\t\t<h3 class=\"elementor-heading-title elementor-size-default\">Le plateau en bois est un v\u00e9ritable artisanat<\/h3>\t\t\t\t<\/div>\n\t\t\t\t<\/div>\n\t\t\t\t<div class=\"elementor-element elementor-element-ba6d034 elementor-widget elementor-widget-text-editor\" data-id=\"ba6d034\" data-element_type=\"widget\" data-e-type=\"widget\" data-widget_type=\"text-editor.default\">\n\t\t\t\t<div class=\"elementor-widget-container\">\n\t\t\t\t\t\t\t\t\t<p>Varier Move suit les mouvements naturels de votre corps gr\u00e2ce \u00e0 sa base en bois convexe. Le plateau en bois de 40 cm de diam\u00e8tre est fabriqu\u00e9 en contreplaqu\u00e9 de h\u00eatre de haute qualit\u00e9, reconnu pour sa stabilit\u00e9 et sa durabilit\u00e9. Pour garantir une finition esth\u00e9tique et durable, le contreplaqu\u00e9 est soigneusement rev\u00eatu d&rsquo;un \u00e9l\u00e9gant placage de fr\u00eane. Ce placage est minutieusement ponc\u00e9 \u00e0 la main et ensuite fini avec des laques \u00e9cologiques \u00e0 base d&rsquo;eau. Cela cr\u00e9e non seulement une surface visuellement attrayante, mais \u00e9galement une finition qui r\u00e9siste aux exigences quotidiennes tout en \u00e9tant respectueuse de l&rsquo;environnement.<\/p>\n\t\t\t\t\t\t\t\t<\/div>\n\t\t\t\t<\/div>\n\t\t\t\t<\/div>\n\t\t<div class=\"elementor-element elementor-element-a266f4f e-con-full e-flex e-con e-child\" data-id=\"a266f4f\" data-element_type=\"container\" data-e-type=\"container\">\n\t\t\t\t<div class=\"elementor-element elementor-element-eb68ade elementor-widget elementor-widget-image\" data-id=\"eb68ade\" data-element_type=\"widget\" data-e-type=\"widget\" data-widget_type=\"image.default\">\n\t\t\t\t<div class=\"elementor-widget-container\">\n\t\t\t\t\t\t\t\t\t\t\t\t\t\t\t<img decoding=\"async\" width=\"600\" height=\"600\" src=\"https:\/\/sitz.ch\/wp-content\/uploads\/varier-move-holzteller-esche-natur-ergopoint-600x600.jpg\" class=\"attachment-medium size-medium wp-image-143093\" alt=\"\" srcset=\"https:\/\/sitz.ch\/wp-content\/uploads\/varier-move-holzteller-esche-natur-ergopoint-600x600.jpg.webp 600w, https:\/\/sitz.ch\/wp-content\/uploads\/varier-move-holzteller-esche-natur-ergopoint-300x300.jpg.webp 300w, https:\/\/sitz.ch\/wp-content\/uploads\/varier-move-holzteller-esche-natur-ergopoint-768x768.jpg.webp 768w, https:\/\/sitz.ch\/wp-content\/uploads\/varier-move-holzteller-esche-natur-ergopoint-100x100.jpg.webp 100w, https:\/\/sitz.ch\/wp-content\/uploads\/varier-move-holzteller-esche-natur-ergopoint-135x135.jpg.webp 135w, https:\/\/sitz.ch\/wp-content\/uploads\/varier-move-holzteller-esche-natur-ergopoint-64x64.jpg.webp 64w, https:\/\/sitz.ch\/wp-content\/uploads\/varier-move-holzteller-esche-natur-ergopoint.jpg.webp 1024w\" sizes=\"(max-width: 600px) 100vw, 600px\" title=\"\">\t\t\t\t\t\t\t\t\t\t\t\t\t\t\t<\/div>\n\t\t\t\t<\/div>\n\t\t\t\t<\/div>\n\t\t\t\t\t<\/div>\n\t\t\t\t<\/section>\n\t\t<section class=\"elementor-element elementor-element-22236ab ergo-f-list e-flex e-con-boxed e-con e-parent\" data-id=\"22236ab\" data-element_type=\"container\" data-e-type=\"container\">\n\t\t\t\t\t<div class=\"e-con-inner\">\n\t\t<div class=\"elementor-element elementor-element-93bde9c e-con-full e-flex e-con e-child\" data-id=\"93bde9c\" data-element_type=\"container\" data-e-type=\"container\">\n\t\t\t\t<div class=\"elementor-element elementor-element-45897fe elementor-widget elementor-widget-heading\" data-id=\"45897fe\" data-element_type=\"widget\" data-e-type=\"widget\" data-widget_type=\"heading.default\">\n\t\t\t\t<div class=\"elementor-widget-container\">\n\t\t\t\t\t<h3 class=\"elementor-heading-title elementor-size-default\">R\u00e9glage en continu de la hauteur du si\u00e8ge<\/h3>\t\t\t\t<\/div>\n\t\t\t\t<\/div>\n\t\t\t\t<div class=\"elementor-element elementor-element-ad11c4f elementor-widget elementor-widget-text-editor\" data-id=\"ad11c4f\" data-element_type=\"widget\" data-e-type=\"widget\" data-widget_type=\"text-editor.default\">\n\t\t\t\t<div class=\"elementor-widget-container\">\n\t\t\t\t\t\t\t\t\t<p>Le tabouret Varier Move est disponible en trois variantes, id\u00e9alement adapt\u00e9es \u00e0 diff\u00e9rents besoins et domaines d&rsquo;application :<\/p>\n<ul>\n<li><strong>Bas (49 \u2013 68 cm) :<\/strong> Cette option est particuli\u00e8rement adapt\u00e9e pour une utilisation \u00e0 domicile et s&rsquo;harmonise parfaitement avec n&rsquo;importe quelle table \u00e0 manger ou bureau dont la hauteur varie entre 65 et 80 cm. Notre recommandation pour une exp\u00e9rience d&rsquo;assise polyvalente et confortable \u00e0 la maison.<\/li>\n<li><strong>Moyen (56 \u2013 82 cm) :<\/strong> Id\u00e9al pour une combinaison de positions assises et debout. Cette hauteur est parfaite pour les environnements de travail o\u00f9 l&rsquo;on alterne de mani\u00e8re flexible entre positions assise et debout, et convient aux tables d&rsquo;une hauteur minimum de 74 cm.<\/li>\n<li><strong>Haut (65 \u2013 87 cm) :<\/strong> Cette variante est sp\u00e9cialement con\u00e7ue comme appui-debout et est optimale pour les surfaces de travail plus \u00e9lev\u00e9es \u00e0 partir d&rsquo;une hauteur de table de 80 cm. Parfait pour toutes les personnes qui travaillent principalement debout et ne veulent pas renoncer au confort d&rsquo;une chaise.<\/li>\n<\/ul>\n\t\t\t\t\t\t\t\t<\/div>\n\t\t\t\t<\/div>\n\t\t\t\t<\/div>\n\t\t<div class=\"elementor-element elementor-element-e1b5b41 e-con-full e-flex e-con e-child\" data-id=\"e1b5b41\" data-element_type=\"container\" data-e-type=\"container\">\n\t\t\t\t<div class=\"elementor-element elementor-element-df7d812 elementor-widget elementor-widget-image\" data-id=\"df7d812\" data-element_type=\"widget\" data-e-type=\"widget\" data-widget_type=\"image.default\">\n\t\t\t\t<div class=\"elementor-widget-container\">\n\t\t\t\t\t\t\t\t\t\t\t\t\t\t\t<img decoding=\"async\" width=\"600\" height=\"600\" src=\"https:\/\/sitz.ch\/wp-content\/uploads\/varier-move-gasfeder-stufenlos-verstellbar-ergopoint-600x600.jpg\" class=\"attachment-medium size-medium wp-image-143105\" alt=\"\" srcset=\"https:\/\/sitz.ch\/wp-content\/uploads\/varier-move-gasfeder-stufenlos-verstellbar-ergopoint-600x600.jpg.webp 600w, https:\/\/sitz.ch\/wp-content\/uploads\/varier-move-gasfeder-stufenlos-verstellbar-ergopoint-1024x1024.jpg.webp 1024w, https:\/\/sitz.ch\/wp-content\/uploads\/varier-move-gasfeder-stufenlos-verstellbar-ergopoint-300x300.jpg.webp 300w, https:\/\/sitz.ch\/wp-content\/uploads\/varier-move-gasfeder-stufenlos-verstellbar-ergopoint-768x768.jpg.webp 768w, https:\/\/sitz.ch\/wp-content\/uploads\/varier-move-gasfeder-stufenlos-verstellbar-ergopoint-1536x1536.jpg.webp 1536w, https:\/\/sitz.ch\/wp-content\/uploads\/varier-move-gasfeder-stufenlos-verstellbar-ergopoint-100x100.jpg.webp 100w, https:\/\/sitz.ch\/wp-content\/uploads\/varier-move-gasfeder-stufenlos-verstellbar-ergopoint-135x135.jpg.webp 135w, https:\/\/sitz.ch\/wp-content\/uploads\/varier-move-gasfeder-stufenlos-verstellbar-ergopoint-64x64.jpg.webp 64w, https:\/\/sitz.ch\/wp-content\/uploads\/varier-move-gasfeder-stufenlos-verstellbar-ergopoint.jpg.webp 2000w\" sizes=\"(max-width: 600px) 100vw, 600px\" title=\"\">\t\t\t\t\t\t\t\t\t\t\t\t\t\t\t<\/div>\n\t\t\t\t<\/div>\n\t\t\t\t<\/div>\n\t\t\t\t\t<\/div>\n\t\t\t\t<\/section>\n\t\t<section class=\"elementor-element elementor-element-6de6414 ergo-f-list e-flex e-con-boxed e-con e-parent\" data-id=\"6de6414\" data-element_type=\"container\" data-e-type=\"container\">\n\t\t\t\t\t<div class=\"e-con-inner\">\n\t\t<div class=\"elementor-element elementor-element-e32183d e-con-full e-flex e-con e-child\" data-id=\"e32183d\" data-element_type=\"container\" data-e-type=\"container\">\n\t\t\t\t<div class=\"elementor-element elementor-element-16d7f73 elementor-widget elementor-widget-heading\" data-id=\"16d7f73\" data-element_type=\"widget\" data-e-type=\"widget\" data-widget_type=\"heading.default\">\n\t\t\t\t<div class=\"elementor-widget-container\">\n\t\t\t\t\t<h3 class=\"elementor-heading-title elementor-size-default\">Protection de sol antid\u00e9rapante<\/h3>\t\t\t\t<\/div>\n\t\t\t\t<\/div>\n\t\t\t\t<div class=\"elementor-element elementor-element-64a1212 elementor-widget elementor-widget-text-editor\" data-id=\"64a1212\" data-element_type=\"widget\" data-e-type=\"widget\" data-widget_type=\"text-editor.default\">\n\t\t\t\t<div class=\"elementor-widget-container\">\n\t\t\t\t\t\t\t\t\t<p>La galoche en caoutchouc pour le tabouret de selle Varier Move offre une adh\u00e9rence s\u00fbre sur les sols lisses et durs et prot\u00e8ge efficacement les sols en bois des marques d&rsquo;utilisation. Elle se glisse simplement sur la base du si\u00e8ge et pr\u00e9vient efficacement les dommages par pression et impacts. Pratique : La galoche en caoutchouc peut \u00e9galement \u00eatre facilement install\u00e9e sur les anciens mod\u00e8les Move\u2122, y compris les chaises Stokke.<\/p>\r\n<p>Gr\u00e2ce \u00e0 la galoche antid\u00e9rapante, la chaise reste stable, m\u00eame sur des surfaces inclin\u00e9es, garantissant ainsi une exp\u00e9rience d&rsquo;utilisation s\u00fbre et confortable.<\/p>\t\t\t\t\t\t\t\t<\/div>\n\t\t\t\t<\/div>\n\t\t\t\t<\/div>\n\t\t<div class=\"elementor-element elementor-element-06c85ae e-con-full e-flex e-con e-child\" data-id=\"06c85ae\" data-element_type=\"container\" data-e-type=\"container\">\n\t\t\t\t<div class=\"elementor-element elementor-element-1b9424f elementor-widget elementor-widget-image\" data-id=\"1b9424f\" data-element_type=\"widget\" data-e-type=\"widget\" data-widget_type=\"image.default\">\n\t\t\t\t<div class=\"elementor-widget-container\">\n\t\t\t\t\t\t\t\t\t\t\t\t\t\t\t<img decoding=\"async\" width=\"600\" height=\"600\" src=\"https:\/\/sitz.ch\/wp-content\/uploads\/varier-move-gummigalosche-schutz-ergopoint-600x600.jpg\" class=\"attachment-medium size-medium wp-image-143108\" alt=\"\" srcset=\"https:\/\/sitz.ch\/wp-content\/uploads\/varier-move-gummigalosche-schutz-ergopoint-600x600.jpg.webp 600w, https:\/\/sitz.ch\/wp-content\/uploads\/varier-move-gummigalosche-schutz-ergopoint-1024x1024.jpg.webp 1024w, https:\/\/sitz.ch\/wp-content\/uploads\/varier-move-gummigalosche-schutz-ergopoint-300x300.jpg.webp 300w, https:\/\/sitz.ch\/wp-content\/uploads\/varier-move-gummigalosche-schutz-ergopoint-768x768.jpg.webp 768w, https:\/\/sitz.ch\/wp-content\/uploads\/varier-move-gummigalosche-schutz-ergopoint-1536x1536.jpg.webp 1536w, https:\/\/sitz.ch\/wp-content\/uploads\/varier-move-gummigalosche-schutz-ergopoint-100x100.jpg.webp 100w, https:\/\/sitz.ch\/wp-content\/uploads\/varier-move-gummigalosche-schutz-ergopoint-135x135.jpg.webp 135w, https:\/\/sitz.ch\/wp-content\/uploads\/varier-move-gummigalosche-schutz-ergopoint-64x64.jpg.webp 64w, https:\/\/sitz.ch\/wp-content\/uploads\/varier-move-gummigalosche-schutz-ergopoint.jpg.webp 2000w\" sizes=\"(max-width: 600px) 100vw, 600px\" title=\"\">\t\t\t\t\t\t\t\t\t\t\t\t\t\t\t<\/div>\n\t\t\t\t<\/div>\n\t\t\t\t<\/div>\n\t\t\t\t\t<\/div>\n\t\t\t\t<\/section>\n\t\t\t\t<\/div>\n\t\t","protected":false},"excerpt":{"rendered":"<p>Le tabouret de selle Varier Move offre une libert\u00e9 de mouvement exceptionnelle et s&rsquo;adapte parfaitement \u00e0 chaque position, de la position assise \u00e0 presque debout. \u00c9quip\u00e9 d&rsquo;une selle ergonomique en forme de triangle, il est id\u00e9al comme chaise de travail principale ou comme compl\u00e9ment \u00e0 la chaise de bureau, en particulier avec des bureaux r\u00e9glables en hauteur. Gr\u00e2ce \u00e0 son cadre raffin\u00e9, fait main, et \u00e0 son r\u00e9glage continu de la hauteur d&rsquo;assise, il peut \u00eatre utilis\u00e9 sur diff\u00e9rents types de sols. Move\u2122 est disponible en trois hauteurs diff\u00e9rentes pour s&rsquo;adapter parfaitement \u00e0 divers besoins et environnements.<\/p>\n","protected":false},"featured_media":160360,"comment_status":"open","ping_status":"closed","template":"","meta":{"_acf_changed":false},"pwb-brand":[82],"product_brand":[],"product_cat":[971,288,198,204],"product_tag":[],"class_list":{"0":"post-152606","1":"product","2":"type-product","3":"status-publish","4":"has-post-thumbnail","6":"pwb-brand-varier","7":"product_cat-adapte-pour-la-demande-ai","8":"product_cat-sieges-assis-debout-ergonomiques","9":"product_cat-tabourets","10":"product_cat-tabourets-de-selle","11":"pa_bezug-fibre-synthetique-bleu-revive-774","12":"pa_bezug-fibre-synthetique-bleu-tonal-66286","13":"pa_bezug-fibre-synthetique-noir-revive-194","14":"pa_bezug-fibre-synthetique-noir-tonal-60999","15":"pa_bezug-fibre-synthetique-rouge-revive-634","16":"pa_bezug-fibre-synthetique-rouge-tonal-64208","17":"tm-has-options","19":"first","20":"instock","21":"sale","22":"featured","23":"taxable","24":"shipping-taxable","25":"purchasable","26":"product-type-variable","27":"has-default-attributes"},"acf":[],"brands":[{"id":82,"name":"Varier","slug":"varier"}],"_links":{"self":[{"href":"https:\/\/sitz.ch\/fr\/wp-json\/wp\/v2\/product\/152606","targetHints":{"allow":["GET"]}}],"collection":[{"href":"https:\/\/sitz.ch\/fr\/wp-json\/wp\/v2\/product"}],"about":[{"href":"https:\/\/sitz.ch\/fr\/wp-json\/wp\/v2\/types\/product"}],"replies":[{"embeddable":true,"href":"https:\/\/sitz.ch\/fr\/wp-json\/wp\/v2\/comments?post=152606"}],"version-history":[{"count":5,"href":"https:\/\/sitz.ch\/fr\/wp-json\/wp\/v2\/product\/152606\/revisions"}],"predecessor-version":[{"id":155244,"href":"https:\/\/sitz.ch\/fr\/wp-json\/wp\/v2\/product\/152606\/revisions\/155244"}],"wp:featuredmedia":[{"embeddable":true,"href":"https:\/\/sitz.ch\/fr\/wp-json\/wp\/v2\/media\/160360"}],"wp:attachment":[{"href":"https:\/\/sitz.ch\/fr\/wp-json\/wp\/v2\/media?parent=152606"}],"wp:term":[{"taxonomy":"pwb-brand","embeddable":true,"href":"https:\/\/sitz.ch\/fr\/wp-json\/wp\/v2\/pwb-brand?post=152606"},{"taxonomy":"product_brand","embeddable":true,"href":"https:\/\/sitz.ch\/fr\/wp-json\/wp\/v2\/product_brand?post=152606"},{"taxonomy":"product_cat","embeddable":true,"href":"https:\/\/sitz.ch\/fr\/wp-json\/wp\/v2\/product_cat?post=152606"},{"taxonomy":"product_tag","embeddable":true,"href":"https:\/\/sitz.ch\/fr\/wp-json\/wp\/v2\/product_tag?post=152606"}],"curies":[{"name":"wp","href":"https:\/\/api.w.org\/{rel}","templated":true}]}}